{"id":9222,"date":"2025-05-13T12:18:09","date_gmt":"2025-05-13T10:18:09","guid":{"rendered":"https:\/\/szomszedbisztro.hu\/?post_type=product&#038;p=9222"},"modified":"2025-06-01T13:16:31","modified_gmt":"2025-06-01T11:16:31","slug":"del-amerika","status":"publish","type":"product","link":"https:\/\/szomszedbisztro.hu\/en\/termek\/del-amerika\/","title":{"rendered":"D\u00e9l-Amerikai vacsoraest"},"content":{"rendered":"<p>A program \u00e1ra az \u00e9telsorral: 24.990 Ft\/f\u0151 + 12% szervizd\u00edj<\/p>\n","protected":false},"excerpt":{"rendered":"Fedezd fel D\u00e9l-Amerika ikonikus fog\u00e1sait \u00e9s izgalmas gasztrokult\u00far\u00e1j\u00e1t egy felejthetetlen est sor\u00e1n!","protected":false},"featured_media":9279,"template":"","meta":{"wp_popup_display_lightbox":0,"wp_popup_suppress":"","wp_popup_trigger":"","wp_popup_trigger_amount":0,"wp_popup_disable_on_mobile":false},"product_brand":[],"product_cat":[75,15],"product_tag":[],"class_list":{"0":"post-9222","1":"product","2":"type-product","3":"status-publish","4":"has-post-thumbnail","6":"product_cat-esemeny","7":"product_cat-egyeb","9":"first","10":"instock","11":"taxable","12":"shipping-taxable","13":"purchasable","14":"product-type-simple"},"_links":{"self":[{"href":"https:\/\/szomszedbisztro.hu\/en\/wp-json\/wp\/v2\/product\/9222","targetHints":{"allow":["GET"]}}],"collection":[{"href":"https:\/\/szomszedbisztro.hu\/en\/wp-json\/wp\/v2\/product"}],"about":[{"href":"https:\/\/szomszedbisztro.hu\/en\/wp-json\/wp\/v2\/types\/product"}],"wp:featuredmedia":[{"embeddable":true,"href":"https:\/\/szomszedbisztro.hu\/en\/wp-json\/wp\/v2\/media\/9279"}],"wp:attachment":[{"href":"https:\/\/szomszedbisztro.hu\/en\/wp-json\/wp\/v2\/media?parent=9222"}],"wp:term":[{"taxonomy":"product_brand","embeddable":true,"href":"https:\/\/szomszedbisztro.hu\/en\/wp-json\/wp\/v2\/product_brand?post=9222"},{"taxonomy":"product_cat","embeddable":true,"href":"https:\/\/szomszedbisztro.hu\/en\/wp-json\/wp\/v2\/product_cat?post=9222"},{"taxonomy":"product_tag","embeddable":true,"href":"https:\/\/szomszedbisztro.hu\/en\/wp-json\/wp\/v2\/product_tag?post=9222"}],"curies":[{"name":"wp","href":"https:\/\/api.w.org\/{rel}","templated":true}]}}