{"id":11086,"date":"2026-04-20T10:40:35","date_gmt":"2026-04-20T08:40:35","guid":{"rendered":"https:\/\/szomszedbisztro.hu\/?post_type=product&#038;p=11086"},"modified":"2026-04-20T14:02:38","modified_gmt":"2026-04-20T12:02:38","slug":"joga-dance-brunch","status":"publish","type":"product","link":"https:\/\/szomszedbisztro.hu\/en\/termek\/joga-dance-brunch\/","title":{"rendered":"Any\u00e1k napi j\u00f3ga dance and brunch"},"content":{"rendered":"<p>Any\u00e1k napi j\u00f3ga dance. R\u00e1\u00e9r\u0151s, j\u00f3ga dance brunchal egybek\u00f6t\u00f6tt j\u00f3ga dance \u00f3ra.<\/p>\n<p>&nbsp;<\/p>\n","protected":false},"excerpt":{"rendered":"9900 Ft + 12% szervizd\u00edj \/f\u0151","protected":false},"featured_media":0,"template":"","meta":{"wp_popup_display_lightbox":0,"wp_popup_suppress":"","wp_popup_trigger":"","wp_popup_trigger_amount":0,"wp_popup_disable_on_mobile":false},"product_brand":[],"product_cat":[75,15],"product_tag":[],"class_list":{"0":"post-11086","1":"product","2":"type-product","3":"status-publish","5":"product_cat-esemeny","6":"product_cat-egyeb","8":"first","9":"instock","10":"taxable","11":"shipping-taxable","12":"purchasable","13":"product-type-simple"},"_links":{"self":[{"href":"https:\/\/szomszedbisztro.hu\/en\/wp-json\/wp\/v2\/product\/11086","targetHints":{"allow":["GET"]}}],"collection":[{"href":"https:\/\/szomszedbisztro.hu\/en\/wp-json\/wp\/v2\/product"}],"about":[{"href":"https:\/\/szomszedbisztro.hu\/en\/wp-json\/wp\/v2\/types\/product"}],"wp:attachment":[{"href":"https:\/\/szomszedbisztro.hu\/en\/wp-json\/wp\/v2\/media?parent=11086"}],"wp:term":[{"taxonomy":"product_brand","embeddable":true,"href":"https:\/\/szomszedbisztro.hu\/en\/wp-json\/wp\/v2\/product_brand?post=11086"},{"taxonomy":"product_cat","embeddable":true,"href":"https:\/\/szomszedbisztro.hu\/en\/wp-json\/wp\/v2\/product_cat?post=11086"},{"taxonomy":"product_tag","embeddable":true,"href":"https:\/\/szomszedbisztro.hu\/en\/wp-json\/wp\/v2\/product_tag?post=11086"}],"curies":[{"name":"wp","href":"https:\/\/api.w.org\/{rel}","templated":true}]}}