{"id":10656,"date":"2026-01-07T21:01:48","date_gmt":"2026-01-07T20:01:48","guid":{"rendered":"https:\/\/szomszedbisztro.hu\/?post_type=product&#038;p=10656"},"modified":"2026-01-23T11:59:13","modified_gmt":"2026-01-23T10:59:13","slug":"sauskaxkolumbiai","status":"publish","type":"product","link":"https:\/\/szomszedbisztro.hu\/en\/termek\/sauskaxkolumbiai\/","title":{"rendered":"Sauska x kolumbiai est"},"content":{"rendered":"<p>A program \u00e1ra az \u00e9telsorral: 34.900 Ft\/f\u0151 + 12% szervizd\u00edj<\/p>\n","protected":false},"excerpt":{"rendered":"Egy csal\u00e1d, k\u00e9t borvid\u00e9k, h\u00e1rom univerzum. A Sauska pince \u00e9rkezik bisztr\u00f3nkba egy \u00fajabb fantasztikusnak \u00edg\u00e9rkez\u0151 borvacsora keretein bel\u00fcl. A borok k\u00f3stol\u00e1s\u00e1t a m\u00e1rka nagyk\u00f6vete, Sebastian Giraldo (2022, 2023, 2024 \u00e9s 2025 Magyar Sommelier bajnoka \u00e9s az \u00c9v Sommelier-je) fogja vel\u00fcnk v\u00e9gig k\u00eds\u00e9rni, az \u00e9teleket pedig mi k\u00e9sz\u00edtj\u00fck, Sebastiannak is kedveskedve, kolumbia \u00edzeit hozzuk el ezen az est\u00e9n.","protected":false},"featured_media":0,"template":"","meta":{"wp_popup_display_lightbox":0,"wp_popup_suppress":"","wp_popup_trigger":"","wp_popup_trigger_amount":0,"wp_popup_disable_on_mobile":false},"product_brand":[],"product_cat":[15],"product_tag":[],"class_list":{"0":"post-10656","1":"product","2":"type-product","3":"status-publish","5":"product_cat-egyeb","7":"first","8":"instock","9":"taxable","10":"shipping-taxable","11":"purchasable","12":"product-type-simple"},"_links":{"self":[{"href":"https:\/\/szomszedbisztro.hu\/en\/wp-json\/wp\/v2\/product\/10656","targetHints":{"allow":["GET"]}}],"collection":[{"href":"https:\/\/szomszedbisztro.hu\/en\/wp-json\/wp\/v2\/product"}],"about":[{"href":"https:\/\/szomszedbisztro.hu\/en\/wp-json\/wp\/v2\/types\/product"}],"wp:attachment":[{"href":"https:\/\/szomszedbisztro.hu\/en\/wp-json\/wp\/v2\/media?parent=10656"}],"wp:term":[{"taxonomy":"product_brand","embeddable":true,"href":"https:\/\/szomszedbisztro.hu\/en\/wp-json\/wp\/v2\/product_brand?post=10656"},{"taxonomy":"product_cat","embeddable":true,"href":"https:\/\/szomszedbisztro.hu\/en\/wp-json\/wp\/v2\/product_cat?post=10656"},{"taxonomy":"product_tag","embeddable":true,"href":"https:\/\/szomszedbisztro.hu\/en\/wp-json\/wp\/v2\/product_tag?post=10656"}],"curies":[{"name":"wp","href":"https:\/\/api.w.org\/{rel}","templated":true}]}}