{"id":10437,"date":"2025-11-17T11:25:34","date_gmt":"2025-11-17T10:25:34","guid":{"rendered":"https:\/\/szomszedbisztro.hu\/?post_type=product&#038;p=10437"},"modified":"2025-12-02T11:15:08","modified_gmt":"2025-12-02T10:15:08","slug":"standrea-vacsora","status":"publish","type":"product","link":"https:\/\/szomszedbisztro.hu\/en\/termek\/standrea-vacsora\/","title":{"rendered":"St.Andrea borvacsora"},"content":{"rendered":"<p>A program \u00e1ra az \u00e9telsorral: 39.900 Ft\/f\u0151 + 12% szervizd\u00edj<\/p>\n","protected":false},"excerpt":{"rendered":"December 17, egy \u00fajabb k\u00fcl\u00f6nleges est a Szomsz\u00e9dban: Egy este ahol a bor mes\u00e9l \u00e9s L\u0151rincz Gy\u00f6rgy tolm\u00e1csolja","protected":false},"featured_media":10422,"template":"","meta":{"wp_popup_display_lightbox":0,"wp_popup_suppress":"","wp_popup_trigger":"","wp_popup_trigger_amount":0,"wp_popup_disable_on_mobile":false},"product_brand":[],"product_cat":[15],"product_tag":[],"class_list":{"0":"post-10437","1":"product","2":"type-product","3":"status-publish","4":"has-post-thumbnail","6":"product_cat-egyeb","8":"first","9":"instock","10":"taxable","11":"shipping-taxable","12":"purchasable","13":"product-type-simple"},"_links":{"self":[{"href":"https:\/\/szomszedbisztro.hu\/en\/wp-json\/wp\/v2\/product\/10437","targetHints":{"allow":["GET"]}}],"collection":[{"href":"https:\/\/szomszedbisztro.hu\/en\/wp-json\/wp\/v2\/product"}],"about":[{"href":"https:\/\/szomszedbisztro.hu\/en\/wp-json\/wp\/v2\/types\/product"}],"wp:featuredmedia":[{"embeddable":true,"href":"https:\/\/szomszedbisztro.hu\/en\/wp-json\/wp\/v2\/media\/10422"}],"wp:attachment":[{"href":"https:\/\/szomszedbisztro.hu\/en\/wp-json\/wp\/v2\/media?parent=10437"}],"wp:term":[{"taxonomy":"product_brand","embeddable":true,"href":"https:\/\/szomszedbisztro.hu\/en\/wp-json\/wp\/v2\/product_brand?post=10437"},{"taxonomy":"product_cat","embeddable":true,"href":"https:\/\/szomszedbisztro.hu\/en\/wp-json\/wp\/v2\/product_cat?post=10437"},{"taxonomy":"product_tag","embeddable":true,"href":"https:\/\/szomszedbisztro.hu\/en\/wp-json\/wp\/v2\/product_tag?post=10437"}],"curies":[{"name":"wp","href":"https:\/\/api.w.org\/{rel}","templated":true}]}}