{"id":10258,"date":"2025-11-05T16:04:22","date_gmt":"2025-11-05T15:04:22","guid":{"rendered":"https:\/\/szomszedbisztro.hu\/?post_type=product&#038;p=10258"},"modified":"2025-12-12T10:06:19","modified_gmt":"2025-12-12T09:06:19","slug":"bejgli-workshop","status":"publish","type":"product","link":"https:\/\/szomszedbisztro.hu\/en\/termek\/bejgli-workshop\/","title":{"rendered":"Bejgli workshop Mercs Emes\u00e9vel"},"content":{"rendered":"<p>A r\u00e9szv\u00e9teli d\u00edj <strong data-start=\"418\" data-end=\"436\">25 000 Ft \/ f\u0151<\/strong>,<br data-start=\"437\" data-end=\"440\" \/>\u00e9s a programra <strong data-start=\"455\" data-end=\"473\">14 \u00e9ves kort\u00f3l<\/strong> v\u00e1rjuk a csokol\u00e1d\u00e9rajong\u00f3kat.<\/p>\n","protected":false},"excerpt":{"rendered":"Megtanuljuk egy\u00fctt a t\u00f6k\u00e9letes t\u00e9szta titkait, a t\u00f6ltel\u00e9k egyens\u00faly\u00e1t, \u00e9s azt a var\u00e1zslatos pillanatot, amikor minden \u00f6ssze\u00e1ll.","protected":false},"featured_media":0,"template":"","meta":{"wp_popup_display_lightbox":0,"wp_popup_suppress":"","wp_popup_trigger":"","wp_popup_trigger_amount":0,"wp_popup_disable_on_mobile":false},"product_brand":[],"product_cat":[15],"product_tag":[],"class_list":{"0":"post-10258","1":"product","2":"type-product","3":"status-publish","5":"product_cat-egyeb","7":"first","8":"outofstock","9":"taxable","10":"shipping-taxable","11":"purchasable","12":"product-type-simple"},"_links":{"self":[{"href":"https:\/\/szomszedbisztro.hu\/en\/wp-json\/wp\/v2\/product\/10258","targetHints":{"allow":["GET"]}}],"collection":[{"href":"https:\/\/szomszedbisztro.hu\/en\/wp-json\/wp\/v2\/product"}],"about":[{"href":"https:\/\/szomszedbisztro.hu\/en\/wp-json\/wp\/v2\/types\/product"}],"wp:attachment":[{"href":"https:\/\/szomszedbisztro.hu\/en\/wp-json\/wp\/v2\/media?parent=10258"}],"wp:term":[{"taxonomy":"product_brand","embeddable":true,"href":"https:\/\/szomszedbisztro.hu\/en\/wp-json\/wp\/v2\/product_brand?post=10258"},{"taxonomy":"product_cat","embeddable":true,"href":"https:\/\/szomszedbisztro.hu\/en\/wp-json\/wp\/v2\/product_cat?post=10258"},{"taxonomy":"product_tag","embeddable":true,"href":"https:\/\/szomszedbisztro.hu\/en\/wp-json\/wp\/v2\/product_tag?post=10258"}],"curies":[{"name":"wp","href":"https:\/\/api.w.org\/{rel}","templated":true}]}}