{"id":10246,"date":"2025-11-05T15:51:15","date_gmt":"2025-11-05T14:51:15","guid":{"rendered":"https:\/\/szomszedbisztro.hu\/?post_type=product&#038;p=10246"},"modified":"2025-11-26T13:05:39","modified_gmt":"2025-11-26T12:05:39","slug":"csokolade-workshop","status":"publish","type":"product","link":"https:\/\/szomszedbisztro.hu\/en\/termek\/csokolade-workshop\/","title":{"rendered":"Adventi Csokol\u00e1d\u00e9 workshop Mercs Emes\u00e9vel"},"content":{"rendered":"<p>A r\u00e9szv\u00e9teli d\u00edj <strong data-start=\"418\" data-end=\"436\">25 000 Ft \/ f\u0151<\/strong>,<br data-start=\"437\" data-end=\"440\" \/>\u00e9s a programra <strong data-start=\"455\" data-end=\"473\">14 \u00e9ves kort\u00f3l<\/strong> v\u00e1rjuk a csokol\u00e1d\u00e9rajong\u00f3kat.<\/p>\n","protected":false},"excerpt":{"rendered":"K\u00e9pzeld el, ahogy az els\u0151 falat lassan elolvad. Ahogy az illat finoman k\u00f6r\u00fcl\u00f6lel. Ahogy a csokol\u00e1d\u00e9 melegs\u00e9get, nyugalmat \u00e9s egy apr\u00f3 mosolyt hoz el\u0151\u2026Pont erre az \u00e9lm\u00e9nyre h\u00edvunk most!","protected":false},"featured_media":0,"template":"","meta":{"wp_popup_display_lightbox":0,"wp_popup_suppress":"","wp_popup_trigger":"","wp_popup_trigger_amount":0,"wp_popup_disable_on_mobile":false},"product_brand":[],"product_cat":[15],"product_tag":[],"class_list":{"0":"post-10246","1":"product","2":"type-product","3":"status-publish","5":"product_cat-egyeb","7":"first","8":"instock","9":"taxable","10":"shipping-taxable","11":"purchasable","12":"product-type-simple"},"_links":{"self":[{"href":"https:\/\/szomszedbisztro.hu\/en\/wp-json\/wp\/v2\/product\/10246","targetHints":{"allow":["GET"]}}],"collection":[{"href":"https:\/\/szomszedbisztro.hu\/en\/wp-json\/wp\/v2\/product"}],"about":[{"href":"https:\/\/szomszedbisztro.hu\/en\/wp-json\/wp\/v2\/types\/product"}],"wp:attachment":[{"href":"https:\/\/szomszedbisztro.hu\/en\/wp-json\/wp\/v2\/media?parent=10246"}],"wp:term":[{"taxonomy":"product_brand","embeddable":true,"href":"https:\/\/szomszedbisztro.hu\/en\/wp-json\/wp\/v2\/product_brand?post=10246"},{"taxonomy":"product_cat","embeddable":true,"href":"https:\/\/szomszedbisztro.hu\/en\/wp-json\/wp\/v2\/product_cat?post=10246"},{"taxonomy":"product_tag","embeddable":true,"href":"https:\/\/szomszedbisztro.hu\/en\/wp-json\/wp\/v2\/product_tag?post=10246"}],"curies":[{"name":"wp","href":"https:\/\/api.w.org\/{rel}","templated":true}]}}