{"id":6334,"date":"2024-01-24T03:12:19","date_gmt":"2024-01-24T02:12:19","guid":{"rendered":"https:\/\/szomszedbisztro.hu\/?page_id=6334"},"modified":"2025-07-10T15:44:23","modified_gmt":"2025-07-10T13:44:23","slug":"drinks","status":"publish","type":"page","link":"https:\/\/szomszedbisztro.hu\/en\/drinks\/","title":{"rendered":"Drinks"},"content":{"rendered":"<figure class=\"wp-block-flexible-table-block-table\" style=\"border-style:none;border-width:0px\"><table class=\"has-fixed-layout\"><tbody><tr><td style=\"font-size:18px\"><strong>MINERAL WATER \/ SOFT BEVERAGES \/ LEMONADES \/ JUICES<\/strong><\/td><td style=\"width:100px\"><\/td><td style=\"width:100px\"><\/td><\/tr><tr><td><\/td><td style=\"width:100px\"><\/td><td style=\"width:100px\"><\/td><\/tr><tr><td>Szomsz\u00e9d filtered water \/0.70\/ still, sparkling<\/td><td>890,-<\/td><td><\/td><\/tr><tr><td>San Pellegrino, Aqua Panna \/0,25\/<\/td><td style=\"width:100px\">600,-<\/td><td style=\"width:100px\"><\/td><\/tr><tr><td>San Pellegrino, Aqua Panna \/0,75\/<\/td><td style=\"width:100px\">1200,-<\/td><td style=\"width:100px\"><\/td><\/tr><tr><td>Coca-Cola, Coca-Cola Zero \/0,25\/<\/td><td style=\"width:100px\">690,-<\/td><td style=\"width:100px\"><\/td><\/tr><tr><td>Cappy apple, peach, orange 100% \/0,25\/<\/td><td style=\"width:100px\">690,-<\/td><td style=\"width:100px\"><\/td><\/tr><tr><td>Fever Tree Tonic Water \/0.20\/<\/td><td style=\"width:100px\">990,-<\/td><td style=\"width:100px\"><\/td><\/tr><tr><td>Thomas Henry non-alcoholic ginger beer \/0.2\/<\/td><td>990,-<\/td><td><\/td><\/tr><tr><td><\/td><td><\/td><td><\/td><\/tr><tr><td style=\"font-size:18px\"><\/td><td style=\"width:100px\"><strong>3dl<\/strong><\/td><td style=\"width:100px\"><strong>5dl<\/strong><\/td><\/tr><tr><td><\/td><td><\/td><td><\/td><\/tr><tr><td>Home-made Ice Tea<\/td><td style=\"width:100px\">800,-<\/td><td style=\"width:100px\">1200,-<\/td><\/tr><tr><td>Home-made lemonade<\/td><td style=\"width:100px\">800,-<\/td><td style=\"width:100px\">1200,-<\/td><\/tr><tr><td>Home-made raspberry soda<\/td><td style=\"width:100px\">800,-<\/td><td style=\"width:100px\">1200,-<\/td><\/tr><tr><td>Home-made elderberry soda<\/td><td style=\"width:100px\">800,-<\/td><td style=\"width:100px\">1200,-<\/td><\/tr><tr><td>Elderflower &amp; Cucumber lemonade<\/td><td style=\"width:100px\">800,-<\/td><td style=\"width:100px\">1200,-<\/td><\/tr><tr><td><\/td><td style=\"width:100px\"><\/td><td style=\"width:100px\"><\/td><\/tr><tr><td><strong>GIN<\/strong><\/td><td><strong>4cl<\/strong><\/td><td><\/td><\/tr><tr><td><\/td><td><\/td><td><\/td><\/tr><tr><td>Hendrick~s<\/td><td>1900,-<\/td><td><\/td><\/tr><tr><td>Bombay Sapphire<\/td><td>1700,-<\/td><td><\/td><\/tr><tr><td>Tanqueray No 10<\/td><td>2200,-<\/td><td><\/td><\/tr><tr><td>Malfy Pink Grapefruit<\/td><td>2400,-<\/td><td><\/td><\/tr><tr><td>Mrs. Millicent<\/td><td>1900,-<\/td><td><\/td><\/tr><tr><td>June (Royal pear&amp;caradmon)<\/td><td>1900,-<\/td><td><\/td><\/tr><tr><td>Knut Hansen 0%<\/td><td>1590,-<\/td><td><\/td><\/tr><tr><td><\/td><td><\/td><td><\/td><\/tr><tr><td style=\"font-size:18px\"><strong>WHISKEY<\/strong><\/td><td style=\"width:100px\"><strong>4cl<\/strong><\/td><td style=\"width:100px\"><strong>2cl<\/strong><\/td><\/tr><tr><td><\/td><td style=\"width:100px\"><\/td><td style=\"width:100px\"><\/td><\/tr><tr><td>Glenmorangie 10 Year 40%<\/td><td style=\"width:100px\">2600,-<\/td><td style=\"width:100px\">1300,-<\/td><\/tr><tr><td>Chivas Regal 13 Year 40%<\/td><td style=\"width:100px\">3000,-<\/td><td style=\"width:100px\">1500,-<\/td><\/tr><tr><td>Laphroaig Quarter Cask 48%<\/td><td style=\"width:100px\">3200,-<\/td><td style=\"width:100px\">1600,-<\/td><\/tr><tr><td>Jack Daniel\u2019s Black Label 40%<\/td><td style=\"width:100px\">2600,-<\/td><td style=\"width:100px\">1300,-<\/td><\/tr><tr><td>Jack Daniel\u2019s Single Barrel 45%<\/td><td style=\"width:100px\">3000,-<\/td><td style=\"width:100px\">1500,-<\/td><\/tr><tr><td>Maker\u2019s Mark 45%<\/td><td style=\"width:100px\">2600,-<\/td><td style=\"width:100px\">1300,-<\/td><\/tr><tr><td>Tullamore Dew 40%<\/td><td style=\"width:100px\">2600,-<\/td><td style=\"width:100px\">1300,-<\/td><\/tr><tr><td>Jameson 40%<\/td><td style=\"width:100px\">2600,-<\/td><td style=\"width:100px\">1300,-<\/td><\/tr><tr><td><\/td><td><\/td><td><\/td><\/tr><tr><td style=\"font-size:18px\"><strong>RUM<\/strong><\/td><td style=\"width:100px\"><strong>4cl<\/strong><\/td><td style=\"width:100px\"><strong>2cl<\/strong><\/td><\/tr><tr><td><\/td><td style=\"width:100px\"><\/td><td style=\"width:100px\"><\/td><\/tr><tr><td>Matusalem Platino 40%<\/td><td style=\"width:100px\">2100.-<\/td><td style=\"width:100px\">1100.-<\/td><\/tr><tr><td>Remedy Spiced Rum 41,5\u00b0%<\/td><td style=\"width:100px\">2700.-<\/td><td style=\"width:100px\">1400.-<\/td><\/tr><tr><td>Kraken Black Spiced 40%<\/td><td style=\"width:100px\">2700.-<\/td><td style=\"width:100px\">1400.-<\/td><\/tr><tr><td>Diplomatico Reserva Exclusiva 40%<\/td><td style=\"width:100px\">3100.-<\/td><td style=\"width:100px\">1600.-<\/td><\/tr><tr><td>Don Papa Baroko<\/td><td style=\"width:100px\">3300.-<\/td><td style=\"width:100px\">1700.-<\/td><\/tr><tr><td>Rum Zacapa Centenario No.23 40%<\/td><td style=\"width:100px\">3900.-<\/td><td style=\"width:100px\">2000.-<\/td><\/tr><tr><td><\/td><td><\/td><td><\/td><\/tr><tr><td style=\"font-size:18px\"><strong>VODKA<\/strong><\/td><td style=\"width:100px\"><strong>4cl<\/strong><\/td><td style=\"width:100px\"><strong>2cl<\/strong><\/td><\/tr><tr><td><\/td><td style=\"width:100px\"><\/td><td style=\"width:100px\"><\/td><\/tr><tr><td>Grey Goose 40%<\/td><td style=\"width:100px\">2200.-<\/td><td style=\"width:100px\">1100.-<\/td><\/tr><tr><td>Belvedere 40%<\/td><td style=\"width:100px\">1990.-<\/td><td style=\"width:100px\">995.-<\/td><\/tr><tr><td><\/td><td><\/td><td><\/td><\/tr><tr><td><strong>TEQUILA<\/strong><\/td><td><strong>4cl<\/strong><\/td><td><\/td><\/tr><tr><td><\/td><td><\/td><td><\/td><\/tr><tr><td>Olmeca Blanco<\/td><td>1990,-<\/td><td><\/td><\/tr><tr><td>Don Julio 1942<\/td><td>7900,-<\/td><td><\/td><\/tr><tr><td><\/td><td><\/td><td><\/td><\/tr><tr><td style=\"font-size:18px\"><strong>COGNAC<\/strong><\/td><td style=\"width:100px\"><strong>4cl<\/strong><\/td><td style=\"width:100px\"><strong>2cl<\/strong><\/td><\/tr><tr><td><\/td><td style=\"width:100px\"><\/td><td style=\"width:100px\"><\/td><\/tr><tr><td>Martell XO Cognac 40%<\/td><td style=\"width:100px\">5600.-<\/td><td style=\"width:100px\">2800.-<\/td><\/tr><tr><td><\/td><td><\/td><td><\/td><\/tr><tr><td style=\"font-size:18px\"><strong>APERITIF<\/strong><\/td><td style=\"width:100px\"><strong>4cl<\/strong><\/td><td style=\"width:100px\"><strong>2cl<\/strong><\/td><\/tr><tr><td><\/td><td style=\"width:100px\"><\/td><td style=\"width:100px\"><\/td><\/tr><tr><td>A G\u00f6nci \u2013 G\u00f6nci apricot 45%<\/td><td style=\"width:100px\">2400.-<\/td><td style=\"width:100px\">1200.-<\/td><\/tr><tr><td>\u00c1rp\u00e1d \u2013 Lepotica Plum<\/td><td style=\"width:100px\">2250.-<\/td><td style=\"width:100px\">1150.-<\/td><\/tr><tr><td>\u00c1rp\u00e1d \u2013 Red Pear<\/td><td style=\"width:100px\">3090.-<\/td><td style=\"width:100px\">1590.-<\/td><\/tr><tr><td>\u00c1rp\u00e1d \u2013 Quince<\/td><td style=\"width:100px\">3090.-<\/td><td style=\"width:100px\">1590.-<\/td><\/tr><tr><td>\u00c1rp\u00e1d \u2013 Strawberry<\/td><td style=\"width:100px\">4090.-<\/td><td style=\"width:100px\">2070.-<\/td><\/tr><tr><td>\u00c1rp\u00e1d \u2013 Raspberry<\/td><td style=\"width:100px\">4500.-<\/td><td style=\"width:100px\">2250.-<\/td><\/tr><tr><td>\u00c1rp\u00e1d \u2013 Double aged apricot<\/td><td style=\"width:100px\">5980.-<\/td><td style=\"width:100px\">2990.-<\/td><\/tr><tr><td>\u00c1rp\u00e1d \u2013 Double aged plum<\/td><td style=\"width:100px\">5980.-<\/td><td style=\"width:100px\">2990.-<\/td><\/tr><tr><td>\u00c1rp\u00e1d \u2013 Novum Esszencia Szilva<\/td><td style=\"width:100px\">4250.-<\/td><td style=\"width:100px\"><\/td><\/tr><tr><td><\/td><td><\/td><td><\/td><\/tr><tr><td style=\"font-size:18px\"><strong>LIQUORS AND DIGESTIFS<\/strong><\/td><td style=\"width:100px\"><strong>4cl<\/strong><\/td><td style=\"width:100px\"><strong>2cl<\/strong><\/td><\/tr><tr><td><\/td><td style=\"width:100px\"><\/td><td style=\"width:100px\"><\/td><\/tr><tr><td>Unicum<\/td><td>1600,-<\/td><td>800,-<\/td><\/tr><tr><td>Jagermeister<\/td><td style=\"width:100px\">1600.-<\/td><td style=\"width:100px\">800.-<\/td><\/tr><tr><td>Limoncello di Capri 30%<\/td><td style=\"width:100px\">1600.-<\/td><td style=\"width:100px\">800.-<\/td><\/tr><tr><td>Unicum Riserva 40%<\/td><td style=\"width:100px\">2000.-<\/td><td style=\"width:100px\">1000.-<\/td><\/tr><tr><td>Baileys 17%<\/td><td style=\"width:100px\">1200.-<\/td><td style=\"width:100px\"><\/td><\/tr><tr><td>St. German<\/td><td>2100,-<\/td><td><\/td><\/tr><tr><td><\/td><td><\/td><td><\/td><\/tr><tr><td><\/td><td><strong>6cl<\/strong><\/td><td><\/td><\/tr><tr><td>Moena Wermut<\/td><td>1600,-<\/td><td><\/td><\/tr><tr><td><\/td><td><\/td><td><\/td><\/tr><tr><td style=\"font-size:18px\"><strong>DRAFT BEERS<\/strong><\/td><td style=\"width:100px\"><\/td><td style=\"width:100px\"><\/td><\/tr><tr><td><\/td><td style=\"width:100px\"><\/td><td style=\"width:100px\"><\/td><\/tr><tr><td>Guest beer 0,4<\/td><td style=\"width:100px\">1500.-<\/td><td style=\"width:100px\"><\/td><\/tr><tr><td>Estrella Damm 0,4<\/td><td style=\"width:100px\">1500.-<\/td><td style=\"width:100px\"><\/td><\/tr><tr><td><\/td><td><\/td><td><\/td><\/tr><tr><td style=\"font-size:18px\"><strong>BOTTLED OR CANNED BEERS<\/strong><\/td><td style=\"width:100px\"><\/td><td style=\"width:100px\"><\/td><\/tr><tr><td><\/td><td style=\"width:100px\"><\/td><td style=\"width:100px\"><\/td><\/tr><tr><td>Horizont Rebel Berry \/0,33\/<\/td><td style=\"width:100px\">1200.-<\/td><td style=\"width:100px\"><\/td><\/tr><tr><td>Pannonhalmi F\u0151ap\u00e1ts\u00e1g Dubbel barna \/0,33\/<\/td><td style=\"width:100px\">1200.-<\/td><td style=\"width:100px\"><\/td><\/tr><tr><td>Clausthaler classic a.m. \/0,33\/<\/td><td style=\"width:100px\">1200.-<\/td><td style=\"width:100px\"><\/td><\/tr><tr><td>Clausthaler lemon a.m. \/0,33\/<\/td><td style=\"width:100px\">1200.-<\/td><td style=\"width:100px\"><\/td><\/tr><tr><td><\/td><td style=\"width:100px\"><\/td><td style=\"width:100px\"><\/td><\/tr><tr><td><strong>COCKTAILS<\/strong><\/td><td><\/td><td><\/td><\/tr><tr><td><\/td><td><\/td><td><\/td><\/tr><tr><td>Dulce Andes<\/td><td>3990.-<\/td><td><\/td><\/tr><tr><td>Espresso Martini<\/td><td>3990.-<\/td><td><\/td><\/tr><tr><td>Negroni<\/td><td>3990.-<\/td><td><\/td><\/tr><tr><td>Margarita<\/td><td>3490.-<\/td><td><\/td><\/tr><tr><td>P*rnstar Martini<\/td><td>4490.-<\/td><td><\/td><\/tr><tr><td>Paper Plane<\/td><td>3990.-<\/td><td><\/td><\/tr><tr><td>The Fifth Taste<\/td><td>3990.-<\/td><td><\/td><\/tr><tr><td>Eggnog Fizz<\/td><td>3990.-<\/td><td><\/td><\/tr><tr><td>Afternoon Bliss<\/td><td>4390.-<\/td><td><\/td><\/tr><tr><td><\/td><td><\/td><td><\/td><\/tr><tr><td style=\"font-size:18px\"><strong>LONG DRINKS<\/strong><\/td><td style=\"width:100px\"><\/td><td style=\"width:100px\"><\/td><\/tr><tr><td><\/td><td style=\"width:100px\"><\/td><td style=\"width:100px\"><\/td><\/tr><tr><td>Ruby Aperol spritz<\/td><td style=\"width:100px\">2500.-<\/td><td style=\"width:100px\"><\/td><\/tr><tr><td style=\"font-size:12px\"><em>Pampelle Ruby Ap\u00e9ro, sparkling wine, orange, soda water<\/em><\/td><td style=\"width:100px\"><\/td><td style=\"width:100px\"><\/td><\/tr><tr><td>Ginger bubble<\/td><td style=\"width:100px\">2900.-<\/td><td style=\"width:100px\"><\/td><\/tr><tr><td style=\"font-size:12px\"><em>\u00c1rp\u00e1d ginger distillate, Britvic Ginger Ale, cardamom, lime<\/em><\/td><td style=\"width:100px\"><\/td><td style=\"width:100px\"><\/td><\/tr><tr><td>Pink Fruit Tonic<\/td><td style=\"width:100px\">3200.-<\/td><td style=\"width:100px\"><\/td><\/tr><tr><td style=\"font-size:12px\"><em>Malfy Pink gin, F&amp;S rhubarb tonic water, Persian rose, lime, mint<\/em><\/td><td style=\"width:100px\"><\/td><td style=\"width:100px\"><\/td><\/tr><tr><td><\/td><td><\/td><td><\/td><\/tr><tr><td style=\"font-size:18px\"><strong>COFFEE \/ TEA<\/strong><\/td><td style=\"width:100px\"><\/td><td style=\"width:100px\"><\/td><\/tr><tr><td><\/td><td style=\"width:100px\"><\/td><td style=\"width:100px\"><\/td><\/tr><tr><td>Ristretto<\/td><td style=\"width:100px\">690.-<\/td><td style=\"width:100px\"><\/td><\/tr><tr><td>Espresso<\/td><td style=\"width:100px\">690.-<\/td><td style=\"width:100px\"><\/td><\/tr><tr><td>Macchiato<\/td><td style=\"width:100px\">750.-<\/td><td style=\"width:100px\"><\/td><\/tr><tr><td>Cappuccino<\/td><td style=\"width:100px\">850.-<\/td><td style=\"width:100px\"><\/td><\/tr><tr><td>Cortado<\/td><td style=\"width:100px\">990.-<\/td><td style=\"width:100px\"><\/td><\/tr><tr><td>Flat white<\/td><td style=\"width:100px\">1290.-<\/td><td style=\"width:100px\"><\/td><\/tr><tr><td>Caffe Latte<\/td><td style=\"width:100px\">990.-<\/td><td style=\"width:100px\"><\/td><\/tr><tr><td>Matcha Latte<\/td><td style=\"width:100px\">1650.-<\/td><td style=\"width:100px\"><\/td><\/tr><tr><td>Hot chocolate<\/td><td style=\"width:100px\">990.-<\/td><td style=\"width:100px\"><\/td><\/tr><tr><td>Milk alternative<\/td><td style=\"width:100px\">+300.-<\/td><td style=\"width:100px\"><\/td><\/tr><tr><td><\/td><td><\/td><td><\/td><\/tr><tr><td>Espresso Tonic<\/td><td>1590.-<\/td><td><\/td><\/tr><tr><td>Irish coffee<\/td><td>2490.-<\/td><td><\/td><\/tr><tr><td>La Via -del T\u00e9 \u2013 Firenze<\/td><td style=\"width:100px\">1290.-<\/td><td style=\"width:100px\"><\/td><\/tr><\/tbody><\/table><\/figure>","protected":false},"excerpt":{"rendered":"","protected":false},"author":6,"featured_media":7045,"parent":0,"menu_order":0,"comment_status":"closed","ping_status":"closed","template":"","meta":{"wp_popup_display_lightbox":0,"wp_popup_suppress":"","wp_popup_trigger":"","wp_popup_trigger_amount":0,"wp_popup_disable_on_mobile":false,"footnotes":""},"class_list":["post-6334","page","type-page","status-publish","has-post-thumbnail","hentry"],"_links":{"self":[{"href":"https:\/\/szomszedbisztro.hu\/en\/wp-json\/wp\/v2\/pages\/6334","targetHints":{"allow":["GET"]}}],"collection":[{"href":"https:\/\/szomszedbisztro.hu\/en\/wp-json\/wp\/v2\/pages"}],"about":[{"href":"https:\/\/szomszedbisztro.hu\/en\/wp-json\/wp\/v2\/types\/page"}],"author":[{"embeddable":true,"href":"https:\/\/szomszedbisztro.hu\/en\/wp-json\/wp\/v2\/users\/6"}],"replies":[{"embeddable":true,"href":"https:\/\/szomszedbisztro.hu\/en\/wp-json\/wp\/v2\/comments?post=6334"}],"version-history":[{"count":4,"href":"https:\/\/szomszedbisztro.hu\/en\/wp-json\/wp\/v2\/pages\/6334\/revisions"}],"predecessor-version":[{"id":9448,"href":"https:\/\/szomszedbisztro.hu\/en\/wp-json\/wp\/v2\/pages\/6334\/revisions\/9448"}],"wp:featuredmedia":[{"embeddable":true,"href":"https:\/\/szomszedbisztro.hu\/en\/wp-json\/wp\/v2\/media\/7045"}],"wp:attachment":[{"href":"https:\/\/szomszedbisztro.hu\/en\/wp-json\/wp\/v2\/media?parent=6334"}],"curies":[{"name":"wp","href":"https:\/\/api.w.org\/{rel}","templated":true}]}}