{"id":6331,"date":"2024-01-24T00:31:36","date_gmt":"2024-01-23T23:31:36","guid":{"rendered":"https:\/\/szomszedbisztro.hu\/etlap\/"},"modified":"2026-02-01T16:09:12","modified_gmt":"2026-02-01T15:09:12","slug":"menu","status":"publish","type":"page","link":"https:\/\/szomszedbisztro.hu\/en\/menu\/","title":{"rendered":"Menu"},"content":{"rendered":"<h3 class=\"wp-block-heading\">STARTERS &#8211;<\/h3><figure class=\"wp-block-table alignwide etlap-table\"><table><tbody><tr><td><strong>Steak tartare, marinated egg, focaccia<\/strong><\/td><td><\/td><td><p>6290.-<\/p><\/td><\/tr><tr><td><strong>Beetroot, goat cheese, pomegranate<\/strong><\/td><td><\/td><td><p>5490.-<\/p><\/td><\/tr><tr><td><strong>Veal tongue, duck liver, fresh herb salad<\/strong><\/td><td><\/td><td><p>7590.-<\/p><\/td><\/tr><\/tbody><\/table><\/figure><h3 class=\"wp-block-heading\">SOUPS &#8211;<\/h3><figure class=\"wp-block-table alignwide etlap-table\"><table><tbody><tr><td><strong>Duck Ramen, smoked duck breast, chili<\/strong><\/td><td><\/td><td><p>4990.-<\/p><\/td><\/tr><tr><td><strong>Borscht soup, dill, sour cream foam<\/strong><\/td><td><\/td><td><p>4390.-<\/p><\/td><\/tr><tr><td><strong>Jerusalem artichoke, tapioca, green apple<\/strong><\/td><td><\/td><td>3990.-<\/td><\/tr><\/tbody><\/table><\/figure><h3 class=\"wp-block-heading\">MAIN DISHES &#8211;<\/h3><figure class=\"wp-block-table alignwide etlap-table\"><table><tbody><tr><td><strong>Pork cheek, potato dumplings, Eszterh\u00e1zy sauce<\/strong><\/td><td><\/td><td><p>6990.-<\/p><\/td><\/tr><tr><td><strong>Chicken supreme, potatoes, jus<\/strong><\/td><td><\/td><td><p>6590.-<\/p><\/td><\/tr><tr><td><strong>Mangalica tenderloin, potatoes gratin, mushrooms<\/strong><\/td><td><\/td><td><p>7190.-<\/p><\/td><\/tr><tr><td><span style=\"color:#000000;\"><strong>Beef Stroganoff with sirloin, sweet potato, cucumber relish<\/strong><\/span><\/td><td><\/td><td><p>12900.-<\/p><\/td><\/tr><tr><td><strong>Ossobuco, celery \u201erisotto\u201d, chimichurri<strong>&nbsp;<\/strong><\/strong><\/td><td><\/td><td>8490.-<\/td><\/tr><tr><td><strong>Zander, cottage cheese noodles, shrimp<\/strong><\/td><td><\/td><td><p>8490.-<\/p><\/td><\/tr><tr><td><strong>Angus steak, truffle mashed potatoes, brussels sprouts<\/strong><\/td><td><\/td><td><p>16900.-<\/p><\/td><\/tr><tr><td><span style=\"color:#000000;\"><strong>Celery steak, hazelnut, apple<\/strong><\/span><\/td><td><\/td><td><p>5490.-<\/p><\/td><\/tr><tr><td><strong>\u201eWiener Schnitzel\u201d of mangalica, parsley potatoes, cucumber salad<\/strong><\/td><td><\/td><td>6990.-<\/td><\/tr><\/tbody><\/table><\/figure><p><\/p><h3 class=\"wp-block-heading\">DESSERTS &#8211;<\/h3><figure class=\"wp-block-table alignwide etlap-table\"><table><tbody><tr><td><strong>Dark chocolate, tonka beans, beetroot<\/strong><\/td><td><\/td><td><p>3990.-<\/p><\/td><\/tr><tr><td><span style=\"color:#000000;\"><strong>White chocolate, orange, fig<\/strong><\/span><\/td><td><\/td><td><p>3990<span style=\"font-size: revert; font-family: inherit; font-weight: inherit; color: initial;\">.-<\/span><\/p><\/td><\/tr><tr><td><strong>Bramble-apple crumble, homemade vanilla ice-cream<\/strong><\/td><td><\/td><td><p>3990.-<\/p><\/td><\/tr><\/tbody><\/table><\/figure><h3 class=\"wp-block-heading\">SZOMSZ\u00c9D EXPERIENCE &#8211;<\/h3><figure class=\"wp-block-table alignwide etlap-table\"><table><tbody><tr><td class=\"has-text-align-left\" data-align=\"left\"><em>Shared tasting for 2 people<\/em><\/td><td><\/td><td>29 990.-<\/td><\/tr><tr><td class=\"has-text-align-left\" data-align=\"left\"><\/td><td><\/td><td><\/td><\/tr><tr><td class=\"has-text-align-left\" data-align=\"left\"><strong>Beetroot, goat cheese, pomegranate<br><\/strong><br><strong>Veal tongue, duck liver, fresh herbs salad<br><\/strong><br><strong>Jerusalem artichoke, tapioca, green apple<br><\/strong><br><strong>Celery steak, hazelnut, apple<br><\/strong><br><strong>Mangalica tenderloin, potato gratin, mushrooms<\/strong><br><strong><br>Zander K\u00e1rp\u00e1ti, cottage cheese noodles, shrimp<\/strong><\/td><td><\/td><td><\/td><\/tr><\/tbody><\/table><\/figure><p><\/p><h3 class=\"wp-block-heading\">Neapolitan pizzas from the oven &#8211; 32cm<\/h3><h4 class=\"wp-block-heading\">Choose with wine for the complete experience<\/h4><h5 class=\"wp-block-heading\">Pizza in red<\/h5><figure class=\"wp-block-table alignwide etlap-table\"><table><tbody><tr><td><span style=\"color:#000000;\"><strong><span style=\"color:#000000;\"><strong>Margherita<\/strong><\/span>&nbsp;<\/strong><\/span><br>(tomato, fior di latte, grana padano, mozzarella, basil)<br><span><img decoding=\"async\" height=\"30\" title=\"G\" class=\"allergen-img\" src=\"https:\/\/szomszedbisztro.hu\/allergenek\/gluten-100.png\" alt=\"G\"><span><img decoding=\"async\" height=\"30\" title=\"L\" class=\"allergen-img\" src=\"https:\/\/szomszedbisztro.hu\/allergenek\/tej-100.png\" alt=\"L\"><\/span><img decoding=\"async\" height=\"30\" title=\"P\" class=\"allergen-img\" src=\"https:\/\/szomszedbisztro.hu\/allergenek\/lupin-100.png\" alt=\"P\"><\/span><br><em>Pannonhalmi Ap\u00e1ts\u00e1g Hemina<\/em><\/td><td><\/td><td><p>3490.-<\/p><\/td><\/tr><tr><td><span style=\"color:#000000;\"><strong><span style=\"color:#000000;\"><strong>Prosciutto Cotto<\/strong><\/span>&nbsp;<\/strong><\/span><br>(tomato, fior di latte, prosciutto cotto)<br>(+sweet corn \/ +mushroom   +500.-\/topping)<br><span><img decoding=\"async\" height=\"30\" title=\"G\" class=\"allergen-img\" src=\"https:\/\/szomszedbisztro.hu\/allergenek\/gluten-100.png\" alt=\"G\"><img decoding=\"async\" height=\"30\" title=\"L\" class=\"allergen-img\" src=\"https:\/\/szomszedbisztro.hu\/allergenek\/tej-100.png\" alt=\"L\"><img decoding=\"async\" height=\"30\" title=\"P\" class=\"allergen-img\" src=\"https:\/\/szomszedbisztro.hu\/allergenek\/lupin-100.png\" alt=\"P\"><\/span><br><em>Szomsz\u00e9d Furmint-H\u00e1rslevel\u0171<\/em><\/td><td><\/td><td><p>3690.-<\/p><\/td><\/tr><tr><td><strong>Salame di Napoli<br><\/strong>(tomato, fior di latte, salame Napoli)<br>(+sweet corn \/ +mushroom   +500.-\/topping)<br><span><img decoding=\"async\" height=\"30\" title=\"G\" class=\"allergen-img\" src=\"https:\/\/szomszedbisztro.hu\/allergenek\/gluten-100.png\" alt=\"G\"><img decoding=\"async\" height=\"30\" title=\"L\" class=\"allergen-img\" src=\"https:\/\/szomszedbisztro.hu\/allergenek\/tej-100.png\" alt=\"L\"><img decoding=\"async\" height=\"30\" title=\"P\" class=\"allergen-img\" src=\"https:\/\/szomszedbisztro.hu\/allergenek\/lupin-100.png\" alt=\"P\"><\/span><br><em>Steigler K\u00e9kfrankos<\/em><\/td><td><\/td><td><p>3790.-<\/p><\/td><\/tr><tr><td><span style=\"color:#000000;\"><strong>Salsiccia<\/strong><\/span><br>(tomato, fior di latte, purple onion, bell pepper, Ventricina sausege, spicy salami Napoli, pepperoni)<br><span><img decoding=\"async\" height=\"30\" title=\"G\" class=\"allergen-img\" src=\"https:\/\/szomszedbisztro.hu\/allergenek\/gluten-100.png\" alt=\"G\"><img decoding=\"async\" height=\"30\" title=\"L\" class=\"allergen-img\" src=\"https:\/\/szomszedbisztro.hu\/allergenek\/tej-100.png\" alt=\"L\"><img decoding=\"async\" height=\"30\" title=\"P\" class=\"allergen-img\" src=\"https:\/\/szomszedbisztro.hu\/allergenek\/lupin-100.png\" alt=\"P\"><\/span><br><em>Kiss G\u00e1bor Cabernet Franc Sikl\u00f3s<\/em><\/td><td><\/td><td><p>4090.-<\/p><\/td><\/tr><tr><td><span style=\"color:#000000;\"><strong>Colori d\u2019Italia&nbsp;<\/strong><\/span><br>(tomato, fior di latte, fresh tomatoes, spinach, cheese cream)<br><span><img decoding=\"async\" height=\"30\" title=\"G\" class=\"allergen-img\" src=\"https:\/\/szomszedbisztro.hu\/allergenek\/gluten-100.png\" alt=\"G\"><img decoding=\"async\" height=\"30\" title=\"L\" class=\"allergen-img\" src=\"https:\/\/szomszedbisztro.hu\/allergenek\/tej-100.png\" alt=\"L\"><img decoding=\"async\" height=\"30\" title=\"P\" class=\"allergen-img\" src=\"https:\/\/szomszedbisztro.hu\/allergenek\/lupin-100.png\" alt=\"P\"><\/span><br><em>Valpiana Prosecco Brut D.O.C.<\/em><\/td><td><\/td><td><p>3990.-<\/p><\/td><\/tr><tr><td><span style=\"color:#000000;\"><strong>Tonno&nbsp;<\/strong><\/span><br><span style=\"color:#000000;\">(tomato, fior di latte, purple onion, tuna, cheese cream)<\/span><br><span><img decoding=\"async\" height=\"30\" title=\"G\" class=\"allergen-img\" src=\"https:\/\/szomszedbisztro.hu\/allergenek\/gluten-100.png\" alt=\"G\"><img decoding=\"async\" height=\"30\" title=\"L\" class=\"allergen-img\" src=\"https:\/\/szomszedbisztro.hu\/allergenek\/tej-100.png\" alt=\"L\"><img decoding=\"async\" height=\"30\" title=\"P\" class=\"allergen-img\" src=\"https:\/\/szomszedbisztro.hu\/allergenek\/lupin-100.png\" alt=\"P\"><img decoding=\"async\" height=\"30\" title=\"tengeri halak\" class=\"allergen-img\" src=\"https:\/\/szomszedbisztro.hu\/allergenek\/hal-100.png\" alt=\"tengeri halak\"><\/span><br><em>Gellavilla Sz\u0151l\u0151si Olaszrizling<\/em><\/td><td><\/td><td><p>4490.-<\/p><\/td><\/tr><tr><td><span style=\"color:#000000;\"><strong>Salame Pepperoni<\/strong><\/span><br>(tomato, fior di latte, pepperoni salami, mozzarella, grana padano, basil)<br><span><img decoding=\"async\" height=\"30\" title=\"G\" class=\"allergen-img\" src=\"https:\/\/szomszedbisztro.hu\/allergenek\/gluten-100.png\" alt=\"G\"><img decoding=\"async\" height=\"30\" title=\"L\" class=\"allergen-img\" src=\"https:\/\/szomszedbisztro.hu\/allergenek\/tej-100.png\" alt=\"L\"><img decoding=\"async\" height=\"30\" title=\"P\" class=\"allergen-img\" src=\"https:\/\/szomszedbisztro.hu\/allergenek\/lupin-100.png\" alt=\"P\"><\/span><br><em>Sebesty\u00e9n Indig\u00f3 Zweigelt<\/em><\/td><td><\/td><td><p>4090.-<\/p><\/td><\/tr><tr><td><span style=\"color:#000000;\"><strong>Buona Festa<\/strong><\/span><br><span style=\"color:#000000;\">(tomato, fior di latte, fresh tomatoes, cheese cream, prosciutto crudo ham, ruccola, grana padano)<\/span><br><span><img decoding=\"async\" height=\"30\" title=\"G\" class=\"allergen-img\" src=\"https:\/\/szomszedbisztro.hu\/allergenek\/gluten-100.png\" alt=\"G\"><img decoding=\"async\" height=\"30\" title=\"L\" class=\"allergen-img\" src=\"https:\/\/szomszedbisztro.hu\/allergenek\/tej-100.png\" alt=\"L\"><img decoding=\"async\" height=\"30\" title=\"P\" class=\"allergen-img\" src=\"https:\/\/szomszedbisztro.hu\/allergenek\/lupin-100.png\" alt=\"P\"><\/span><br><em>San Marzano 60 Sessantani Primitivo Di Manduria<\/em><\/td><td><\/td><td><p>4490.-<\/p><\/td><\/tr><\/tbody><\/table><\/figure><h5 class=\"wp-block-heading\">Pizza in white<\/h5><figure class=\"wp-block-table alignwide etlap-table\"><table><tbody><tr><td><span style=\"color:#000000;\"><span style=\"color:#000000;\"><strong>Bianco<\/strong><\/span><strong>&nbsp;<\/strong><\/span><br>(garlic sour cream, fior di latte, spinach, salami Napoli, cheese cream)<br><span><img decoding=\"async\" height=\"30\" title=\"G\" class=\"allergen-img\" src=\"https:\/\/szomszedbisztro.hu\/allergenek\/gluten-100.png\" alt=\"G\"><span><img decoding=\"async\" height=\"30\" title=\"L\" class=\"allergen-img\" src=\"https:\/\/szomszedbisztro.hu\/allergenek\/tej-100.png\" alt=\"L\"><\/span><\/span><br><em>Valpiana Prosecco Brut D.O.C.<\/em><\/td><td><\/td><td><p>4190.-<\/p><\/td><\/tr><tr><td><span style=\"color:#000000;\"><strong><span style=\"color:#000000;\">4formaggi<\/span>&nbsp;<\/strong><\/span><br>(fior di latte, taleggio, gorgonzola, grana padano)<br><span><img decoding=\"async\" height=\"30\" title=\"G\" class=\"allergen-img\" src=\"https:\/\/szomszedbisztro.hu\/allergenek\/gluten-100.png\" alt=\"G\"><img decoding=\"async\" height=\"30\" title=\"L\" class=\"allergen-img\" src=\"https:\/\/szomszedbisztro.hu\/allergenek\/tej-100.png\" alt=\"L\"><\/span><br><em>M\u00e9sz\u00e1ros P\u00e1l Ohmerops<\/em><\/td><td><\/td><td><p>4290.-<\/p><\/td><\/tr><tr><td><strong>Parma e pere<br><\/strong>(fior di latte, pear, gorgonzola, prosciutto crudo ham, almond, basil)<br><span><img decoding=\"async\" height=\"30\" title=\"G\" class=\"allergen-img\" src=\"https:\/\/szomszedbisztro.hu\/allergenek\/gluten-100.png\" alt=\"G\"><img decoding=\"async\" height=\"30\" title=\"L\" class=\"allergen-img\" src=\"https:\/\/szomszedbisztro.hu\/allergenek\/tej-100.png\" alt=\"L\"><\/span><br><em>Gizella Tokaji \u00e9des Szamorodni<\/em><\/td><td><\/td><td><p>4390.-<\/p><\/td><\/tr><tr><td><span style=\"color:#000000;\"><strong>N&#8217;duja<\/strong><\/span><br>(basil, fior di latte, sun dried tomatoes, n\u2019duja, grana padano)<br><span><img decoding=\"async\" height=\"30\" title=\"G\" class=\"allergen-img\" src=\"https:\/\/szomszedbisztro.hu\/allergenek\/gluten-100.png\" alt=\"G\"><img decoding=\"async\" height=\"30\" title=\"L\" class=\"allergen-img\" src=\"https:\/\/szomszedbisztro.hu\/allergenek\/tej-100.png\" alt=\"L\"><\/span><br><em>Fanti Rosso Di Montalcino D.O.C.<\/em><\/td><td><\/td><td><p>4290.-<\/p><\/td><\/tr><tr><td><strong>Mortadella<\/strong> <br>(fior di latte, cheese cream, mortadella, mozzarella, pesto, pistachio)<br><span><img decoding=\"async\" height=\"30\" title=\"G\" class=\"allergen-img\" src=\"https:\/\/szomszedbisztro.hu\/allergenek\/gluten-100.png\" alt=\"G\"><img decoding=\"async\" height=\"30\" title=\"L\" class=\"allergen-img\" src=\"https:\/\/szomszedbisztro.hu\/allergenek\/tej-100.png\" alt=\"L\"><\/span><br><em>P\u00e1tzay Rajnai Rizling<\/em><\/td><td><\/td><td>43<span style=\"background-color: rgba(0, 0, 0, 0.2); font-size: revert; font-weight: inherit; color: initial;\">90.-<\/span><\/td><\/tr><tr><td><span style=\"color:#000000;\"><strong>Tartufo&nbsp;<\/strong><\/span><br>(truffles, fior di latte, shimeji mushroom, prosciutto crudo ham, grana padano, basil, ruccola)<br><span><img decoding=\"async\" height=\"30\" title=\"G\" class=\"allergen-img\" src=\"https:\/\/szomszedbisztro.hu\/allergenek\/gluten-100.png\" alt=\"G\"><img decoding=\"async\" height=\"30\" title=\"L\" class=\"allergen-img\" src=\"https:\/\/szomszedbisztro.hu\/allergenek\/tej-100.png\" alt=\"L\"><img decoding=\"async\" height=\"30\" title=\"tengeri halak\" class=\"allergen-img\" src=\"https:\/\/szomszedbisztro.hu\/allergenek\/hal-100.png\" alt=\"tengeri halak\"><\/span><br><em>Oremus Mandol\u00e1s Furmint<\/em><\/td><td><\/td><td><p>4690.-<\/p><\/td><\/tr><tr><td><span style=\"color:#000000;\"><strong>Gluten-free pizza dough<\/strong><\/span><\/td><td><\/td><td><p>+2300.-<\/p><\/td><\/tr><\/tbody><\/table><\/figure><h5 class=\"wp-block-heading\">Pizza Sandwich<\/h5><figure class=\"wp-block-table alignwide etlap-table\"><table><tbody><tr><td><strong>Carne fritta<\/strong><br>(deep fried chicken, mozzarella, cheese cream, ruccola, remoulade-sauce, fresh tomatoes)<br><span><img decoding=\"async\" height=\"30\" title=\"G\" class=\"allergen-img\" src=\"https:\/\/szomszedbisztro.hu\/allergenek\/gluten-100.png\" alt=\"G\"><img decoding=\"async\" height=\"30\" title=\"L\" class=\"allergen-img\" src=\"https:\/\/szomszedbisztro.hu\/allergenek\/tej-100.png\" alt=\"L\"><img decoding=\"async\" height=\"30\" title=\"P\" class=\"allergen-img\" src=\"https:\/\/szomszedbisztro.hu\/allergenek\/lupin-100.png\" alt=\"P\"><img decoding=\"async\" height=\"30\" title=\"T\" class=\"allergen-img\" src=\"https:\/\/szomszedbisztro.hu\/allergenek\/tojas-100.png\" alt=\"T\"><\/span><br><em>Kreinbacher Brut Classic<\/em><\/td><td><\/td><td>4190.-<\/td><\/tr><\/tbody><\/table><\/figure><h5 class=\"wp-block-heading\">Tuscan Sandwiches<\/h5><figure class=\"wp-block-table alignwide etlap-table\"><table><tbody><tr><td><strong>Napoli<\/strong><br>(Salame Napoli, garlic cheese cream, ruccola)<\/td><td><\/td><td>2490.-<\/td><\/tr><tr><td><strong>Picante<\/strong><br>(Salame pepperoni, herbs cheese cream, spinach)<\/td><td><\/td><td>2690.-<\/td><\/tr><tr><td><strong>Cotto<\/strong><br>(Prosciutto cotto ham, cheese cream, ruccola)<\/td><td><\/td><td>2490.-<\/td><\/tr><tr><td><strong>Mortadella<\/strong><br>(Mortadella, sun-dried tomatoes, pesto)<\/td><td><\/td><td>2690.-<\/td><\/tr><\/tbody><\/table><\/figure><p class=\"has-text-align-center\">For takeaway pizza orders, an additional 600 HUF will be added to the price, which includes the cost of the box and 18% VAT. We do not charge a service fee.<\/p><p><\/p>","protected":false},"excerpt":{"rendered":"STARTERS &#8211; Steak tartare, marinated egg, focaccia 6290.- Beetroot, goat cheese, pomegranate 5490.- Veal tongue, duck liver, fresh herb salad 7590.- SOUPS &#8211; Duck Ramen, smoked duck breast, chili 4990.- Borscht soup, dill, sour cream foam 4390.- Jerusalem artichoke, tapioca, green apple 3990.- MAIN DISHES &#8211; Pork cheek, potato dumplings, Eszterh\u00e1zy sauce 6990.- Chicken supreme, potatoes, jus 6590.- Mangalica tenderloin, potatoes gratin, mushrooms 7190.- Beef Stroganoff with sirloin, sweet potato, cucumber relish 12900.- Ossobuco, celery \u201erisotto\u201d, chimichurri&nbsp; 8490.- Zander, cottage cheese noodles, shrimp 8490.- Angus steak, truffle mashed potatoes, brussels sprouts 16900.- Celery steak, hazelnut, apple 5490.- \u201eWiener Schnitzel\u201d of mangalica, parsley potatoes, cucumber salad 6990.- DESSERTS &#8211; Dark chocolate, tonka beans, beetroot 3990.- White chocolate, orange, fig 3990.- Bramble-apple&#8230; <a class=\"view-article\" href=\"https:\/\/szomszedbisztro.hu\/en\/menu\/\">View Article<i class=\"las la-long-arrow-alt-right\"><\/i><\/a>","protected":false},"author":6,"featured_media":7045,"parent":0,"menu_order":0,"comment_status":"closed","ping_status":"closed","template":"","meta":{"wp_popup_display_lightbox":0,"wp_popup_suppress":"","wp_popup_trigger":"","wp_popup_trigger_amount":0,"wp_popup_disable_on_mobile":false,"footnotes":""},"class_list":["post-6331","page","type-page","status-publish","has-post-thumbnail","hentry"],"_links":{"self":[{"href":"https:\/\/szomszedbisztro.hu\/en\/wp-json\/wp\/v2\/pages\/6331","targetHints":{"allow":["GET"]}}],"collection":[{"href":"https:\/\/szomszedbisztro.hu\/en\/wp-json\/wp\/v2\/pages"}],"about":[{"href":"https:\/\/szomszedbisztro.hu\/en\/wp-json\/wp\/v2\/types\/page"}],"author":[{"embeddable":true,"href":"https:\/\/szomszedbisztro.hu\/en\/wp-json\/wp\/v2\/users\/6"}],"replies":[{"embeddable":true,"href":"https:\/\/szomszedbisztro.hu\/en\/wp-json\/wp\/v2\/comments?post=6331"}],"version-history":[{"count":5,"href":"https:\/\/szomszedbisztro.hu\/en\/wp-json\/wp\/v2\/pages\/6331\/revisions"}],"predecessor-version":[{"id":10804,"href":"https:\/\/szomszedbisztro.hu\/en\/wp-json\/wp\/v2\/pages\/6331\/revisions\/10804"}],"wp:featuredmedia":[{"embeddable":true,"href":"https:\/\/szomszedbisztro.hu\/en\/wp-json\/wp\/v2\/media\/7045"}],"wp:attachment":[{"href":"https:\/\/szomszedbisztro.hu\/en\/wp-json\/wp\/v2\/media?parent=6331"}],"curies":[{"name":"wp","href":"https:\/\/api.w.org\/{rel}","templated":true}]}}