{"id":6312,"date":"2024-01-24T02:52:58","date_gmt":"2024-01-24T01:52:58","guid":{"rendered":"https:\/\/szomszedbisztro.hu\/?page_id=6312"},"modified":"2024-01-24T02:57:52","modified_gmt":"2024-01-24T01:57:52","slug":"wines-of-our-own","status":"publish","type":"page","link":"https:\/\/szomszedbisztro.hu\/en\/wines-of-our-own\/","title":{"rendered":"Wines of our own"},"content":{"rendered":"<div class=\"wp-block-columns is-layout-flex wp-container-core-columns-is-layout-1 wp-block-columns-is-layout-flex\"><div class=\"wp-block-column is-layout-flow wp-block-column-is-layout-flow\" style=\"border-width:1px;padding-top:var(--wp--preset--spacing--40);padding-right:var(--wp--preset--spacing--40);padding-bottom:var(--wp--preset--spacing--40);padding-left:var(--wp--preset--spacing--40)\" data-aos=\"fade-up\" data-aos-duration=\"1000\" data-aos-easing=\"ease-in-out\"><p class=\"has-text-align-center has-medium-font-size\">Szomsz\u00e9d: <br>the Wine of the House<\/p>\n\n<hr class=\"wp-block-separator has-alpha-channel-opacity is-style-wide\"\/>\n\n<figure class=\"wp-block-image size-large\"><img loading=\"lazy\" decoding=\"async\" width=\"683\" height=\"1024\" src=\"https:\/\/szomszedbisztro.hu\/wp-content\/uploads\/2021\/03\/szomszed-bisztro-debrecen-etel-kiszallitas-sajat-bor-haz-bora2-683x1024.jpg\" alt=\"\" class=\"wp-image-1171\" srcset=\"https:\/\/szomszedbisztro.hu\/wp-content\/uploads\/2021\/03\/szomszed-bisztro-debrecen-etel-kiszallitas-sajat-bor-haz-bora2-683x1024.jpg 683w, https:\/\/szomszedbisztro.hu\/wp-content\/uploads\/2021\/03\/szomszed-bisztro-debrecen-etel-kiszallitas-sajat-bor-haz-bora2-247x371.jpg 247w, https:\/\/szomszedbisztro.hu\/wp-content\/uploads\/2021\/03\/szomszed-bisztro-debrecen-etel-kiszallitas-sajat-bor-haz-bora2-510x765.jpg 510w, https:\/\/szomszedbisztro.hu\/wp-content\/uploads\/2021\/03\/szomszed-bisztro-debrecen-etel-kiszallitas-sajat-bor-haz-bora2-200x300.jpg 200w, https:\/\/szomszedbisztro.hu\/wp-content\/uploads\/2021\/03\/szomszed-bisztro-debrecen-etel-kiszallitas-sajat-bor-haz-bora2-768x1152.jpg 768w, https:\/\/szomszedbisztro.hu\/wp-content\/uploads\/2021\/03\/szomszed-bisztro-debrecen-etel-kiszallitas-sajat-bor-haz-bora2.jpg 800w\" sizes=\"auto, (max-width: 683px) 100vw, 683px\" \/><\/figure>\n\n<p><strong>Gizella Furmint \/ H\u00e1rslevel\u0171<\/strong><\/p>\n\n<p>Vivid, fresh and flavory bistro wine. Grapes are put in the press in full bunches to undergo a quick and gentle processing, and chilled fermentation. Wines were selected from the products of Bar\u00e1t, Szilv\u00f6lgy, Lest\u00e1r, Bajusz, Kast\u00e9ly and Bomboly vineyards by tasting the corresponding tanks, and then furmint and h\u00e1rslevel\u0171 wines were combined in 50\u201350% ratio. We used only tanks for the subsequent fermentation to make the wine preserve its fresh and vibrant character. H\u00e1rslevel\u0171 carries flowery undertones and airiness, which is well underpinned by furmint. Its green apple and citrus undertones, as well as its cool character makes it a good match to starters, salads and chicken dishes on the menu.&nbsp;<\/p><\/div>\n\n<div class=\"wp-block-column is-layout-flow wp-block-column-is-layout-flow\" style=\"border-width:1px;padding-top:var(--wp--preset--spacing--40);padding-right:var(--wp--preset--spacing--40);padding-bottom:var(--wp--preset--spacing--40);padding-left:var(--wp--preset--spacing--40)\" data-aos=\"fade-up\" data-aos-delay=\"250\" data-aos-duration=\"1000\" data-aos-easing=\"ease-in-out\"><p class=\"has-text-align-center has-medium-font-size\">Szomsz\u00e9d <br>Frizzante<\/p>\n\n<hr class=\"wp-block-separator has-alpha-channel-opacity is-style-wide\"\/>\n\n<figure class=\"wp-block-image size-large\"><img loading=\"lazy\" decoding=\"async\" width=\"683\" height=\"1024\" src=\"https:\/\/szomszedbisztro.hu\/wp-content\/uploads\/2021\/03\/szomszed-bisztro-debrecen-etel-kiszallitas-sajat-bor-szomszed-frizzante-683x1024.jpg\" alt=\"\" class=\"wp-image-481\" srcset=\"https:\/\/szomszedbisztro.hu\/wp-content\/uploads\/2021\/03\/szomszed-bisztro-debrecen-etel-kiszallitas-sajat-bor-szomszed-frizzante-683x1024.jpg 683w, https:\/\/szomszedbisztro.hu\/wp-content\/uploads\/2021\/03\/szomszed-bisztro-debrecen-etel-kiszallitas-sajat-bor-szomszed-frizzante-247x371.jpg 247w, https:\/\/szomszedbisztro.hu\/wp-content\/uploads\/2021\/03\/szomszed-bisztro-debrecen-etel-kiszallitas-sajat-bor-szomszed-frizzante-510x765.jpg 510w, https:\/\/szomszedbisztro.hu\/wp-content\/uploads\/2021\/03\/szomszed-bisztro-debrecen-etel-kiszallitas-sajat-bor-szomszed-frizzante-200x300.jpg 200w, https:\/\/szomszedbisztro.hu\/wp-content\/uploads\/2021\/03\/szomszed-bisztro-debrecen-etel-kiszallitas-sajat-bor-szomszed-frizzante-768x1152.jpg 768w, https:\/\/szomszedbisztro.hu\/wp-content\/uploads\/2021\/03\/szomszed-bisztro-debrecen-etel-kiszallitas-sajat-bor-szomszed-frizzante.jpg 800w\" sizes=\"auto, (max-width: 683px) 100vw, 683px\" \/><\/figure>\n\n<p><strong>Szarka Pinc\u00e9szet,<br>Furmint \/ H\u00e1rslevel\u0171 gy\u00f6ngy\u00f6z\u0151bor<\/strong><\/p>\n\n<p>Furmint and H\u00e1rslevel\u0171 of Tokaj wine region, combined in 60-40% ratio. The time of the harvest is carefully selected to achieve the perfect balance of acid and sugar. As a result, the highly acidic taste is counterbalanced by some residual sugar, the added carbon-dioxide makes the wine totally refreshing, while the rather elderly grapevines which were planted in 1982 give an earnest character to the wine. Chilled, or served from ice bucket, it makes a perfect accompaniment to friendly conversations, salads, poultry or pork dishes, and it can be used as an ingredient to Prosecco-based cocktails, too.<\/p><\/div><\/div><p><strong>Quality gastronomic experiences call for a wine selection of equal quality<\/strong>. When served with matching wine, dishes will make up an even more harmonious whole. Promoting the wine culture of the surrounding region is of utmost importance for us, and in addition to using local ingredients, we are offering wines and champaigns produced in the vineyards of the surrounding region. The many faces of Tokaj are as diverse as Szomsz\u00e9d, and the&nbsp;<strong>wines of Gizella Winery<\/strong>&nbsp;reflect the&nbsp;<strong>same quality we aim to achieve in our activities<\/strong>. Moreover, we have friendly ties with the winemaker and owner of Gizella Winery, L\u00e1szl\u00f3 Szil\u00e1gyi, whose roots are traced back to Debrecen. His winery produces wines with truly unique flavor, and&nbsp;<strong>we are proud to claim that one of their cuve\u00e9 wines has already been named after Szomsz\u00e9d \u2013 the wine of the house<\/strong>.<\/p><p>We were equally pleased and proud to place our own label to the sparkling wine bottles of&nbsp;<strong>D\u00e9nes Szarka, owner of Szarka Winery, M\u00e1d<\/strong>, which are now offered to our guests under the name of&nbsp;<strong>Szomsz\u00e9d Frizzante<\/strong>.<\/p><p><em>\u201cGood wines carry many potentials.&nbsp; 25 years ago, when we were bouncing basketball together in Debrecen, none of us wondered that once I would be asked to make a special Tokaj wine for their new restaurant. It is an important cooperation for me that brings about a major and challenging task with excellent timing. Most probably, 5 years ago I would\u2019ve created a wine of a completely different character. I\u2019m really pleased that it was just recently that I was asked to create this wine for the new reference restaurant of my hometown, and that I had the chance to fine-tune it to be really light and highly consumable. This is the very style I now consider to be the future. I add much h\u00e1rslevel\u0171 to much furmint, inviting the guests of Szomsz\u00e9d Bistro to a light and dynamic wine experience.<\/em><\/p><p><strong>L\u00e1szl\u00f3 Szil\u00e1gyi<\/strong><br><strong>Winemaker-Owner<\/strong><br><strong>Gizella Winery<\/strong><\/p>","protected":false},"excerpt":{"rendered":"Szomsz\u00e9d: the Wine of the House Gizella Furmint \/ H\u00e1rslevel\u0171 Vivid, fresh and flavory bistro wine. Grapes are put in the press in full bunches to undergo a quick and gentle processing, and chilled fermentation. Wines were selected from the products of Bar\u00e1t, Szilv\u00f6lgy, Lest\u00e1r, Bajusz, Kast\u00e9ly and Bomboly vineyards by tasting the corresponding tanks, and then furmint and h\u00e1rslevel\u0171 wines were combined in 50\u201350% ratio. We used only tanks for the subsequent fermentation to make the wine preserve its fresh and vibrant character. H\u00e1rslevel\u0171 carries flowery undertones and airiness, which is well underpinned by furmint. Its green apple and citrus undertones, as well as its cool character makes it a good match to starters, salads and chicken dishes on&#8230; <a class=\"view-article\" href=\"https:\/\/szomszedbisztro.hu\/en\/wines-of-our-own\/\">View Article<i class=\"las la-long-arrow-alt-right\"><\/i><\/a>","protected":false},"author":6,"featured_media":7019,"parent":0,"menu_order":0,"comment_status":"closed","ping_status":"closed","template":"","meta":{"wp_popup_display_lightbox":0,"wp_popup_suppress":"","wp_popup_trigger":"","wp_popup_trigger_amount":0,"wp_popup_disable_on_mobile":false,"footnotes":""},"class_list":["post-6312","page","type-page","status-publish","has-post-thumbnail","hentry"],"_links":{"self":[{"href":"https:\/\/szomszedbisztro.hu\/en\/wp-json\/wp\/v2\/pages\/6312","targetHints":{"allow":["GET"]}}],"collection":[{"href":"https:\/\/szomszedbisztro.hu\/en\/wp-json\/wp\/v2\/pages"}],"about":[{"href":"https:\/\/szomszedbisztro.hu\/en\/wp-json\/wp\/v2\/types\/page"}],"author":[{"embeddable":true,"href":"https:\/\/szomszedbisztro.hu\/en\/wp-json\/wp\/v2\/users\/6"}],"replies":[{"embeddable":true,"href":"https:\/\/szomszedbisztro.hu\/en\/wp-json\/wp\/v2\/comments?post=6312"}],"version-history":[{"count":5,"href":"https:\/\/szomszedbisztro.hu\/en\/wp-json\/wp\/v2\/pages\/6312\/revisions"}],"predecessor-version":[{"id":6321,"href":"https:\/\/szomszedbisztro.hu\/en\/wp-json\/wp\/v2\/pages\/6312\/revisions\/6321"}],"wp:featuredmedia":[{"embeddable":true,"href":"https:\/\/szomszedbisztro.hu\/en\/wp-json\/wp\/v2\/media\/7019"}],"wp:attachment":[{"href":"https:\/\/szomszedbisztro.hu\/en\/wp-json\/wp\/v2\/media?parent=6312"}],"curies":[{"name":"wp","href":"https:\/\/api.w.org\/{rel}","templated":true}]}}