{"id":9929,"date":"2025-09-23T11:58:11","date_gmt":"2025-09-23T09:58:11","guid":{"rendered":"https:\/\/szomszedbisztro.hu\/?post_type=product&#038;p=9929"},"modified":"2025-10-15T11:14:04","modified_gmt":"2025-10-15T09:14:04","slug":"joga-brunch2510","status":"publish","type":"product","link":"https:\/\/szomszedbisztro.hu\/de\/termek\/joga-brunch2510\/","title":{"rendered":"J\u00d3GA-BRUNCH OKT.18."},"content":{"rendered":"<p>Okt\u00f3ber 18-\u00e1n finom brunch-csal egybek\u00f6t\u00f6tt j\u00f3ga\u00f3r\u00e1val v\u00e1runk titeket.<\/p>\n<p>&nbsp;<\/p>\n","protected":false},"excerpt":{"rendered":"9900 Ft + 12% szervizd\u00edj \/f\u0151","protected":false},"featured_media":9273,"template":"","meta":{"wp_popup_display_lightbox":0,"wp_popup_suppress":"","wp_popup_trigger":"","wp_popup_trigger_amount":0,"wp_popup_disable_on_mobile":false},"product_brand":[],"product_cat":[75,15],"product_tag":[],"class_list":{"0":"post-9929","1":"product","2":"type-product","3":"status-publish","4":"has-post-thumbnail","6":"product_cat-esemeny","7":"product_cat-egyeb","9":"first","10":"instock","11":"virtual","12":"taxable","13":"purchasable","14":"product-type-simple"},"_links":{"self":[{"href":"https:\/\/szomszedbisztro.hu\/de\/wp-json\/wp\/v2\/product\/9929","targetHints":{"allow":["GET"]}}],"collection":[{"href":"https:\/\/szomszedbisztro.hu\/de\/wp-json\/wp\/v2\/product"}],"about":[{"href":"https:\/\/szomszedbisztro.hu\/de\/wp-json\/wp\/v2\/types\/product"}],"wp:featuredmedia":[{"embeddable":true,"href":"https:\/\/szomszedbisztro.hu\/de\/wp-json\/wp\/v2\/media\/9273"}],"wp:attachment":[{"href":"https:\/\/szomszedbisztro.hu\/de\/wp-json\/wp\/v2\/media?parent=9929"}],"wp:term":[{"taxonomy":"product_brand","embeddable":true,"href":"https:\/\/szomszedbisztro.hu\/de\/wp-json\/wp\/v2\/product_brand?post=9929"},{"taxonomy":"product_cat","embeddable":true,"href":"https:\/\/szomszedbisztro.hu\/de\/wp-json\/wp\/v2\/product_cat?post=9929"},{"taxonomy":"product_tag","embeddable":true,"href":"https:\/\/szomszedbisztro.hu\/de\/wp-json\/wp\/v2\/product_tag?post=9929"}],"curies":[{"name":"wp","href":"https:\/\/api.w.org\/{rel}","templated":true}]}}