{"id":9843,"date":"2025-09-10T17:01:45","date_gmt":"2025-09-10T15:01:45","guid":{"rendered":"https:\/\/szomszedbisztro.hu\/?post_type=product&#038;p=9843"},"modified":"2025-10-06T21:58:14","modified_gmt":"2025-10-06T19:58:14","slug":"10nep10dal-vacsoraest","status":"publish","type":"product","link":"https:\/\/szomszedbisztro.hu\/de\/termek\/10nep10dal-vacsoraest\/","title":{"rendered":"T\u00edz n\u00e9p, t\u00edz dal &#8211; Verses, \u00e9l\u0151zen\u00e9s vacsoraest"},"content":{"rendered":"<p>A program \u00e1ra az \u00e9telsorral: 18.900 Ft\/f\u0151 + 12% szervizd\u00edj<\/p>\n","protected":false},"excerpt":{"rendered":"T\u00edz n\u00e9p, t\u00edz dal &#8211; Verses, \u00e9l\u0151zen\u00e9s vacsoraest \u00dajhelyi Kinga \u00e9s a Trio Consort el\u0151ad\u00e1s\u00e1ban.","protected":false},"featured_media":0,"template":"","meta":{"wp_popup_display_lightbox":0,"wp_popup_suppress":"","wp_popup_trigger":"","wp_popup_trigger_amount":0,"wp_popup_disable_on_mobile":false},"product_brand":[],"product_cat":[75,15],"product_tag":[],"class_list":{"0":"post-9843","1":"product","2":"type-product","3":"status-publish","5":"product_cat-esemeny","6":"product_cat-egyeb","8":"first","9":"instock","10":"taxable","11":"shipping-taxable","12":"purchasable","13":"product-type-simple"},"_links":{"self":[{"href":"https:\/\/szomszedbisztro.hu\/de\/wp-json\/wp\/v2\/product\/9843","targetHints":{"allow":["GET"]}}],"collection":[{"href":"https:\/\/szomszedbisztro.hu\/de\/wp-json\/wp\/v2\/product"}],"about":[{"href":"https:\/\/szomszedbisztro.hu\/de\/wp-json\/wp\/v2\/types\/product"}],"wp:attachment":[{"href":"https:\/\/szomszedbisztro.hu\/de\/wp-json\/wp\/v2\/media?parent=9843"}],"wp:term":[{"taxonomy":"product_brand","embeddable":true,"href":"https:\/\/szomszedbisztro.hu\/de\/wp-json\/wp\/v2\/product_brand?post=9843"},{"taxonomy":"product_cat","embeddable":true,"href":"https:\/\/szomszedbisztro.hu\/de\/wp-json\/wp\/v2\/product_cat?post=9843"},{"taxonomy":"product_tag","embeddable":true,"href":"https:\/\/szomszedbisztro.hu\/de\/wp-json\/wp\/v2\/product_tag?post=9843"}],"curies":[{"name":"wp","href":"https:\/\/api.w.org\/{rel}","templated":true}]}}