{"id":9730,"date":"2025-08-25T13:33:21","date_gmt":"2025-08-25T11:33:21","guid":{"rendered":"https:\/\/szomszedbisztro.hu\/?post_type=product&#038;p=9730"},"modified":"2025-09-16T21:56:01","modified_gmt":"2025-09-16T19:56:01","slug":"cava-tapas-spanyol-gasztroest","status":"publish","type":"product","link":"https:\/\/szomszedbisztro.hu\/de\/termek\/cava-tapas-spanyol-gasztroest\/","title":{"rendered":"Cava &#038; tapas \u2013 Spanyol gasztroest"},"content":{"rendered":"<p>A program \u00e1ra az \u00e9telsorral: 27.900 Ft\/f\u0151 + 12% szervizd\u00edj<\/p>\n","protected":false},"excerpt":{"rendered":"A ny\u00e1r z\u00e1r\u00e1sk\u00e9nt, Tam\u00e1s \u2013 bisztr\u00f3nk fanatikus bor \u201ebolondja\u201d \u00e9s egyben vezet\u0151je- \u00e9s P\u00e9ter \u2013 a konyha s\u00e9fje- egy bar\u00e1ti Cava-z\u00e1sra h\u00edv benneteket, egy k\u00f6tetlen, besz\u00e9lget\u0151s est form\u00e1j\u00e1ban.","protected":false},"featured_media":9732,"template":"","meta":{"wp_popup_display_lightbox":0,"wp_popup_suppress":"","wp_popup_trigger":"","wp_popup_trigger_amount":0,"wp_popup_disable_on_mobile":false},"product_brand":[],"product_cat":[15],"product_tag":[],"class_list":{"0":"post-9730","1":"product","2":"type-product","3":"status-publish","4":"has-post-thumbnail","6":"product_cat-egyeb","8":"first","9":"instock","10":"taxable","11":"shipping-taxable","12":"purchasable","13":"product-type-simple"},"_links":{"self":[{"href":"https:\/\/szomszedbisztro.hu\/de\/wp-json\/wp\/v2\/product\/9730","targetHints":{"allow":["GET"]}}],"collection":[{"href":"https:\/\/szomszedbisztro.hu\/de\/wp-json\/wp\/v2\/product"}],"about":[{"href":"https:\/\/szomszedbisztro.hu\/de\/wp-json\/wp\/v2\/types\/product"}],"wp:featuredmedia":[{"embeddable":true,"href":"https:\/\/szomszedbisztro.hu\/de\/wp-json\/wp\/v2\/media\/9732"}],"wp:attachment":[{"href":"https:\/\/szomszedbisztro.hu\/de\/wp-json\/wp\/v2\/media?parent=9730"}],"wp:term":[{"taxonomy":"product_brand","embeddable":true,"href":"https:\/\/szomszedbisztro.hu\/de\/wp-json\/wp\/v2\/product_brand?post=9730"},{"taxonomy":"product_cat","embeddable":true,"href":"https:\/\/szomszedbisztro.hu\/de\/wp-json\/wp\/v2\/product_cat?post=9730"},{"taxonomy":"product_tag","embeddable":true,"href":"https:\/\/szomszedbisztro.hu\/de\/wp-json\/wp\/v2\/product_tag?post=9730"}],"curies":[{"name":"wp","href":"https:\/\/api.w.org\/{rel}","templated":true}]}}