{"id":10563,"date":"2025-12-15T09:26:44","date_gmt":"2025-12-15T08:26:44","guid":{"rendered":"https:\/\/szomszedbisztro.hu\/?post_type=product&#038;p=10563"},"modified":"2026-02-05T22:37:18","modified_gmt":"2026-02-05T21:37:18","slug":"jazzest2026","status":"publish","type":"product","link":"https:\/\/szomszedbisztro.hu\/de\/termek\/jazzest2026\/","title":{"rendered":"Jazz Est 02.06."},"content":{"rendered":"<p><strong>Jazzb\u0151l soha nem el\u00e9g!<\/strong><br \/>\n2026.02.06-\u00e1n az Ol\u00e1h Kriszti\u00e1n Intereuropean Quartet form\u00e1ci\u00f3t v\u00e1rjuk a Szomsz\u00e9dba.<br \/>\n20.00-t\u00f3l kifullad\u00e1sig a jazz-form\u00e1ci\u00f3\u00e9 a sz\u00ednpad, el\u0151tte 19.00-t\u00f3l vend\u00e9geinket \u00e1ll\u00f3fogad\u00e1ssal v\u00e1rjuk.<\/p>\n","protected":false},"excerpt":{"rendered":"<strong>Jazzb\u0151l soha nem el\u00e9g!<\/strong>\r\n2026.02.06-\u00e1n az Ol\u00e1h Kriszti\u00e1n Intereuropean Quartet form\u00e1ci\u00f3t v\u00e1rjuk a Szomsz\u00e9dba.\r\n20.00-t\u00f3l kifullad\u00e1sig a jazz-form\u00e1ci\u00f3\u00e9 a sz\u00ednpad, el\u0151tte 19.00-t\u00f3l vend\u00e9geinket \u00e1ll\u00f3fogad\u00e1ssal v\u00e1rjuk.","protected":false},"featured_media":0,"template":"","meta":{"wp_popup_display_lightbox":0,"wp_popup_suppress":"","wp_popup_trigger":"","wp_popup_trigger_amount":0,"wp_popup_disable_on_mobile":false},"product_brand":[],"product_cat":[75],"product_tag":[],"class_list":{"0":"post-10563","1":"product","2":"type-product","3":"status-publish","5":"product_cat-esemeny","7":"first","8":"outofstock","9":"taxable","10":"shipping-taxable","11":"purchasable","12":"product-type-simple"},"_links":{"self":[{"href":"https:\/\/szomszedbisztro.hu\/de\/wp-json\/wp\/v2\/product\/10563","targetHints":{"allow":["GET"]}}],"collection":[{"href":"https:\/\/szomszedbisztro.hu\/de\/wp-json\/wp\/v2\/product"}],"about":[{"href":"https:\/\/szomszedbisztro.hu\/de\/wp-json\/wp\/v2\/types\/product"}],"wp:attachment":[{"href":"https:\/\/szomszedbisztro.hu\/de\/wp-json\/wp\/v2\/media?parent=10563"}],"wp:term":[{"taxonomy":"product_brand","embeddable":true,"href":"https:\/\/szomszedbisztro.hu\/de\/wp-json\/wp\/v2\/product_brand?post=10563"},{"taxonomy":"product_cat","embeddable":true,"href":"https:\/\/szomszedbisztro.hu\/de\/wp-json\/wp\/v2\/product_cat?post=10563"},{"taxonomy":"product_tag","embeddable":true,"href":"https:\/\/szomszedbisztro.hu\/de\/wp-json\/wp\/v2\/product_tag?post=10563"}],"curies":[{"name":"wp","href":"https:\/\/api.w.org\/{rel}","templated":true}]}}