{"id":10260,"date":"2025-11-05T16:09:26","date_gmt":"2025-11-05T15:09:26","guid":{"rendered":"https:\/\/szomszedbisztro.hu\/?post_type=product&#038;p=10260"},"modified":"2025-12-02T21:21:04","modified_gmt":"2025-12-02T20:21:04","slug":"mezimania","status":"publish","type":"product","link":"https:\/\/szomszedbisztro.hu\/de\/termek\/mezimania\/","title":{"rendered":"M\u00e9zeskal\u00e1cs workshop M\u00e9zi m\u00e1ni\u00e1val"},"content":{"rendered":"<p>A r\u00e9szv\u00e9teli d\u00edj <strong data-start=\"418\" data-end=\"436\">20 000 Ft \/ f\u0151<\/strong>,<br data-start=\"437\" data-end=\"440\" \/>\u00e9s a programra <strong data-start=\"455\" data-end=\"473\">14 \u00e9ves kort\u00f3l<\/strong> v\u00e1rjuk a jelentkez\u0151ket.<\/p>\n","protected":false},"excerpt":{"rendered":"L\u00e9p\u00e9sr\u0151l l\u00e9p\u00e9sre megmutatunk \u00e9s megtan\u00edtunk minden fontos mozzanatot,\u00edgy b\u00e1tran j\u00f6hetsz akkor is, ha m\u00e9g sosem pr\u00f3b\u00e1ltad a m\u00e9zeskal\u00e1csd\u00edsz\u00edt\u00e9st -garant\u00e1ltan siker\u00e9lm\u00e9nnyel fogsz hazat\u00e9rni!","protected":false},"featured_media":0,"template":"","meta":{"wp_popup_display_lightbox":0,"wp_popup_suppress":"","wp_popup_trigger":"","wp_popup_trigger_amount":0,"wp_popup_disable_on_mobile":false},"product_brand":[],"product_cat":[15],"product_tag":[],"class_list":{"0":"post-10260","1":"product","2":"type-product","3":"status-publish","5":"product_cat-egyeb","7":"first","8":"instock","9":"taxable","10":"shipping-taxable","11":"purchasable","12":"product-type-simple"},"_links":{"self":[{"href":"https:\/\/szomszedbisztro.hu\/de\/wp-json\/wp\/v2\/product\/10260","targetHints":{"allow":["GET"]}}],"collection":[{"href":"https:\/\/szomszedbisztro.hu\/de\/wp-json\/wp\/v2\/product"}],"about":[{"href":"https:\/\/szomszedbisztro.hu\/de\/wp-json\/wp\/v2\/types\/product"}],"wp:attachment":[{"href":"https:\/\/szomszedbisztro.hu\/de\/wp-json\/wp\/v2\/media?parent=10260"}],"wp:term":[{"taxonomy":"product_brand","embeddable":true,"href":"https:\/\/szomszedbisztro.hu\/de\/wp-json\/wp\/v2\/product_brand?post=10260"},{"taxonomy":"product_cat","embeddable":true,"href":"https:\/\/szomszedbisztro.hu\/de\/wp-json\/wp\/v2\/product_cat?post=10260"},{"taxonomy":"product_tag","embeddable":true,"href":"https:\/\/szomszedbisztro.hu\/de\/wp-json\/wp\/v2\/product_tag?post=10260"}],"curies":[{"name":"wp","href":"https:\/\/api.w.org\/{rel}","templated":true}]}}