{"id":10170,"date":"2025-10-20T21:27:37","date_gmt":"2025-10-20T19:27:37","guid":{"rendered":"https:\/\/szomszedbisztro.hu\/?post_type=product&#038;p=10170"},"modified":"2025-11-09T18:28:36","modified_gmt":"2025-11-09T17:28:36","slug":"schell-judit-vacsoraest","status":"publish","type":"product","link":"https:\/\/szomszedbisztro.hu\/de\/termek\/schell-judit-vacsoraest\/","title":{"rendered":"Schell Judit &#8211; vacsoraest"},"content":{"rendered":"<p>A program \u00e1ra az \u00e9telsorral: 25.000 Ft\/f\u0151 + 12% szervizd\u00edj<\/p>\n","protected":false},"excerpt":{"rendered":"November 13, egy \u00fajabb k\u00fcl\u00f6nleges est a Szomsz\u00e9dban: Vacsor\u00e1zz Schell Judittal","protected":false},"featured_media":10171,"template":"","meta":{"wp_popup_display_lightbox":0,"wp_popup_suppress":"","wp_popup_trigger":"","wp_popup_trigger_amount":0,"wp_popup_disable_on_mobile":false},"product_brand":[],"product_cat":[15],"product_tag":[],"class_list":{"0":"post-10170","1":"product","2":"type-product","3":"status-publish","4":"has-post-thumbnail","6":"product_cat-egyeb","8":"first","9":"instock","10":"taxable","11":"shipping-taxable","12":"purchasable","13":"product-type-simple"},"_links":{"self":[{"href":"https:\/\/szomszedbisztro.hu\/de\/wp-json\/wp\/v2\/product\/10170","targetHints":{"allow":["GET"]}}],"collection":[{"href":"https:\/\/szomszedbisztro.hu\/de\/wp-json\/wp\/v2\/product"}],"about":[{"href":"https:\/\/szomszedbisztro.hu\/de\/wp-json\/wp\/v2\/types\/product"}],"wp:featuredmedia":[{"embeddable":true,"href":"https:\/\/szomszedbisztro.hu\/de\/wp-json\/wp\/v2\/media\/10171"}],"wp:attachment":[{"href":"https:\/\/szomszedbisztro.hu\/de\/wp-json\/wp\/v2\/media?parent=10170"}],"wp:term":[{"taxonomy":"product_brand","embeddable":true,"href":"https:\/\/szomszedbisztro.hu\/de\/wp-json\/wp\/v2\/product_brand?post=10170"},{"taxonomy":"product_cat","embeddable":true,"href":"https:\/\/szomszedbisztro.hu\/de\/wp-json\/wp\/v2\/product_cat?post=10170"},{"taxonomy":"product_tag","embeddable":true,"href":"https:\/\/szomszedbisztro.hu\/de\/wp-json\/wp\/v2\/product_tag?post=10170"}],"curies":[{"name":"wp","href":"https:\/\/api.w.org\/{rel}","templated":true}]}}