{"id":10062,"date":"2025-10-15T13:57:24","date_gmt":"2025-10-15T11:57:24","guid":{"rendered":"https:\/\/szomszedbisztro.hu\/?post_type=product&#038;p=10062"},"modified":"2025-10-27T20:35:00","modified_gmt":"2025-10-27T19:35:00","slug":"pannonhalmi","status":"publish","type":"product","link":"https:\/\/szomszedbisztro.hu\/de\/termek\/pannonhalmi\/","title":{"rendered":"Pannonhalmi vacsoraest"},"content":{"rendered":"<p>A program \u00e1ra az \u00e9telsorral: 27.900 Ft\/f\u0151 + 12% szervizd\u00edj<\/p>\n","protected":false},"excerpt":{"rendered":"Okt\u00f3ber 29, egy \u00fajabb k\u00fcl\u00f6nleges est a Szomsz\u00e9dban: a Pannonhalmi F\u0151ap\u00e1ts\u00e1g borai \u00e9rkeznek hozz\u00e1nk egy teljesen a borokra hangolt vacsoraestre.","protected":false},"featured_media":10063,"template":"","meta":{"wp_popup_display_lightbox":0,"wp_popup_suppress":"","wp_popup_trigger":"","wp_popup_trigger_amount":0,"wp_popup_disable_on_mobile":false},"product_brand":[],"product_cat":[15],"product_tag":[],"class_list":{"0":"post-10062","1":"product","2":"type-product","3":"status-publish","4":"has-post-thumbnail","6":"product_cat-egyeb","8":"first","9":"instock","10":"taxable","11":"shipping-taxable","12":"purchasable","13":"product-type-simple"},"_links":{"self":[{"href":"https:\/\/szomszedbisztro.hu\/de\/wp-json\/wp\/v2\/product\/10062","targetHints":{"allow":["GET"]}}],"collection":[{"href":"https:\/\/szomszedbisztro.hu\/de\/wp-json\/wp\/v2\/product"}],"about":[{"href":"https:\/\/szomszedbisztro.hu\/de\/wp-json\/wp\/v2\/types\/product"}],"wp:featuredmedia":[{"embeddable":true,"href":"https:\/\/szomszedbisztro.hu\/de\/wp-json\/wp\/v2\/media\/10063"}],"wp:attachment":[{"href":"https:\/\/szomszedbisztro.hu\/de\/wp-json\/wp\/v2\/media?parent=10062"}],"wp:term":[{"taxonomy":"product_brand","embeddable":true,"href":"https:\/\/szomszedbisztro.hu\/de\/wp-json\/wp\/v2\/product_brand?post=10062"},{"taxonomy":"product_cat","embeddable":true,"href":"https:\/\/szomszedbisztro.hu\/de\/wp-json\/wp\/v2\/product_cat?post=10062"},{"taxonomy":"product_tag","embeddable":true,"href":"https:\/\/szomszedbisztro.hu\/de\/wp-json\/wp\/v2\/product_tag?post=10062"}],"curies":[{"name":"wp","href":"https:\/\/api.w.org\/{rel}","templated":true}]}}