{"id":7851,"date":"2024-10-24T13:36:05","date_gmt":"2024-10-24T11:36:05","guid":{"rendered":"https:\/\/szomszedbisztro.hu\/?page_id=7851"},"modified":"2026-04-22T14:31:36","modified_gmt":"2026-04-22T12:31:36","slug":"kontakt","status":"publish","type":"page","link":"https:\/\/szomszedbisztro.hu\/de\/kontakt\/","title":{"rendered":"Kontakt"},"content":{"rendered":"<div class=\"wp-block-columns are-vertically-aligned-center is-layout-flex wp-container-core-columns-is-layout-1 wp-block-columns-is-layout-flex\"><div class=\"wp-block-column is-vertically-aligned-center kapcsolat-col is-layout-flow wp-block-column-is-layout-flow\" style=\"flex-basis:50%\"><h2 class=\"wp-block-heading\">Reservierung<\/h2>\n\n<div class=\"wp-block-buttons is-content-justification-left is-layout-flex wp-container-core-buttons-is-layout-1 wp-block-buttons-is-layout-flex\" style=\"margin-bottom:var(--wp--preset--spacing--60)\"><div class=\"wp-block-button\"><a class=\"wp-block-button__link wp-element-button\" href=\"https:\/\/szomszedbisztro.hu\/online-asztalfoglalas\/\" style=\"border-radius:0px\">Weiter zur Online-Reservierung!<\/a><\/div><\/div>\n\n<h2 class=\"wp-block-heading\">Kontakt<\/h2>\n\n<p><strong>BISTRO UND GEMEINSCHAFTSRAUM \u201eA SZOMSZ\u00c9D\u201c<\/strong><br>4032 Debrecen, Akad\u00e9mia utca 96.<br><a href=\"mailto:rendeles@szomszedbisztro.hu\"><u>rendeles@szomszedbisztro.hu<\/u><\/a><br><a href=\"mailto:rendezveny@szomszedbisztro.hu\" target=\"_blank\" rel=\"noreferrer noopener\">rendezveny@szomszedbisztro.hu<\/a>&nbsp;<br><a href=\"mailto:info@szomszedbisztro.hu\"><u>info@szomszedbisztro.hu<\/u><\/a><\/p>\n\n<p><strong>+36 30 300 10 10<\/strong><\/p>\n\n\t<div class=\"social-icon-cont\">\n\t\t\t<a href=\"https:\/\/www.facebook.com\/szomszedbisztro\/\" title=\"Facebook profilunk\">\n\t\t\t<i class=\"lab la-facebook-f\"><\/i>\n\t\t<\/a>\n\t\t\t\t<a href=\"https:\/\/www.instagram.com\/szomszedbisztro\/\" title=\"Instagram profilunk\">\n\t\t\t<i class=\"lab la-instagram\"><\/i>\n\t\t<\/a>\n\t\t\t\t<a href=\"https:\/\/www.tiktok.com\/@szomszedbisztro\" title=\"TikTok profilunk\">\n\t\t\t<svg width=\"18\" height=\"18\" viewBox=\"0 0 24 24\" fill=\"none\" xmlns=\"http:\/\/www.w3.org\/2000\/svg\">\n\t\t\t\t\t<path d=\"M17.0725 0H13.0278V16.3478C13.0278 18.2957 11.4722 19.8957 9.53626 19.8957C7.60034 19.8957 6.04469 18.2957 6.04469 16.3478C6.04469 14.4348 7.56577 12.8695 9.43257 12.8V8.69567C5.31872 8.7652 2 12.1391 2 16.3478C2 20.5913 5.38786 24 9.57085 24C13.7538 24 17.1416 20.5565 17.1416 16.3478V7.9652C18.6627 9.07827 20.5295 9.73913 22.5 9.77393V5.66957C19.4579 5.56522 17.0725 3.06087 17.0725 0Z\" fill=\"white\"\/>\n\t\t\t<\/svg>                      \n\t\t<\/a>\n\t\t\t\t<a href=\"https:\/\/www.tripadvisor.com\/Restaurant_Review-g274890-d23405055-Reviews-Szomszed_Bisztro_Es_Kozossegi_Ter-Debrecen_Hajdu_Bihar_County_Northern_Great_Pla.html\" title=\"Tripadvisor\">\n\t\t<i class=\"lab la-tripadvisor\"><\/i>                    \n\t<\/a>\t\n\t\t<\/div>\n\t\n\n<p><strong>\u00d6ffnungszeiten:<\/strong><\/p>\n\n<p>Montag: GESCHLOSSEN<br>Dienstag-Donnerstag: 11:00-21:30<br>Freitag: 11:00-22:00<br>Samstag: 11:00-22:00<br>Sonntag: GESCHLOSSEN<\/p>\n\n<p><strong>Bestellungen f\u00fcr Essen:<br>T\u00e4glich bis 21:00 Uhr<\/strong><\/p><\/div>\n\n<div class=\"wp-block-column is-vertically-aligned-center is-layout-flow wp-block-column-is-layout-flow\" style=\"flex-basis:50%\"><figure class=\"wp-block-image size-large\" data-aos=\"fade\" data-aos-delay=\"500\" data-aos-duration=\"1000\" data-aos-once=\"true\"><a href=\"https:\/\/www.google.com\/maps\/place\/Szomsz%C3%A9d+Bisztr%C3%B3\/@47.547631,21.59718,14z\/data=!4m5!3m4!1s0x0:0x545f3e76e92a54d5!8m2!3d47.5476314!4d21.5971801?hl=hu\" target=\"_blank\" rel=\"noreferrer noopener\"><img decoding=\"async\" src=\"https:\/\/szomszedbisztro.hu\/wp-content\/uploads\/2021\/03\/szomszed-bisztro-debrecen-etel-kiszallitas-terkep2.jpg\" alt=\"\"\/><\/a><\/figure><\/div><\/div><hr class=\"wp-block-separator has-text-color has-alpha-channel-opacity has-background\" style=\"margin-top:var(--wp--preset--spacing--50);margin-bottom:var(--wp--preset--spacing--50);background-color:#bebebe;color:#bebebe\"\/><h2 class=\"wp-block-heading\">Lieferservice<\/h2><p><strong>M\u00f6chtest Du die \u201eSzomsz\u00e9d\u201c-Geschm\u00e4cker zu Hause genie\u00dfen? <\/strong>Komm vorbei oder bestelle es euch nach Hause! <strong>Bestelle die ausgew\u00e4hlten Gerichte direkt im Restaurant und hole sie ab! <\/strong>Bei Bedarf an Hauslieferung <strong>bestellt \u00fcber die Wolt\/Foodora\/Visitme-Plattform aus unserem Restaurantangebot!<\/strong><\/p><div class=\"wp-block-columns are-vertically-aligned-center is-layout-flex wp-container-core-columns-is-layout-2 wp-block-columns-is-layout-flex\"><div class=\"wp-block-column is-vertically-aligned-center is-layout-flow wp-block-column-is-layout-flow\"><figure class=\"wp-block-image aligncenter size-large is-resized\"><img loading=\"lazy\" decoding=\"async\" width=\"1024\" height=\"576\" src=\"https:\/\/szomszedbisztro.hu\/wp-content\/uploads\/2023\/11\/Wolt-Symbol-1024x576.png\" alt=\"\" class=\"wp-image-5585\" style=\"width:242px;height:auto\" srcset=\"https:\/\/szomszedbisztro.hu\/wp-content\/uploads\/2023\/11\/Wolt-Symbol-1024x576.png 1024w, https:\/\/szomszedbisztro.hu\/wp-content\/uploads\/2023\/11\/Wolt-Symbol-300x169.png 300w, https:\/\/szomszedbisztro.hu\/wp-content\/uploads\/2023\/11\/Wolt-Symbol-768x432.png 768w, https:\/\/szomszedbisztro.hu\/wp-content\/uploads\/2023\/11\/Wolt-Symbol-1536x864.png 1536w, https:\/\/szomszedbisztro.hu\/wp-content\/uploads\/2023\/11\/Wolt-Symbol-2048x1152.png 2048w\" sizes=\"auto, (max-width: 1024px) 100vw, 1024px\" \/><\/figure><\/div>\n\n<div class=\"wp-block-column is-vertically-aligned-center is-layout-flow wp-block-column-is-layout-flow\"><div class=\"wp-block-buttons is-content-justification-center is-layout-flex wp-container-core-buttons-is-layout-2 wp-block-buttons-is-layout-flex\"><div class=\"wp-block-button\"><a class=\"wp-block-button__link wp-element-button\" href=\"https:\/\/wolt.com\/hu\/hun\/debrecen\/restaurant\/szomszd-bisztr\" style=\"border-radius:0px\">Bestelle jetzt!<\/a><\/div><\/div><\/div><\/div><div class=\"wp-block-columns are-vertically-aligned-center is-layout-flex wp-container-core-columns-is-layout-3 wp-block-columns-is-layout-flex\"><div class=\"wp-block-column is-vertically-aligned-center is-layout-flow wp-block-column-is-layout-flow\"><figure class=\"wp-block-image aligncenter size-full\"><img loading=\"lazy\" decoding=\"async\" width=\"474\" height=\"189\" src=\"https:\/\/szomszedbisztro.hu\/wp-content\/uploads\/2024\/04\/th-906245486.jpg\" alt=\"\" class=\"wp-image-6846\" srcset=\"https:\/\/szomszedbisztro.hu\/wp-content\/uploads\/2024\/04\/th-906245486.jpg 474w, https:\/\/szomszedbisztro.hu\/wp-content\/uploads\/2024\/04\/th-906245486-250x100.jpg 250w, https:\/\/szomszedbisztro.hu\/wp-content\/uploads\/2024\/04\/th-906245486-120x48.jpg 120w, https:\/\/szomszedbisztro.hu\/wp-content\/uploads\/2024\/04\/th-906245486-247x98.jpg 247w\" sizes=\"auto, (max-width: 474px) 100vw, 474px\" \/><\/figure><\/div>\n\n<div class=\"wp-block-column is-vertically-aligned-center is-layout-flow wp-block-column-is-layout-flow\"><div class=\"wp-block-buttons is-content-justification-center is-layout-flex wp-container-core-buttons-is-layout-3 wp-block-buttons-is-layout-flex\"><div class=\"wp-block-button\"><a class=\"wp-block-button__link wp-element-button\" href=\"https:\/\/www.foodora.hu\/restaurant\/yk1g\/szomszed-bisztro\" style=\"border-radius:0px\" target=\"_blank\" rel=\"noreferrer noopener\">Bestelle jetzt!<\/a><\/div><\/div><\/div><\/div>","protected":false},"excerpt":{"rendered":"Reservierung Kontakt BISTRO UND GEMEINSCHAFTSRAUM \u201eA SZOMSZ\u00c9D\u201c4032 Debrecen, Akad\u00e9mia utca 96.rendeles@szomszedbisztro.hurendezveny@szomszedbisztro.hu&nbsp;info@szomszedbisztro.hu +36 30 300 10 10 \u00d6ffnungszeiten: Montag: GESCHLOSSENDienstag-Donnerstag: 11:00-21:30Freitag: 11:00-22:00Samstag: 11:00-22:00Sonntag: GESCHLOSSEN Bestellungen f\u00fcr Essen:T\u00e4glich bis 21:00 Uhr Lieferservice M\u00f6chtest Du die \u201eSzomsz\u00e9d\u201c-Geschm\u00e4cker zu Hause genie\u00dfen? Komm vorbei oder bestelle es euch nach Hause! Bestelle die ausgew\u00e4hlten Gerichte direkt im Restaurant und hole sie ab! Bei Bedarf an Hauslieferung bestellt \u00fcber die Wolt\/Foodora\/Visitme-Plattform aus unserem Restaurantangebot!","protected":false},"author":6,"featured_media":0,"parent":0,"menu_order":0,"comment_status":"closed","ping_status":"closed","template":"","meta":{"wp_popup_display_lightbox":0,"wp_popup_suppress":"","wp_popup_trigger":"","wp_popup_trigger_amount":0,"wp_popup_disable_on_mobile":false,"footnotes":""},"class_list":["post-7851","page","type-page","status-publish","hentry"],"_links":{"self":[{"href":"https:\/\/szomszedbisztro.hu\/de\/wp-json\/wp\/v2\/pages\/7851","targetHints":{"allow":["GET"]}}],"collection":[{"href":"https:\/\/szomszedbisztro.hu\/de\/wp-json\/wp\/v2\/pages"}],"about":[{"href":"https:\/\/szomszedbisztro.hu\/de\/wp-json\/wp\/v2\/types\/page"}],"author":[{"embeddable":true,"href":"https:\/\/szomszedbisztro.hu\/de\/wp-json\/wp\/v2\/users\/6"}],"replies":[{"embeddable":true,"href":"https:\/\/szomszedbisztro.hu\/de\/wp-json\/wp\/v2\/comments?post=7851"}],"version-history":[{"count":5,"href":"https:\/\/szomszedbisztro.hu\/de\/wp-json\/wp\/v2\/pages\/7851\/revisions"}],"predecessor-version":[{"id":11115,"href":"https:\/\/szomszedbisztro.hu\/de\/wp-json\/wp\/v2\/pages\/7851\/revisions\/11115"}],"wp:attachment":[{"href":"https:\/\/szomszedbisztro.hu\/de\/wp-json\/wp\/v2\/media?parent=7851"}],"curies":[{"name":"wp","href":"https:\/\/api.w.org\/{rel}","templated":true}]}}