{"id":7848,"date":"2024-10-24T13:29:48","date_gmt":"2024-10-24T11:29:48","guid":{"rendered":"https:\/\/szomszedbisztro.hu\/?page_id=7848"},"modified":"2024-10-24T13:29:49","modified_gmt":"2024-10-24T11:29:49","slug":"fuer-unternehmen-empfohlen","status":"publish","type":"page","link":"https:\/\/szomszedbisztro.hu\/de\/fuer-unternehmen-empfohlen\/","title":{"rendered":"F\u00fcr Unternehmen empfohlen"},"content":{"rendered":"<p><strong>Bei uns ist alles f\u00fcr die professionelle Durchf\u00fchrung von Firmenveranstaltungen gegeben: <\/strong>anspruchsvolle Veranstaltungsr\u00e4ume in verschiedenen Stilen und Funktionen, exzellenter Catering-Service und sorgf\u00e4ltige Bewirtung.<\/p><p><strong>Unsere R\u00e4umlichkeiten auf dem Obergeschoss sind speziell daf\u00fcr eingerichtet:<\/strong>\u00a0hochwertig gestaltete, mit Projektions- und Audiotechnik ausgestattete separate R\u00e4ume und Besprechungszimmer (2-8 Personen) sowie unser Schulungsraum (bis zu 25 Personen) bieten den idealen Ort f\u00fcr Firmenzusammenk\u00fcnfte, Besprechungen und Veranstaltungen, erg\u00e4nzt durch eine bequeme, abgeschottete Terrasse auf derselben Ebene. Unsere B\u00fcros und die Veranstaltungsr\u00e4ume des Bistros sind mietbar und k\u00f6nnen mit Catering-Service erg\u00e4nzt werden, von Kaffeepausen bis zur kompletten Bewirtung.<\/p><p><strong>Zugeschnittene Veranstaltungen organisieren wir nach individuellen Bed\u00fcrfnissen:<\/strong>\u00a0Unsere Restaurantbereiche sind f\u00fcr die Bewirtung von 40-50 Personen im Sitzen geeignet, k\u00f6nnen aber auch im Buffetstil oder mit Stehtischen angefragt werden. Der gro\u00dfe Raum ist mit Projektions- und Audiotechnik ausgestattet und verf\u00fcgt \u00fcber eine kleine B\u00fchne, die ebenfalls genutzt werden kann.<strong> Das Speisenangebot kann \u2013 in Absprache mit Experten \u2013 individuell zusammengestellt werden, auch basierend auf speziellen Bed\u00fcrfnissen:\u00a0<\/strong>vegetarische, vegane und allergenfreie Optionen sind ebenfalls w\u00e4hlbar. Business-Brunch, Partnermeeting, Firmenabendessen, Team-Building? <strong>&#8211; Sie m\u00fcssen nur die passende Zusammenstellung ausw\u00e4hlen!<\/strong><\/p><p><\/p><p><strong>Catering auf einem neuen Niveau<\/strong><\/p><p><strong>M\u00f6chen Sie, dass wir zu Ihnen kommen? Gern!<\/strong>\u00a0Die Geschm\u00e4cker des \u201eSzomsz\u00e9d\u201c k\u00f6nnen auch an externen Veranstaltungsorten genossen werden: <strong>Der Szomsz\u00e9d-Catering-Service<\/strong>\u00a0bietet kalte und warme Speisen f\u00fcr Veranstaltungen mit bis zu 150 Personen an:<\/p><ul class=\"wp-block-list\"><li>Gourmet-Sandwiches<\/li>\n\n<li>Fish &amp; Chips, Mini-Burger<\/li>\n\n<li>Hausgemachtes Baguette\/Brot<\/li>\n\n<li>Warme Gerichte<\/li>\n\n<li>Premium-Desserts<\/li><\/ul><figure class=\"wp-block-image size-large is-resized\"><img loading=\"lazy\" decoding=\"async\" width=\"700\" height=\"467\" src=\"https:\/\/szomszedbisztro.hu\/wp-content\/uploads\/2024\/02\/417903065_1621143878656957_7590403123637536856_n-700x467.jpg\" alt=\"\" class=\"wp-image-6680\" style=\"width:453px;height:auto\" srcset=\"https:\/\/szomszedbisztro.hu\/wp-content\/uploads\/2024\/02\/417903065_1621143878656957_7590403123637536856_n-700x467.jpg 700w, https:\/\/szomszedbisztro.hu\/wp-content\/uploads\/2024\/02\/417903065_1621143878656957_7590403123637536856_n-250x167.jpg 250w, https:\/\/szomszedbisztro.hu\/wp-content\/uploads\/2024\/02\/417903065_1621143878656957_7590403123637536856_n-768x513.jpg 768w, https:\/\/szomszedbisztro.hu\/wp-content\/uploads\/2024\/02\/417903065_1621143878656957_7590403123637536856_n-1536x1025.jpg 1536w, https:\/\/szomszedbisztro.hu\/wp-content\/uploads\/2024\/02\/417903065_1621143878656957_7590403123637536856_n-2048x1367.jpg 2048w, https:\/\/szomszedbisztro.hu\/wp-content\/uploads\/2024\/02\/417903065_1621143878656957_7590403123637536856_n-120x80.jpg 120w\" sizes=\"auto, (max-width: 700px) 100vw, 700px\" \/><\/figure><p><\/p><p><strong>Wir sind auch Partner in der Programmorganisierung.<\/strong><\/p><p><strong>W\u00e4hlen Sie aus unserem Programmangebot f\u00fcr Ihre Unternehmensveranstaltung!<\/strong><\/p><ul class=\"wp-block-list\"><li>Professionelle Redner, von Sommeliers geleitete Wein-, Sekt-, Rum- oder Whiskeyverkostungen,<\/li>\n\n<li>Musikalische, theatrale oder thematische B\u00fchnenprogramme sowie Trainingspanels sind ebenfalls in unseren Unternehmensveranstaltungspaketen verf\u00fcgbar.<\/li>\n\n<li>Team-Building-M\u00f6glichkeiten: Pizzakurs\/Cocktailkurs<\/li>\n\n<li>Privat-Weinkeller f\u00fcr 12-15 Personen<\/li>\n\n<li>Unsere Konferenzr\u00e4ume sind mit Projektoren, Flipcharts und Audiotechnik ausgestattet: F\u00fcr 8\/20\/40 Personen<\/li>\n\n<li>Organisation von Partnermeetings, Business-Fr\u00fchst\u00fccken<\/li>\n\n<li>Mini-Casino (No Cash)<\/li><\/ul><p><\/p><p><strong>F\u00fcr ein individuelles Angebot erwarten wir Ihre Anfrage unter der E-Mail-Adresse:\u00a0<a href=\"mailto:rendezveny@szomszedbisztro.hu\">rendezveny@szomszedbisztro.hu<\/a>.<\/strong><\/p><div style=\"height:50px\" aria-hidden=\"true\" class=\"wp-block-spacer\"><\/div><div class=\"wp-block-buttons is-content-justification-center is-layout-flex wp-container-core-buttons-is-layout-1 wp-block-buttons-is-layout-flex\"><div class=\"wp-block-button\" style=\"font-style:normal;font-weight:500;text-transform:uppercase\"><a class=\"wp-block-button__link has-black-background-color has-background has-text-align-center wp-element-button\" href=\"mailto:rendezveny@szomszedbisztro.hu\" style=\"border-style:none;border-width:0px;border-radius:0px\">Kontaktaufnahme<\/a><\/div><\/div><div style=\"height:50px\" aria-hidden=\"true\" class=\"wp-block-spacer\"><\/div><figure class=\"wp-block-gallery has-nested-images columns-4 is-cropped wp-block-gallery-1 is-layout-flex wp-block-gallery-is-layout-flex\"><figure class=\"wp-block-image size-large\" data-aos=\"fade-right\" data-aos-delay=\"250\" data-aos-duration=\"1000\"><a href=\"https:\/\/szomszedbisztro.hu\/wp-content\/uploads\/2021\/07\/szomszed-bisztro-debrecen-etel-kiszallitas-rendezvenyter-1.jpg\"><img loading=\"lazy\" decoding=\"async\" width=\"800\" height=\"533\" data-id=\"1193\" src=\"https:\/\/szomszedbisztro.hu\/wp-content\/uploads\/2021\/07\/szomszed-bisztro-debrecen-etel-kiszallitas-rendezvenyter-1.jpg\" alt=\"\" class=\"wp-image-1193\" srcset=\"https:\/\/szomszedbisztro.hu\/wp-content\/uploads\/2021\/07\/szomszed-bisztro-debrecen-etel-kiszallitas-rendezvenyter-1.jpg 800w, https:\/\/szomszedbisztro.hu\/wp-content\/uploads\/2021\/07\/szomszed-bisztro-debrecen-etel-kiszallitas-rendezvenyter-1-300x200.jpg 300w, https:\/\/szomszedbisztro.hu\/wp-content\/uploads\/2021\/07\/szomszed-bisztro-debrecen-etel-kiszallitas-rendezvenyter-1-768x512.jpg 768w, https:\/\/szomszedbisztro.hu\/wp-content\/uploads\/2021\/07\/szomszed-bisztro-debrecen-etel-kiszallitas-rendezvenyter-1-247x165.jpg 247w, https:\/\/szomszedbisztro.hu\/wp-content\/uploads\/2021\/07\/szomszed-bisztro-debrecen-etel-kiszallitas-rendezvenyter-1-510x340.jpg 510w\" sizes=\"auto, (max-width: 800px) 100vw, 800px\" \/><\/a><\/figure>\n\n<figure class=\"wp-block-image size-large\" data-aos=\"fade-right\" data-aos-delay=\"250\" data-aos-duration=\"1000\"><a href=\"https:\/\/szomszedbisztro.hu\/wp-content\/uploads\/2021\/07\/szomszed-bisztro-debrecen-etel-kiszallitas-rendezvenyter-2.jpg\"><img loading=\"lazy\" decoding=\"async\" width=\"800\" height=\"533\" data-id=\"1195\" src=\"https:\/\/szomszedbisztro.hu\/wp-content\/uploads\/2021\/07\/szomszed-bisztro-debrecen-etel-kiszallitas-rendezvenyter-2.jpg\" alt=\"\" class=\"wp-image-1195\" srcset=\"https:\/\/szomszedbisztro.hu\/wp-content\/uploads\/2021\/07\/szomszed-bisztro-debrecen-etel-kiszallitas-rendezvenyter-2.jpg 800w, https:\/\/szomszedbisztro.hu\/wp-content\/uploads\/2021\/07\/szomszed-bisztro-debrecen-etel-kiszallitas-rendezvenyter-2-300x200.jpg 300w, https:\/\/szomszedbisztro.hu\/wp-content\/uploads\/2021\/07\/szomszed-bisztro-debrecen-etel-kiszallitas-rendezvenyter-2-768x512.jpg 768w, https:\/\/szomszedbisztro.hu\/wp-content\/uploads\/2021\/07\/szomszed-bisztro-debrecen-etel-kiszallitas-rendezvenyter-2-247x165.jpg 247w, https:\/\/szomszedbisztro.hu\/wp-content\/uploads\/2021\/07\/szomszed-bisztro-debrecen-etel-kiszallitas-rendezvenyter-2-510x340.jpg 510w\" sizes=\"auto, (max-width: 800px) 100vw, 800px\" \/><\/a><\/figure>\n\n<figure class=\"wp-block-image size-large\" data-aos=\"fade-right\" data-aos-delay=\"250\" data-aos-duration=\"1000\"><a href=\"https:\/\/szomszedbisztro.hu\/wp-content\/uploads\/2021\/07\/szomszed-bisztro-debrecen-etel-kiszallitas-rendezvenyter-3.jpg\"><img loading=\"lazy\" decoding=\"async\" width=\"800\" height=\"533\" data-id=\"1197\" src=\"https:\/\/szomszedbisztro.hu\/wp-content\/uploads\/2021\/07\/szomszed-bisztro-debrecen-etel-kiszallitas-rendezvenyter-3.jpg\" alt=\"\" class=\"wp-image-1197\" srcset=\"https:\/\/szomszedbisztro.hu\/wp-content\/uploads\/2021\/07\/szomszed-bisztro-debrecen-etel-kiszallitas-rendezvenyter-3.jpg 800w, https:\/\/szomszedbisztro.hu\/wp-content\/uploads\/2021\/07\/szomszed-bisztro-debrecen-etel-kiszallitas-rendezvenyter-3-300x200.jpg 300w, https:\/\/szomszedbisztro.hu\/wp-content\/uploads\/2021\/07\/szomszed-bisztro-debrecen-etel-kiszallitas-rendezvenyter-3-768x512.jpg 768w, https:\/\/szomszedbisztro.hu\/wp-content\/uploads\/2021\/07\/szomszed-bisztro-debrecen-etel-kiszallitas-rendezvenyter-3-247x165.jpg 247w, https:\/\/szomszedbisztro.hu\/wp-content\/uploads\/2021\/07\/szomszed-bisztro-debrecen-etel-kiszallitas-rendezvenyter-3-510x340.jpg 510w\" sizes=\"auto, (max-width: 800px) 100vw, 800px\" \/><\/a><\/figure>\n\n<figure class=\"wp-block-image size-large\" data-aos=\"fade-right\" data-aos-delay=\"250\" data-aos-duration=\"1000\"><a href=\"https:\/\/szomszedbisztro.hu\/wp-content\/uploads\/2021\/07\/szomszed-bisztro-debrecen-etel-kiszallitas-rendezvenyter-4.jpg\"><img loading=\"lazy\" decoding=\"async\" width=\"800\" height=\"533\" data-id=\"1199\" src=\"https:\/\/szomszedbisztro.hu\/wp-content\/uploads\/2021\/07\/szomszed-bisztro-debrecen-etel-kiszallitas-rendezvenyter-4.jpg\" alt=\"\" class=\"wp-image-1199\" srcset=\"https:\/\/szomszedbisztro.hu\/wp-content\/uploads\/2021\/07\/szomszed-bisztro-debrecen-etel-kiszallitas-rendezvenyter-4.jpg 800w, https:\/\/szomszedbisztro.hu\/wp-content\/uploads\/2021\/07\/szomszed-bisztro-debrecen-etel-kiszallitas-rendezvenyter-4-300x200.jpg 300w, https:\/\/szomszedbisztro.hu\/wp-content\/uploads\/2021\/07\/szomszed-bisztro-debrecen-etel-kiszallitas-rendezvenyter-4-768x512.jpg 768w, https:\/\/szomszedbisztro.hu\/wp-content\/uploads\/2021\/07\/szomszed-bisztro-debrecen-etel-kiszallitas-rendezvenyter-4-247x165.jpg 247w, https:\/\/szomszedbisztro.hu\/wp-content\/uploads\/2021\/07\/szomszed-bisztro-debrecen-etel-kiszallitas-rendezvenyter-4-510x340.jpg 510w\" sizes=\"auto, (max-width: 800px) 100vw, 800px\" \/><\/a><\/figure>\n\n<figure class=\"wp-block-image size-large\" data-aos=\"fade-right\" data-aos-delay=\"250\" data-aos-duration=\"1000\"><a href=\"https:\/\/szomszedbisztro.hu\/wp-content\/uploads\/2021\/07\/szomszed-bisztro-debrecen-etel-kiszallitas-rendezvenyter-5.jpg\"><img loading=\"lazy\" decoding=\"async\" width=\"800\" height=\"533\" data-id=\"1201\" src=\"https:\/\/szomszedbisztro.hu\/wp-content\/uploads\/2021\/07\/szomszed-bisztro-debrecen-etel-kiszallitas-rendezvenyter-5.jpg\" alt=\"\" class=\"wp-image-1201\" srcset=\"https:\/\/szomszedbisztro.hu\/wp-content\/uploads\/2021\/07\/szomszed-bisztro-debrecen-etel-kiszallitas-rendezvenyter-5.jpg 800w, https:\/\/szomszedbisztro.hu\/wp-content\/uploads\/2021\/07\/szomszed-bisztro-debrecen-etel-kiszallitas-rendezvenyter-5-300x200.jpg 300w, https:\/\/szomszedbisztro.hu\/wp-content\/uploads\/2021\/07\/szomszed-bisztro-debrecen-etel-kiszallitas-rendezvenyter-5-768x512.jpg 768w, https:\/\/szomszedbisztro.hu\/wp-content\/uploads\/2021\/07\/szomszed-bisztro-debrecen-etel-kiszallitas-rendezvenyter-5-247x165.jpg 247w, https:\/\/szomszedbisztro.hu\/wp-content\/uploads\/2021\/07\/szomszed-bisztro-debrecen-etel-kiszallitas-rendezvenyter-5-510x340.jpg 510w\" sizes=\"auto, (max-width: 800px) 100vw, 800px\" \/><\/a><\/figure>\n\n<figure class=\"wp-block-image size-large\" data-aos=\"fade-right\" data-aos-delay=\"250\" data-aos-duration=\"1000\"><a href=\"https:\/\/szomszedbisztro.hu\/wp-content\/uploads\/2021\/07\/szomszed-bisztro-debrecen-etel-kiszallitas-rendezvenyter-6.jpg\"><img loading=\"lazy\" decoding=\"async\" width=\"800\" height=\"533\" data-id=\"1203\" src=\"https:\/\/szomszedbisztro.hu\/wp-content\/uploads\/2021\/07\/szomszed-bisztro-debrecen-etel-kiszallitas-rendezvenyter-6.jpg\" alt=\"\" class=\"wp-image-1203\" srcset=\"https:\/\/szomszedbisztro.hu\/wp-content\/uploads\/2021\/07\/szomszed-bisztro-debrecen-etel-kiszallitas-rendezvenyter-6.jpg 800w, https:\/\/szomszedbisztro.hu\/wp-content\/uploads\/2021\/07\/szomszed-bisztro-debrecen-etel-kiszallitas-rendezvenyter-6-300x200.jpg 300w, https:\/\/szomszedbisztro.hu\/wp-content\/uploads\/2021\/07\/szomszed-bisztro-debrecen-etel-kiszallitas-rendezvenyter-6-768x512.jpg 768w, https:\/\/szomszedbisztro.hu\/wp-content\/uploads\/2021\/07\/szomszed-bisztro-debrecen-etel-kiszallitas-rendezvenyter-6-247x165.jpg 247w, https:\/\/szomszedbisztro.hu\/wp-content\/uploads\/2021\/07\/szomszed-bisztro-debrecen-etel-kiszallitas-rendezvenyter-6-510x340.jpg 510w\" sizes=\"auto, (max-width: 800px) 100vw, 800px\" \/><\/a><\/figure>\n\n<figure class=\"wp-block-image size-large\" data-aos=\"fade-right\" data-aos-delay=\"250\" data-aos-duration=\"1000\"><a href=\"https:\/\/szomszedbisztro.hu\/wp-content\/uploads\/2021\/07\/szomszed-bisztro-debrecen-etel-kiszallitas-rendezvenyter-7.jpg\"><img loading=\"lazy\" decoding=\"async\" width=\"800\" height=\"533\" data-id=\"1205\" src=\"https:\/\/szomszedbisztro.hu\/wp-content\/uploads\/2021\/07\/szomszed-bisztro-debrecen-etel-kiszallitas-rendezvenyter-7.jpg\" alt=\"\" class=\"wp-image-1205\" srcset=\"https:\/\/szomszedbisztro.hu\/wp-content\/uploads\/2021\/07\/szomszed-bisztro-debrecen-etel-kiszallitas-rendezvenyter-7.jpg 800w, https:\/\/szomszedbisztro.hu\/wp-content\/uploads\/2021\/07\/szomszed-bisztro-debrecen-etel-kiszallitas-rendezvenyter-7-300x200.jpg 300w, https:\/\/szomszedbisztro.hu\/wp-content\/uploads\/2021\/07\/szomszed-bisztro-debrecen-etel-kiszallitas-rendezvenyter-7-768x512.jpg 768w, https:\/\/szomszedbisztro.hu\/wp-content\/uploads\/2021\/07\/szomszed-bisztro-debrecen-etel-kiszallitas-rendezvenyter-7-247x165.jpg 247w, https:\/\/szomszedbisztro.hu\/wp-content\/uploads\/2021\/07\/szomszed-bisztro-debrecen-etel-kiszallitas-rendezvenyter-7-510x340.jpg 510w\" sizes=\"auto, (max-width: 800px) 100vw, 800px\" \/><\/a><\/figure><\/figure>","protected":false},"excerpt":{"rendered":"Bei uns ist alles f\u00fcr die professionelle Durchf\u00fchrung von Firmenveranstaltungen gegeben: anspruchsvolle Veranstaltungsr\u00e4ume in verschiedenen Stilen und Funktionen, exzellenter Catering-Service und sorgf\u00e4ltige Bewirtung. Unsere R\u00e4umlichkeiten auf dem Obergeschoss sind speziell daf\u00fcr eingerichtet:\u00a0hochwertig gestaltete, mit Projektions- und Audiotechnik ausgestattete separate R\u00e4ume und Besprechungszimmer (2-8 Personen) sowie unser Schulungsraum (bis zu 25 Personen) bieten den idealen Ort f\u00fcr Firmenzusammenk\u00fcnfte, Besprechungen und Veranstaltungen, erg\u00e4nzt durch eine bequeme, abgeschottete Terrasse auf derselben Ebene. Unsere B\u00fcros und die Veranstaltungsr\u00e4ume des Bistros sind mietbar und k\u00f6nnen mit Catering-Service erg\u00e4nzt werden, von Kaffeepausen bis zur kompletten Bewirtung. Zugeschnittene Veranstaltungen organisieren wir nach individuellen Bed\u00fcrfnissen:\u00a0Unsere Restaurantbereiche sind f\u00fcr die Bewirtung von 40-50 Personen im Sitzen geeignet, k\u00f6nnen aber auch im Buffetstil oder mit Stehtischen angefragt werden. Der gro\u00dfe&#8230; <a class=\"view-article\" href=\"https:\/\/szomszedbisztro.hu\/de\/fuer-unternehmen-empfohlen\/\">Artikel ansehen<i class=\"las la-long-arrow-alt-right\"><\/i><\/a>","protected":false},"author":6,"featured_media":7829,"parent":0,"menu_order":0,"comment_status":"closed","ping_status":"closed","template":"","meta":{"wp_popup_display_lightbox":0,"wp_popup_suppress":"","wp_popup_trigger":"","wp_popup_trigger_amount":0,"wp_popup_disable_on_mobile":false,"footnotes":""},"class_list":["post-7848","page","type-page","status-publish","has-post-thumbnail","hentry"],"_links":{"self":[{"href":"https:\/\/szomszedbisztro.hu\/de\/wp-json\/wp\/v2\/pages\/7848","targetHints":{"allow":["GET"]}}],"collection":[{"href":"https:\/\/szomszedbisztro.hu\/de\/wp-json\/wp\/v2\/pages"}],"about":[{"href":"https:\/\/szomszedbisztro.hu\/de\/wp-json\/wp\/v2\/types\/page"}],"author":[{"embeddable":true,"href":"https:\/\/szomszedbisztro.hu\/de\/wp-json\/wp\/v2\/users\/6"}],"replies":[{"embeddable":true,"href":"https:\/\/szomszedbisztro.hu\/de\/wp-json\/wp\/v2\/comments?post=7848"}],"version-history":[{"count":1,"href":"https:\/\/szomszedbisztro.hu\/de\/wp-json\/wp\/v2\/pages\/7848\/revisions"}],"predecessor-version":[{"id":7849,"href":"https:\/\/szomszedbisztro.hu\/de\/wp-json\/wp\/v2\/pages\/7848\/revisions\/7849"}],"wp:featuredmedia":[{"embeddable":true,"href":"https:\/\/szomszedbisztro.hu\/de\/wp-json\/wp\/v2\/media\/7829"}],"wp:attachment":[{"href":"https:\/\/szomszedbisztro.hu\/de\/wp-json\/wp\/v2\/media?parent=7848"}],"curies":[{"name":"wp","href":"https:\/\/api.w.org\/{rel}","templated":true}]}}