{"id":7833,"date":"2024-10-24T13:44:17","date_gmt":"2024-10-24T11:44:17","guid":{"rendered":"https:\/\/szomszedbisztro.hu\/?page_id=7833"},"modified":"2025-07-14T12:15:42","modified_gmt":"2025-07-14T10:15:42","slug":"programme","status":"publish","type":"page","link":"https:\/\/szomszedbisztro.hu\/de\/programme\/","title":{"rendered":"Programme"},"content":{"rendered":"<div class=\"wp-block-group programlist-container is-horizontal is-content-justification-left is-layout-flex wp-container-core-group-is-layout-6 wp-block-group-is-layout-flex\"><div class=\"wp-block-group event-block width-1-2 is-layout-flow wp-block-group-is-layout-flow\"><figure class=\"wp-block-image size-full is-resized\"><img loading=\"lazy\" decoding=\"async\" width=\"800\" height=\"440\" src=\"https:\/\/szomszedbisztro.hu\/wp-content\/uploads\/2023\/11\/Hello-szomszed-Utalvany-Programok10.jpg\" alt=\"\" class=\"wp-image-5811\" style=\"width:500px\" srcset=\"https:\/\/szomszedbisztro.hu\/wp-content\/uploads\/2023\/11\/Hello-szomszed-Utalvany-Programok10.jpg 800w, https:\/\/szomszedbisztro.hu\/wp-content\/uploads\/2023\/11\/Hello-szomszed-Utalvany-Programok10-300x165.jpg 300w, https:\/\/szomszedbisztro.hu\/wp-content\/uploads\/2023\/11\/Hello-szomszed-Utalvany-Programok10-768x422.jpg 768w\" sizes=\"auto, (max-width: 800px) 100vw, 800px\" \/><\/figure>\n\n<p class=\"has-text-align-center esemeny-nev-container\" style=\"font-size:20px;font-style:normal;font-weight:700\">Geschenkgutschein 10.000 Ft<\/p>\n\n<button type=\"button\" style=\"display:none;\" class=\"button btn btn-primary button--fill expand\" name=\"festin-button\" data-festin-role=\"opener\" data-festin-event-id=\"6528ef708c132b009a18aa79\">v\u00e1s\u00e1rl\u00e1s <i class=\"icon-shopping-basket\" aria-hidden=\"true\"><\/i><\/button>\n\n<div class=\"wp-block-buttons is-content-justification-left is-layout-flex wp-container-core-buttons-is-layout-1 wp-block-buttons-is-layout-flex\" style=\"margin-bottom:var(--wp--preset--spacing--30)\"><div class=\"wp-block-button has-custom-width wp-block-button__width-100 has-source-code-pro-font-family\" style=\"font-style:normal;font-weight:700;text-transform:uppercase\"><a class=\"wp-block-button__link has-white-color has-text-color has-background has-link-color wp-element-button\" href=\"https:\/\/szomszedbisztro.hu\/program\/ajandekutalvany-10-000-ft\/\" style=\"border-radius:0px;background-color:#66834a\">details<\/a><\/div><\/div><\/div>\n\n<div class=\"wp-block-group event-block width-1-2 is-layout-flow wp-block-group-is-layout-flow\"><figure class=\"wp-block-image size-full is-resized\"><img loading=\"lazy\" decoding=\"async\" width=\"800\" height=\"440\" src=\"https:\/\/szomszedbisztro.hu\/wp-content\/uploads\/2023\/11\/Hello-szomszed-Utalvany-Programok20.jpg\" alt=\"\" class=\"wp-image-5814\" style=\"width:500px\" srcset=\"https:\/\/szomszedbisztro.hu\/wp-content\/uploads\/2023\/11\/Hello-szomszed-Utalvany-Programok20.jpg 800w, https:\/\/szomszedbisztro.hu\/wp-content\/uploads\/2023\/11\/Hello-szomszed-Utalvany-Programok20-300x165.jpg 300w, https:\/\/szomszedbisztro.hu\/wp-content\/uploads\/2023\/11\/Hello-szomszed-Utalvany-Programok20-768x422.jpg 768w\" sizes=\"auto, (max-width: 800px) 100vw, 800px\" \/><\/figure>\n\n<p class=\"has-text-align-center esemeny-nev-container\" style=\"font-size:20px;font-style:normal;font-weight:700\">Geschenkgutschein 20.000 Ft<\/p>\n\n<button type=\"button\" style=\"display:none;\" class=\"button btn btn-primary button--fill expand\" name=\"festin-button\" data-festin-role=\"opener\" data-festin-event-id=\"6528ef708c132b009a18aa79\">v\u00e1s\u00e1rl\u00e1s <i class=\"icon-shopping-basket\" aria-hidden=\"true\"><\/i><\/button>\n\n<div class=\"wp-block-buttons is-content-justification-left is-layout-flex wp-container-core-buttons-is-layout-2 wp-block-buttons-is-layout-flex\" style=\"margin-bottom:var(--wp--preset--spacing--30)\"><div class=\"wp-block-button has-custom-width wp-block-button__width-100 has-source-code-pro-font-family\" style=\"font-style:normal;font-weight:700;text-transform:uppercase\"><a class=\"wp-block-button__link has-white-color has-text-color has-background has-link-color wp-element-button\" href=\"https:\/\/szomszedbisztro.hu\/program\/ajandekutalvany-20-000-ft\/\" style=\"border-radius:0px;background-color:#66834a\">details<\/a><\/div><\/div><\/div>\n\n<div class=\"wp-block-group event-block width-1-3 is-layout-flow wp-block-group-is-layout-flow\"><figure class=\"wp-block-gallery has-nested-images columns-default is-cropped wp-block-gallery-1 is-layout-flex wp-block-gallery-is-layout-flex\"><figure class=\"wp-block-image size-full\"><img loading=\"lazy\" decoding=\"async\" width=\"500\" height=\"500\" src=\"https:\/\/szomszedbisztro.hu\/wp-content\/uploads\/2025\/06\/Hello-szomszed-SaturdayBrunch-Index-2.jpg\" alt=\"\" class=\"wp-image-9349\" srcset=\"https:\/\/szomszedbisztro.hu\/wp-content\/uploads\/2025\/06\/Hello-szomszed-SaturdayBrunch-Index-2.jpg 500w, https:\/\/szomszedbisztro.hu\/wp-content\/uploads\/2025\/06\/Hello-szomszed-SaturdayBrunch-Index-2-250x250.jpg 250w, https:\/\/szomszedbisztro.hu\/wp-content\/uploads\/2025\/06\/Hello-szomszed-SaturdayBrunch-Index-2-150x150.jpg 150w, https:\/\/szomszedbisztro.hu\/wp-content\/uploads\/2025\/06\/Hello-szomszed-SaturdayBrunch-Index-2-120x120.jpg 120w, https:\/\/szomszedbisztro.hu\/wp-content\/uploads\/2025\/06\/Hello-szomszed-SaturdayBrunch-Index-2-247x247.jpg 247w, https:\/\/szomszedbisztro.hu\/wp-content\/uploads\/2025\/06\/Hello-szomszed-SaturdayBrunch-Index-2-100x100.jpg 100w\" sizes=\"auto, (max-width: 500px) 100vw, 500px\" \/><\/figure><\/figure>\n\n<p class=\"has-text-align-center esemeny-nev-container\" style=\"font-size:20px;font-style:normal;font-weight:700\">SATURDAY BRUNCH<\/p>\n\n<p class=\"has-text-align-center esemeny-datum\" style=\"font-size:19px\">2024. 05. 03.<br>9:00-12:00<\/p>\n\n<p>Ab jetzt laden wir euch jeden ersten Samstag im Monat zu einem entspannten Fr\u00fchst\u00fcck im Szomsz\u00e9d ein! Genie\u00dft den gem\u00fctlichen Wochenendmorgen gemeinsam, setzt euch zusammen und fr\u00fchst\u00fcckt im Freundes- oder Familienkreis, ohne Pauschalstress!<\/p>\n\n<div class=\"wp-block-buttons is-content-justification-left is-layout-flex wp-container-core-buttons-is-layout-3 wp-block-buttons-is-layout-flex\" style=\"margin-bottom:var(--wp--preset--spacing--30)\"><div class=\"wp-block-button has-custom-width wp-block-button__width-100 has-source-code-pro-font-family\" style=\"font-style:normal;font-weight:600;text-transform:uppercase\"><a class=\"wp-block-button__link has-white-color has-text-color has-background has-link-color wp-element-button\" href=\"https:\/\/szomszedbisztro.hu\/de\/program\/saturday-brunch\/\" style=\"border-radius:0px;background-color:#66834a\">Details<\/a><\/div><\/div><\/div>\n\n<div class=\"wp-block-group event-block width-1-3 is-layout-flow wp-block-group-is-layout-flow\"><figure class=\"wp-block-gallery has-nested-images columns-default is-cropped wp-block-gallery-2 is-layout-flex wp-block-gallery-is-layout-flex\"><figure class=\"wp-block-image size-full\"><img loading=\"lazy\" decoding=\"async\" width=\"500\" height=\"500\" src=\"https:\/\/szomszedbisztro.hu\/wp-content\/uploads\/2025\/07\/Szomszed-Barbecue-Index.jpg\" alt=\"\" class=\"wp-image-9427\" srcset=\"https:\/\/szomszedbisztro.hu\/wp-content\/uploads\/2025\/07\/Szomszed-Barbecue-Index.jpg 500w, https:\/\/szomszedbisztro.hu\/wp-content\/uploads\/2025\/07\/Szomszed-Barbecue-Index-250x250.jpg 250w, https:\/\/szomszedbisztro.hu\/wp-content\/uploads\/2025\/07\/Szomszed-Barbecue-Index-150x150.jpg 150w, https:\/\/szomszedbisztro.hu\/wp-content\/uploads\/2025\/07\/Szomszed-Barbecue-Index-120x120.jpg 120w, https:\/\/szomszedbisztro.hu\/wp-content\/uploads\/2025\/07\/Szomszed-Barbecue-Index-247x247.jpg 247w, https:\/\/szomszedbisztro.hu\/wp-content\/uploads\/2025\/07\/Szomszed-Barbecue-Index-100x100.jpg 100w\" sizes=\"auto, (max-width: 500px) 100vw, 500px\" \/><\/figure><\/figure>\n\n<p class=\"has-text-align-center esemeny-nev-container\" style=\"font-size:20px;font-style:normal;font-weight:700\">BBQ am Wochenende<\/p>\n\n<p class=\"has-text-align-center esemeny-datum\" style=\"font-size:19px\">Jede Woche: Freitag &amp; Samstag<\/p>\n\n<p>Unser Kamado-Grill l\u00e4uft auf Hochtouren!<\/p>\n\n<p>An jedem Wochenende servieren wir euch auf der <em>Szomsz\u00e9d<\/em>-Terrasse frisch gegrillte Spezialit\u00e4ten \u2013 mit st\u00e4ndig wechselnder Auswahl, damit es spannend bleibt.<\/p>\n\n<p>Dazu passt ein gek\u00fchlter Spritzer, ein frisch gezapftes Kirsch-Ale aus der Brauerei der Abtei Pannonhalma oder unsere hausgemachte Limonade.<\/p>\n\n<p>Wenn ihr Feuer-gegrillte Aromen, entspannte Sommerstimmung und gute Gesellschaft m\u00f6gt, seid ihr bei uns genau richtig.<\/p>\n\n<p>Terrasse. Sommer. Grill. Das ist unser Rezept f\u00fcrs Wochenende.<\/p>\n\n<p class=\"has-text-align-center\"><strong>+36 30 300 1010<\/strong><\/p><\/div>\n\n<div class=\"wp-block-group event-block width-1-3 is-layout-flow wp-block-group-is-layout-flow\"><figure class=\"wp-block-image size-full is-resized\"><img loading=\"lazy\" decoding=\"async\" width=\"500\" height=\"500\" src=\"https:\/\/szomszedbisztro.hu\/wp-content\/uploads\/2024\/05\/Privat-Index.jpg\" alt=\"\" class=\"wp-image-7167\" style=\"width:300px\" srcset=\"https:\/\/szomszedbisztro.hu\/wp-content\/uploads\/2024\/05\/Privat-Index.jpg 500w, https:\/\/szomszedbisztro.hu\/wp-content\/uploads\/2024\/05\/Privat-Index-250x250.jpg 250w, https:\/\/szomszedbisztro.hu\/wp-content\/uploads\/2024\/05\/Privat-Index-150x150.jpg 150w, https:\/\/szomszedbisztro.hu\/wp-content\/uploads\/2024\/05\/Privat-Index-120x120.jpg 120w, https:\/\/szomszedbisztro.hu\/wp-content\/uploads\/2024\/05\/Privat-Index-247x247.jpg 247w, https:\/\/szomszedbisztro.hu\/wp-content\/uploads\/2024\/05\/Privat-Index-100x100.jpg 100w\" sizes=\"auto, (max-width: 500px) 100vw, 500px\" \/><\/figure>\n\n<p class=\"has-text-align-center esemeny-nev-container\" style=\"font-size:20px;font-style:normal;font-weight:700\">FEIERT BEI UNS!<\/p>\n\n<p>Der perfekte Ort f\u00fcr einen Junggesellenabschied, einen Junggesellinnenabschied, einen famili\u00e4ren Geburtstag oder ein Teambuilding-Event!<\/p>\n\n<p><strong>Forderte unser individuelles Angebot an, das auf Deine speziellen Bed\u00fcrfnisse zugeschnitten ist!<\/strong><\/p>\n\n<p class=\"has-text-align-center\" style=\"font-size:21px;font-style:normal;font-weight:600\">+36 30 300 1010<\/p>\n\n<div class=\"wp-block-buttons is-content-justification-left is-layout-flex wp-container-core-buttons-is-layout-4 wp-block-buttons-is-layout-flex\" style=\"margin-bottom:var(--wp--preset--spacing--30)\"><div class=\"wp-block-button has-custom-width wp-block-button__width-100 has-source-code-pro-font-family\" style=\"font-style:normal;font-weight:600;text-transform:uppercase\"><a class=\"wp-block-button__link has-white-color has-text-color has-background has-link-color wp-element-button\" href=\"https:\/\/szomszedbisztro.hu\/de\/program\/feiert-bei-uns\/\" style=\"border-radius:0px;background-color:#66834a\">Details<\/a><\/div><\/div><\/div><\/div><p><\/p>","protected":false},"excerpt":{"rendered":"Geschenkgutschein 10.000 Ft v\u00e1s\u00e1rl\u00e1s Geschenkgutschein 20.000 Ft v\u00e1s\u00e1rl\u00e1s SATURDAY BRUNCH 2024. 05. 03.9:00-12:00 Ab jetzt laden wir euch jeden ersten Samstag im Monat zu einem entspannten Fr\u00fchst\u00fcck im Szomsz\u00e9d ein! Genie\u00dft den gem\u00fctlichen Wochenendmorgen gemeinsam, setzt euch zusammen und fr\u00fchst\u00fcckt im Freundes- oder Familienkreis, ohne Pauschalstress! BBQ am Wochenende Jede Woche: Freitag &amp; Samstag Unser Kamado-Grill l\u00e4uft auf Hochtouren! An jedem Wochenende servieren wir euch auf der Szomsz\u00e9d-Terrasse frisch gegrillte Spezialit\u00e4ten \u2013 mit st\u00e4ndig wechselnder Auswahl, damit es spannend bleibt. Dazu passt ein gek\u00fchlter Spritzer, ein frisch gezapftes Kirsch-Ale aus der Brauerei der Abtei Pannonhalma oder unsere hausgemachte Limonade. Wenn ihr Feuer-gegrillte Aromen, entspannte Sommerstimmung und gute Gesellschaft m\u00f6gt, seid ihr bei uns genau richtig. Terrasse. Sommer. Grill. Das ist&#8230; <a class=\"view-article\" href=\"https:\/\/szomszedbisztro.hu\/de\/programme\/\">Artikel ansehen<i class=\"las la-long-arrow-alt-right\"><\/i><\/a>","protected":false},"author":6,"featured_media":7834,"parent":0,"menu_order":0,"comment_status":"closed","ping_status":"closed","template":"","meta":{"wp_popup_display_lightbox":0,"wp_popup_suppress":"","wp_popup_trigger":"","wp_popup_trigger_amount":0,"wp_popup_disable_on_mobile":false,"footnotes":""},"class_list":["post-7833","page","type-page","status-publish","has-post-thumbnail","hentry"],"_links":{"self":[{"href":"https:\/\/szomszedbisztro.hu\/de\/wp-json\/wp\/v2\/pages\/7833","targetHints":{"allow":["GET"]}}],"collection":[{"href":"https:\/\/szomszedbisztro.hu\/de\/wp-json\/wp\/v2\/pages"}],"about":[{"href":"https:\/\/szomszedbisztro.hu\/de\/wp-json\/wp\/v2\/types\/page"}],"author":[{"embeddable":true,"href":"https:\/\/szomszedbisztro.hu\/de\/wp-json\/wp\/v2\/users\/6"}],"replies":[{"embeddable":true,"href":"https:\/\/szomszedbisztro.hu\/de\/wp-json\/wp\/v2\/comments?post=7833"}],"version-history":[{"count":5,"href":"https:\/\/szomszedbisztro.hu\/de\/wp-json\/wp\/v2\/pages\/7833\/revisions"}],"predecessor-version":[{"id":9467,"href":"https:\/\/szomszedbisztro.hu\/de\/wp-json\/wp\/v2\/pages\/7833\/revisions\/9467"}],"wp:featuredmedia":[{"embeddable":true,"href":"https:\/\/szomszedbisztro.hu\/de\/wp-json\/wp\/v2\/media\/7834"}],"wp:attachment":[{"href":"https:\/\/szomszedbisztro.hu\/de\/wp-json\/wp\/v2\/media?parent=7833"}],"curies":[{"name":"wp","href":"https:\/\/api.w.org\/{rel}","templated":true}]}}