{"id":7815,"date":"2024-10-24T13:44:17","date_gmt":"2024-10-24T11:44:17","guid":{"rendered":"https:\/\/szomszedbisztro.hu\/?page_id=7815"},"modified":"2024-10-24T13:44:17","modified_gmt":"2024-10-24T11:44:17","slug":"getraenkekarte","status":"publish","type":"page","link":"https:\/\/szomszedbisztro.hu\/de\/getraenkekarte\/","title":{"rendered":"Getr\u00e4nkekarte"},"content":{"rendered":"<figure class=\"wp-block-flexible-table-block-table\" style=\"border-style:none;border-width:0px\"><table class=\"\" style=\"border-width:0\"><tbody><tr><td><\/td><td><\/td><td><\/td><td><\/td><\/tr><tr><td style=\"font-size:18px;border-width:0\"><strong>Mineralwasser \/ Erfrischungsgetr\u00e4nke \/ Limonade \/ Fruchtsaft<\/strong><\/td><td style=\"font-size:18px;border-width:0\"><\/td><td style=\"font-size:18px;border-width:0;width:100px\"><\/td><td style=\"font-size:18px;border-width:0;width:100px\"><\/td><\/tr><tr><td>Szomsz\u00e9d gefiltertes Wasser \/ 0,7 l \/ sprudelnd, still&#8220;<\/td><td><\/td><td style=\"width:100px\"><\/td><td style=\"width:100px\">890,-<\/td><\/tr><tr><td>San Pellegrino, Aqua Panna \/0,25\/<\/td><td><\/td><td style=\"width:100px\"><\/td><td style=\"width:100px\">600,-<\/td><\/tr><tr><td>San Pellegrino, Aqua Panna \/0,75\/<\/td><td><\/td><td style=\"width:100px\"><\/td><td style=\"width:100px\">1200,-<\/td><\/tr><tr><td>Coca-Cola, Coca-Cola Zero \/0,25\/<\/td><td><\/td><td style=\"width:100px\"><\/td><td style=\"width:100px\">690,-<\/td><\/tr><tr><td>Cappy Apfel, Pfirsich, Orange 100% \/0,25 l\/<\/td><td><\/td><td style=\"width:100px\"><\/td><td style=\"width:100px\">690,-<\/td><\/tr><tr><td>Fever Tree Tonic \/0,2\/<\/td><td><\/td><td style=\"width:100px\"><\/td><td style=\"width:100px\">990,-<\/td><\/tr><tr><td>Thomas Henry alkoholfreies Ingwerbier \/0,2\/<\/td><td><\/td><td style=\"width:100px\"><\/td><td style=\"width:100px\">990,-<\/td><\/tr><tr><td>&nbsp;<\/td><td>&nbsp;<\/td><td style=\"width:100px\"><strong>3dl<\/strong><\/td><td style=\"width:100px\"><strong>5dl<\/strong><\/td><\/tr><tr><td colspan=\"2\">Hausgemachter Eistee<\/td><td style=\"width:100px\">800,-<\/td><td style=\"width:100px\">1200,-<\/td><\/tr><tr><td colspan=\"2\">Hausgemachte Limonade<\/td><td style=\"width:100px\">800,-<\/td><td style=\"width:100px\">1200,-<\/td><\/tr><tr><td colspan=\"2\">Gurken-Holunder-Limonade<\/td><td style=\"width:100px\">800,-<\/td><td style=\"width:100px\">1200,-<\/td><\/tr><tr><td colspan=\"2\">Hausgemachter Himbeersirup<\/td><td style=\"width:100px\">790,-<\/td><td style=\"width:100px\">1090,-<\/td><\/tr><tr><td colspan=\"2\">Hausgemachter Holundersirup<\/td><td style=\"width:100px\">790,-<\/td><td style=\"width:100px\">1090,-<\/td><\/tr><tr><td><\/td><td><\/td><td><\/td><td><\/td><\/tr><tr><td style=\"font-size:18px\"><strong>GIN<\/strong><\/td><td>&nbsp;<\/td><td style=\"width:100px\">&nbsp;<\/td><td style=\"width:100px\">&nbsp;<\/td><\/tr><tr><td>&nbsp;<\/td><td>&nbsp;<\/td><td style=\"width:100px\"><strong>4cl<\/strong><\/td><td style=\"width:100px\">&nbsp;<\/td><\/tr><tr><td colspan=\"2\">Hendricks<\/td><td style=\"width:100px\">1900,-<\/td><td style=\"width:100px\">&nbsp;<\/td><\/tr><tr><td colspan=\"2\">Bombay Sapphire<\/td><td style=\"width:100px\">1700,-<\/td><td style=\"width:100px\">&nbsp;<\/td><\/tr><tr><td colspan=\"2\">Tanqueray No 10<\/td><td style=\"width:100px\">2200,-<\/td><td style=\"width:100px\">&nbsp;<\/td><\/tr><tr><td colspan=\"2\">Malfy Pink Grapefruit<\/td><td style=\"width:100px\">2400,-<\/td><td style=\"width:100px\">&nbsp;<\/td><\/tr><tr><td colspan=\"2\">Mrs. Millicent<\/td><td style=\"width:100px\">1900,-<\/td><td style=\"width:100px\">&nbsp;<\/td><\/tr><tr><td colspan=\"2\">June (Royal pear&amp;Cardamon)<\/td><td style=\"width:100px\">1900,-<\/td><td style=\"width:100px\">&nbsp;<\/td><\/tr><tr><td colspan=\"2\">Knut Hansen 0%<\/td><td style=\"width:100px\">1590,-<\/td><td style=\"width:100px\">&nbsp;<\/td><\/tr><tr><td><\/td><td><\/td><td><\/td><td><\/td><\/tr><tr><td colspan=\"2\" style=\"font-size:18px\"><strong>WHISKEY<\/strong><\/td><td style=\"width:100px\">&nbsp;<\/td><td style=\"width:100px\">&nbsp;<\/td><\/tr><tr><td>&nbsp;<\/td><td>&nbsp;<\/td><td style=\"width:100px\"><strong>4cl<\/strong><\/td><td style=\"width:100px\"><strong>2cl<\/strong><\/td><\/tr><tr><td colspan=\"2\">Glenmorangie 10 Year 40% s.m.<\/td><td style=\"width:100px\">2600,-<\/td><td style=\"width:100px\">1300,-<\/td><\/tr><tr><td colspan=\"2\">Chivas Regal 12 Year 40%<\/td><td style=\"width:100px\">3000,-<\/td><td style=\"width:100px\">1500,-<\/td><\/tr><tr><td colspan=\"2\">Laphroaig Quarter Cask 48%<\/td><td style=\"width:100px\">3200,-<\/td><td style=\"width:100px\">1600,-<\/td><\/tr><tr><td colspan=\"2\">Jack Daniel\u2019s Black Label 40%<\/td><td style=\"width:100px\">3000,-<\/td><td style=\"width:100px\">1500,-<\/td><\/tr><tr><td colspan=\"2\">Jack Daniel\u2019s Single Barrel Tenessee 45%<\/td><td style=\"width:100px\">2600,-<\/td><td style=\"width:100px\">1300,-<\/td><\/tr><tr><td colspan=\"2\">Maker\u2019s Mark 45%<\/td><td style=\"width:100px\">2600,-<\/td><td style=\"width:100px\">1300,-<\/td><\/tr><tr><td colspan=\"2\">Tullamore Dew 40%<\/td><td style=\"width:100px\">2600,-<\/td><td style=\"width:100px\">1300,-<\/td><\/tr><tr><td colspan=\"2\">Jameson 40%<\/td><td style=\"width:100px\">2600,-<\/td><td style=\"width:100px\">1300,-<\/td><\/tr><tr><td><\/td><td><\/td><td><\/td><td><\/td><\/tr><tr><td style=\"font-size:18px\"><strong>RUM<\/strong><\/td><td>&nbsp;<\/td><td style=\"width:100px\">&nbsp;<\/td><td style=\"width:100px\">&nbsp;<\/td><\/tr><tr><td>&nbsp;<\/td><td>&nbsp;<\/td><td style=\"width:100px\"><strong>4cl<\/strong><\/td><td style=\"width:100px\"><strong>2cl<\/strong><\/td><\/tr><tr><td colspan=\"2\">Matusalem Platino 40%<\/td><td style=\"width:100px\">2100,-<\/td><td style=\"width:100px\">1100,-<\/td><\/tr><tr><td colspan=\"2\">Remedy Spiced Rum 41,5\u00b0%<\/td><td style=\"width:100px\">2700,-<\/td><td style=\"width:100px\">1400,-<\/td><\/tr><tr><td colspan=\"2\">Kraken Black Spiced 40%<\/td><td style=\"width:100px\">2700,-<\/td><td style=\"width:100px\">1400,-<\/td><\/tr><tr><td colspan=\"2\">Diplomatico Reserva Exclusiva 40%<\/td><td style=\"width:100px\">3100,-<\/td><td style=\"width:100px\">1600,-<\/td><\/tr><tr><td colspan=\"2\">Don Papa Baroko<\/td><td style=\"width:100px\">3300,-<\/td><td style=\"width:100px\">1700,-<\/td><\/tr><tr><td colspan=\"2\">Rum Zacapa Centenario No.23 40%<\/td><td style=\"width:100px\">3900,-<\/td><td style=\"width:100px\">2000,-<\/td><\/tr><tr><td><\/td><td><\/td><td><\/td><td><\/td><\/tr><tr><td style=\"font-size:18px\"><strong>VODKA<\/strong><\/td><td>&nbsp;<\/td><td style=\"width:100px\">&nbsp;<\/td><td style=\"width:100px\">&nbsp;<\/td><\/tr><tr><td>&nbsp;<\/td><td>&nbsp;<\/td><td style=\"width:100px\"><strong>4cl<\/strong><\/td><td style=\"width:100px\"><strong>2cl<\/strong><\/td><\/tr><tr><td colspan=\"2\">Grey Goose 40%<\/td><td style=\"width:100px\">2200.-<\/td><td style=\"width:100px\">1100.-<\/td><\/tr><tr><td colspan=\"2\">Belvedere 40%<\/td><td style=\"width:100px\">1990.-<\/td><td style=\"width:100px\">995.-<\/td><\/tr><tr><td><\/td><td><\/td><td><\/td><td><\/td><\/tr><tr><td style=\"font-size:18px\"><strong>TEQUILA<\/strong><\/td><td>&nbsp;<\/td><td style=\"width:100px\">&nbsp;<\/td><td style=\"width:100px\">&nbsp;<\/td><\/tr><tr><td>&nbsp;<\/td><td>&nbsp;<\/td><td style=\"width:100px\"><strong>4cl<\/strong><\/td><td style=\"width:100px\">&nbsp;<\/td><\/tr><tr><td colspan=\"2\">Olmeca Blanco<\/td><td style=\"width:100px\">1990,-<\/td><td style=\"width:100px\">&nbsp;<\/td><\/tr><tr><td colspan=\"2\">DonJulio 1942<\/td><td style=\"width:100px\">7900,-<\/td><td style=\"width:100px\">&nbsp;<\/td><\/tr><tr><td><\/td><td><\/td><td><\/td><td><\/td><\/tr><tr><td style=\"font-size:18px\"><strong>COGNAC<\/strong><\/td><td>&nbsp;<\/td><td style=\"width:100px\">&nbsp;<\/td><td style=\"width:100px\">&nbsp;<\/td><\/tr><tr><td>&nbsp;<\/td><td>&nbsp;<\/td><td style=\"width:100px\"><strong>4cl<\/strong><\/td><td style=\"width:100px\"><strong>2cl<\/strong><\/td><\/tr><tr><td colspan=\"2\">Martell XO Cognac<\/td><td style=\"width:100px\">5600.-<\/td><td style=\"width:100px\">2800.-<\/td><\/tr><tr><td><\/td><td><\/td><td><\/td><td><\/td><\/tr><tr><td style=\"font-size:18px\"><strong>P\u00c1LINKA (=SCHNAPS\/OBSTBRAND)<\/strong><\/td><td>&nbsp;<\/td><td style=\"width:100px\">&nbsp;<\/td><td style=\"width:100px\">&nbsp;<\/td><\/tr><tr><td>&nbsp;<\/td><td>&nbsp;<strong><\/strong><\/td><td style=\"width:100px\"><strong>4cl<\/strong><\/td><td style=\"width:100px\"><strong>2cl<\/strong><\/td><\/tr><tr><td colspan=\"2\">Der G\u00f6nci \u2013 Aprikose G\u00f6nci 45%<\/td><td style=\"width:100px\">2400,-<\/td><td style=\"width:100px\">1200,-<\/td><\/tr><tr><td colspan=\"2\">\u00c1rp\u00e1d \u2013 Lepotica Zwetschge<\/td><td style=\"width:100px\">2250.-<\/td><td style=\"width:100px\">1150.-<\/td><\/tr><tr><td colspan=\"2\">\u00c1rp\u00e1d-Ingwer-Destillat<\/td><td style=\"width:100px\">3090,-<\/td><td style=\"width:100px\">1590,-<\/td><\/tr><tr><td colspan=\"2\">\u00c1rp\u00e1d \u2013 Rote Williams Birne<\/td><td style=\"width:100px\">3090.-<\/td><td style=\"width:100px\">1590.-<\/td><\/tr><tr><td colspan=\"2\">\u00c1rp\u00e1d \u2013 B\u00e1rsony Quitte<\/td><td style=\"width:100px\">3090.-<\/td><td style=\"width:100px\">1590.-<\/td><\/tr><tr><td colspan=\"2\">\u00c1rp\u00e1d \u2013 Erdbeere<\/td><td style=\"width:100px\">4090.-<\/td><td style=\"width:100px\">2070.-<\/td><\/tr><tr><td colspan=\"2\">\u00c1rp\u00e1d \u2013 Himbeere<\/td><td style=\"width:100px\">4500.-<\/td><td style=\"width:100px\">2250.-<\/td><\/tr><tr><td colspan=\"2\">\u00c1rp\u00e1d \u2013 Dupla 60 \u00c1gyas Aprikose (Trockenobstschnaps)<\/td><td style=\"width:100px\">5980.-<\/td><td style=\"width:100px\">2990.-<\/td><\/tr><tr><td colspan=\"2\">\u00c1rp\u00e1d \u2013 Dupla 60 \u00c1gyas Pflaume (Trockenobstschnaps)<\/td><td style=\"width:100px\">5980.-<\/td><td style=\"width:100px\">2990.-<\/td><\/tr><tr><td>\u00c1rp\u00e1d \u2013 Novum Esszencia Zwetschge<\/td><td><\/td><td style=\"width:100px\"><\/td><td style=\"width:100px\">4250.-<\/td><\/tr><tr><td><\/td><td><\/td><td><\/td><td><\/td><\/tr><tr><td colspan=\"3\" style=\"font-size:18px\"><strong>LIK\u00d6RE UND MAGENBITTER<\/strong><\/td><td style=\"width:100px\">&nbsp;<\/td><\/tr><tr><td>&nbsp;<\/td><td>&nbsp;<\/td><td style=\"width:100px\"><strong>4cl<\/strong><\/td><td style=\"width:100px\"><strong>2cl<\/strong><\/td><\/tr><tr><td>Unicum<\/td><td>&nbsp;<\/td><td style=\"width:100px\">1600,-<\/td><td style=\"width:100px\">800,-<\/td><\/tr><tr><td colspan=\"2\">Jagermeister<\/td><td style=\"width:100px\">1600.-<\/td><td style=\"width:100px\">800.-<\/td><\/tr><tr><td colspan=\"2\">Limoncello di Capri 30%<\/td><td style=\"width:100px\">1600.-<\/td><td style=\"width:100px\">800.-<\/td><\/tr><tr><td colspan=\"2\">Unicum Riserva 40%<\/td><td style=\"width:100px\">2000.-<\/td><td style=\"width:100px\">1000.-<\/td><\/tr><tr><td colspan=\"2\">Baileys 17%<\/td><td style=\"width:100px\">1200.-<\/td><td style=\"width:100px\">&nbsp;<\/td><\/tr><tr><td colspan=\"2\">St. German<\/td><td style=\"width:100px\">2100,-<\/td><td style=\"width:100px\">&nbsp;<\/td><\/tr><tr><td>&nbsp;<\/td><td>&nbsp;<\/td><td style=\"width:100px\">6<strong>cl<\/strong><\/td><td style=\"width:100px\">&nbsp;<\/td><\/tr><tr><td colspan=\"2\">Moena Wermut<\/td><td style=\"width:100px\">1600,-<\/td><td style=\"width:100px\">&nbsp;<\/td><\/tr><tr><td><\/td><td><\/td><td><\/td><td><\/td><\/tr><tr><td style=\"font-size:18px\"><strong>BIER VOM FASS<\/strong><\/td><td style=\"font-size:18px\"><\/td><td style=\"width:100px\">&nbsp;<\/td><td style=\"width:100px\">&nbsp;<\/td><\/tr><tr><td>Estrella Damm&nbsp; \/0,4\/<\/td><td><\/td><td style=\"width:100px\"><\/td><td style=\"width:100px\">1500,-<\/td><\/tr><tr><td colspan=\"2\">Gastbier \/0,4\/<\/td><td style=\"width:100px\">&nbsp;<\/td><td style=\"width:100px\">1500,-<\/td><\/tr><tr><td><\/td><td><\/td><td><\/td><td><\/td><\/tr><tr><td style=\"font-size:18px\"><strong>FLASCHENBIER<\/strong><\/td><td style=\"font-size:18px\"><\/td><td style=\"font-size:18px;width:100px\"><\/td><td style=\"width:100px\">&nbsp;<\/td><\/tr><tr><td>Horizont Rebel Berry 0,33<\/td><td><\/td><td style=\"width:100px\"><\/td><td style=\"width:100px\">1200.-<\/td><\/tr><tr><td>Pannonhalmi F\u0151ap\u00e1ts\u00e1g Dubbel barna 0,33<\/td><td><\/td><td style=\"width:100px\"><\/td><td style=\"width:100px\">1200.-<\/td><\/tr><tr><td>Clausthaler classis a.m. 0,33<\/td><td><\/td><td style=\"width:100px\"><\/td><td style=\"width:100px\">1200,-<\/td><\/tr><tr><td>Clasuthaler lemon a.m. 0,33<\/td><td><\/td><td style=\"width:100px\"><\/td><td style=\"width:100px\">1200,-<\/td><\/tr><tr><td><\/td><td><\/td><td><\/td><td><\/td><\/tr><tr><td colspan=\"2\" style=\"font-size:18px\"><strong>LONG DRINK<\/strong><\/td><td style=\"width:100px\">&nbsp;<\/td><td style=\"width:100px\">&nbsp;<\/td><\/tr><tr><td>&nbsp;<\/td><td>&nbsp;<\/td><td style=\"width:100px\">&nbsp;<\/td><td style=\"width:100px\">&nbsp;<\/td><\/tr><tr><td>Ruby Aperol spritz<\/td><td>Pampelle Ruby Ap\u00e9ro, Schaumwein, Orange, Soda<\/td><td style=\"width:100px\"><\/td><td style=\"width:100px\">2900,-<\/td><\/tr><tr><td>Ginger bubble<\/td><td>\u00c1rp\u00e1d Ingwerbrand, Britvic Ginger Ale, Kardamom, Limette<\/td><td style=\"width:100px\"><\/td><td style=\"width:100px\">2900,-<\/td><\/tr><tr><td>Pink Fruit Tonic<\/td><td>Pink Fruit Tonic Malfy Pink gin, F&amp;S Rhabarber Tonic, Persische Rose, Limette, Minze<\/td><td style=\"width:100px\"><\/td><td style=\"width:100px\">3200,-<\/td><\/tr><tr><td><\/td><td><\/td><td><\/td><td><\/td><\/tr><tr><td><strong>COCKTAILS<\/strong><\/td><td><\/td><td><\/td><td><\/td><\/tr><tr><td>Po*nstar Martini<\/td><td><\/td><td><\/td><td>4490.-<\/td><\/tr><tr><td>Smoke &amp; Mirror<\/td><td><\/td><td><\/td><td>4490.-<\/td><\/tr><tr><td>Rum E Pera<\/td><td><\/td><td><\/td><td>3490.-<\/td><\/tr><tr><td>Greengo<\/td><td><\/td><td><\/td><td>3490.-<\/td><\/tr><tr><td>Espresso Martini<\/td><td><\/td><td><\/td><td>3990.-<\/td><\/tr><tr><td>Mojito<\/td><td><\/td><td><\/td><td>3490.-<\/td><\/tr><tr><td>Negroni<\/td><td><\/td><td><\/td><td>3990.-<\/td><\/tr><tr><td>Fig Tale<\/td><td><\/td><td><\/td><td>3490.-<\/td><\/tr><tr><td><\/td><td><\/td><td><\/td><td><\/td><\/tr><tr><td colspan=\"2\" style=\"font-size:18px\"><strong>KAFEE\/TEE<\/strong><\/td><td style=\"width:100px\">&nbsp;<\/td><td style=\"width:100px\">&nbsp;<\/td><\/tr><tr><td>Ristretto<\/td><td>&nbsp;<\/td><td style=\"width:100px\">&nbsp;<\/td><td style=\"width:100px\">690.-<\/td><\/tr><tr><td>Espresso<\/td><td>&nbsp;<\/td><td style=\"width:100px\">&nbsp;<\/td><td style=\"width:100px\">690.-<\/td><\/tr><tr><td colspan=\"2\">Macchiato<\/td><td style=\"width:100px\">&nbsp;<\/td><td style=\"width:100px\">750.-<\/td><\/tr><tr><td>Cortado<\/td><td>&nbsp;<\/td><td style=\"width:100px\">&nbsp;<\/td><td style=\"width:100px\">800.-<\/td><\/tr><tr><td colspan=\"2\">Hei\u00dfe Schokolade<\/td><td style=\"width:100px\">&nbsp;<\/td><td style=\"width:100px\">990.-<\/td><\/tr><tr><td colspan=\"2\">Cappuccino<\/td><td style=\"width:100px\">&nbsp;<\/td><td style=\"width:100px\">850.-<\/td><\/tr><tr><td colspan=\"2\">Caffe Latte<\/td><td style=\"width:100px\">&nbsp;<\/td><td style=\"width:100px\">990.-<\/td><\/tr><tr><td colspan=\"2\">Flat white<\/td><td style=\"width:100px\">&nbsp;<\/td><td style=\"width:100px\">1290,-<\/td><\/tr><tr><td colspan=\"2\">Matcha Latte<\/td><td style=\"width:100px\">&nbsp;<\/td><td style=\"width:100px\">1650.-<\/td><\/tr><tr><td colspan=\"2\">Alternative Milch<\/td><td style=\"width:100px\">&nbsp;<\/td><td style=\"width:100px\">300,-<\/td><\/tr><tr><td colspan=\"2\">Espresso Tonic&nbsp;<\/td><td style=\"width:100px\">&nbsp;<\/td><td style=\"width:100px\">1590,-<\/td><\/tr><tr><td>Irischer Kaffee<\/td><td>&nbsp;<\/td><td style=\"width:100px\">&nbsp;<\/td><td style=\"width:100px\">2490,-<\/td><\/tr><tr><td>La Via -del T\u00e9 &#8211; Firenze<\/td><td><\/td><td style=\"width:100px\"><\/td><td style=\"width:100px\">1290,-<\/td><\/tr><\/tbody><\/table><\/figure>","protected":false},"excerpt":{"rendered":"","protected":false},"author":6,"featured_media":7726,"parent":0,"menu_order":0,"comment_status":"closed","ping_status":"closed","template":"","meta":{"wp_popup_display_lightbox":0,"wp_popup_suppress":"","wp_popup_trigger":"","wp_popup_trigger_amount":0,"wp_popup_disable_on_mobile":false,"footnotes":""},"class_list":["post-7815","page","type-page","status-publish","has-post-thumbnail","hentry"],"_links":{"self":[{"href":"https:\/\/szomszedbisztro.hu\/de\/wp-json\/wp\/v2\/pages\/7815","targetHints":{"allow":["GET"]}}],"collection":[{"href":"https:\/\/szomszedbisztro.hu\/de\/wp-json\/wp\/v2\/pages"}],"about":[{"href":"https:\/\/szomszedbisztro.hu\/de\/wp-json\/wp\/v2\/types\/page"}],"author":[{"embeddable":true,"href":"https:\/\/szomszedbisztro.hu\/de\/wp-json\/wp\/v2\/users\/6"}],"replies":[{"embeddable":true,"href":"https:\/\/szomszedbisztro.hu\/de\/wp-json\/wp\/v2\/comments?post=7815"}],"version-history":[{"count":2,"href":"https:\/\/szomszedbisztro.hu\/de\/wp-json\/wp\/v2\/pages\/7815\/revisions"}],"predecessor-version":[{"id":7818,"href":"https:\/\/szomszedbisztro.hu\/de\/wp-json\/wp\/v2\/pages\/7815\/revisions\/7818"}],"wp:featuredmedia":[{"embeddable":true,"href":"https:\/\/szomszedbisztro.hu\/de\/wp-json\/wp\/v2\/media\/7726"}],"wp:attachment":[{"href":"https:\/\/szomszedbisztro.hu\/de\/wp-json\/wp\/v2\/media?parent=7815"}],"curies":[{"name":"wp","href":"https:\/\/api.w.org\/{rel}","templated":true}]}}