{"id":7716,"date":"2024-10-24T13:44:17","date_gmt":"2024-10-24T11:44:17","guid":{"rendered":"https:\/\/szomszedbisztro.hu\/?page_id=7716"},"modified":"2024-10-24T13:44:17","modified_gmt":"2024-10-24T11:44:17","slug":"unsere-aktuelle-angebote","status":"publish","type":"page","link":"https:\/\/szomszedbisztro.hu\/de\/unsere-aktuelle-angebote\/","title":{"rendered":"Unsere aktuelle Angebote"},"content":{"rendered":"<p><\/p><h2 class=\"wp-block-heading\">Spitzenwein-Momente im \u201eSzomsz\u00e9d\u201c<\/h2><p><em><strong>Spitzenwein:<\/strong> das Aush\u00e4ngeschild des Weinguts, der beste Wein, der dort produziert wird, eine Art Credo, das all das Wissen, den Geist und die einzigartigen Eigenschaften des Terroirs vereint, die f\u00fcr das jeweilige Terroir und den Winzer am charakteristischsten sind. \u2013 Daher gelten sie als Premium-Produkte, die normalerweise nur als ganze Flasche erh\u00e4ltlich sind.<\/em><\/p><p><strong>Au\u00dfer im Szomsz\u00e9d!<\/strong><\/p><p>Bei uns k\u00f6nnt ihr ab Februar immer wieder wechselnde Spitzenweine zum Regalpreis auch glasweise probieren, begleitet von einem speziell auf den jeweiligen Wein abgestimmten Bistro-Gericht.<\/p><p><strong>Hier ist unser neuestes Angebot!<\/strong><\/p><p>Eine \u201eReise\u201c von der alten Welt in die neue Welt, genau gesagt nach Napa Valley, Kalifornien.<\/p><p>Wir sagen nur so viel:<\/p><p>1976, <strong>die legend\u00e4re Pariser Weinprobe<\/strong>, die die (Wein)Welt ersch\u00fctterte!<\/p><p>Let us introduce: <strong>Stag\u2019s Leap Cask 23 Cabernet Sauvignon 2017<\/strong><\/p><p><br><strong>Nur 2 Flaschen verf\u00fcgbar, verpassen Sie es nicht!<\/strong><\/p><p><strong>Tischreservierung: +36 30 300 1010<\/strong><\/p><div class=\"wp-block-columns is-layout-flex wp-container-core-columns-is-layout-1 wp-block-columns-is-layout-flex\"><div class=\"wp-block-column is-layout-flow wp-block-column-is-layout-flow\"><figure class=\"wp-block-image size-full is-resized\" data-aos=\"fade-right\" data-aos-duration=\"1000\"><a href=\"https:\/\/szomszedbisztro.hu\/wp-content\/uploads\/2024\/03\/DSC_2613-scaled.jpg\"><img loading=\"lazy\" decoding=\"async\" width=\"1709\" height=\"2560\" src=\"https:\/\/szomszedbisztro.hu\/wp-content\/uploads\/2024\/03\/DSC_2613-scaled.jpg\" alt=\"\" class=\"wp-image-6775\" style=\"width:329px;height:auto\" srcset=\"https:\/\/szomszedbisztro.hu\/wp-content\/uploads\/2024\/03\/DSC_2613-scaled.jpg 1709w, https:\/\/szomszedbisztro.hu\/wp-content\/uploads\/2024\/03\/DSC_2613-250x375.jpg 250w, https:\/\/szomszedbisztro.hu\/wp-content\/uploads\/2024\/03\/DSC_2613-700x1049.jpg 700w, https:\/\/szomszedbisztro.hu\/wp-content\/uploads\/2024\/03\/DSC_2613-768x1150.jpg 768w, https:\/\/szomszedbisztro.hu\/wp-content\/uploads\/2024\/03\/DSC_2613-1025x1536.jpg 1025w, https:\/\/szomszedbisztro.hu\/wp-content\/uploads\/2024\/03\/DSC_2613-1367x2048.jpg 1367w, https:\/\/szomszedbisztro.hu\/wp-content\/uploads\/2024\/03\/DSC_2613-120x180.jpg 120w, https:\/\/szomszedbisztro.hu\/wp-content\/uploads\/2024\/03\/DSC_2613-247x370.jpg 247w, https:\/\/szomszedbisztro.hu\/wp-content\/uploads\/2024\/03\/DSC_2613-510x764.jpg 510w\" sizes=\"auto, (max-width: 1709px) 100vw, 1709px\" \/><\/a><\/figure><\/div>\n\n<div class=\"wp-block-column is-layout-flow wp-block-column-is-layout-flow\"><\/div><\/div><p><\/p>","protected":false},"excerpt":{"rendered":"Spitzenwein-Momente im \u201eSzomsz\u00e9d\u201c Spitzenwein: das Aush\u00e4ngeschild des Weinguts, der beste Wein, der dort produziert wird, eine Art Credo, das all das Wissen, den Geist und die einzigartigen Eigenschaften des Terroirs vereint, die f\u00fcr das jeweilige Terroir und den Winzer am charakteristischsten sind. \u2013 Daher gelten sie als Premium-Produkte, die normalerweise nur als ganze Flasche erh\u00e4ltlich sind. Au\u00dfer im Szomsz\u00e9d! Bei uns k\u00f6nnt ihr ab Februar immer wieder wechselnde Spitzenweine zum Regalpreis auch glasweise probieren, begleitet von einem speziell auf den jeweiligen Wein abgestimmten Bistro-Gericht. Hier ist unser neuestes Angebot! Eine \u201eReise\u201c von der alten Welt in die neue Welt, genau gesagt nach Napa Valley, Kalifornien. Wir sagen nur so viel: 1976, die legend\u00e4re Pariser Weinprobe, die die (Wein)Welt ersch\u00fctterte! Let&#8230; <a class=\"view-article\" href=\"https:\/\/szomszedbisztro.hu\/de\/unsere-aktuelle-angebote\/\">Artikel ansehen<i class=\"las la-long-arrow-alt-right\"><\/i><\/a>","protected":false},"author":6,"featured_media":7722,"parent":0,"menu_order":0,"comment_status":"closed","ping_status":"closed","template":"","meta":{"wp_popup_display_lightbox":0,"wp_popup_suppress":"","wp_popup_trigger":"","wp_popup_trigger_amount":0,"wp_popup_disable_on_mobile":false,"footnotes":""},"class_list":["post-7716","page","type-page","status-publish","has-post-thumbnail","hentry"],"_links":{"self":[{"href":"https:\/\/szomszedbisztro.hu\/de\/wp-json\/wp\/v2\/pages\/7716","targetHints":{"allow":["GET"]}}],"collection":[{"href":"https:\/\/szomszedbisztro.hu\/de\/wp-json\/wp\/v2\/pages"}],"about":[{"href":"https:\/\/szomszedbisztro.hu\/de\/wp-json\/wp\/v2\/types\/page"}],"author":[{"embeddable":true,"href":"https:\/\/szomszedbisztro.hu\/de\/wp-json\/wp\/v2\/users\/6"}],"replies":[{"embeddable":true,"href":"https:\/\/szomszedbisztro.hu\/de\/wp-json\/wp\/v2\/comments?post=7716"}],"version-history":[{"count":1,"href":"https:\/\/szomszedbisztro.hu\/de\/wp-json\/wp\/v2\/pages\/7716\/revisions"}],"predecessor-version":[{"id":7717,"href":"https:\/\/szomszedbisztro.hu\/de\/wp-json\/wp\/v2\/pages\/7716\/revisions\/7717"}],"wp:featuredmedia":[{"embeddable":true,"href":"https:\/\/szomszedbisztro.hu\/de\/wp-json\/wp\/v2\/media\/7722"}],"wp:attachment":[{"href":"https:\/\/szomszedbisztro.hu\/de\/wp-json\/wp\/v2\/media?parent=7716"}],"curies":[{"name":"wp","href":"https:\/\/api.w.org\/{rel}","templated":true}]}}