{"id":7700,"date":"2024-10-24T13:44:17","date_gmt":"2024-10-24T11:44:17","guid":{"rendered":"https:\/\/szomszedbisztro.hu\/?page_id=7700"},"modified":"2024-10-24T14:01:15","modified_gmt":"2024-10-24T12:01:15","slug":"startseite","status":"publish","type":"page","link":"https:\/\/szomszedbisztro.hu\/de\/","title":{"rendered":"Startseite"},"content":{"rendered":"<div class=\"wp-block-cover is-light\"><span aria-hidden=\"true\" class=\"wp-block-cover__background has-white-background-color has-background-dim-100 has-background-dim\"><\/span><div class=\"wp-block-cover__inner-container is-layout-constrained wp-block-cover-is-layout-constrained\"><div class=\"wp-block-columns are-vertically-aligned-center is-layout-flex wp-container-core-columns-is-layout-1 wp-block-columns-is-layout-flex\"><div class=\"wp-block-column is-vertically-aligned-center is-layout-flow wp-block-column-is-layout-flow\" style=\"flex-basis:66.66%\"><h1 class=\"wp-block-heading\">A Szomsz\u00e9d (Der Nachbar)<\/h1><\/div>\n\n<div class=\"wp-block-column is-vertically-aligned-center is-layout-flow wp-block-column-is-layout-flow\" style=\"flex-basis:33.33%\"><div class=\"wp-block-buttons is-content-justification-right is-layout-flex wp-container-core-buttons-is-layout-1 wp-block-buttons-is-layout-flex\"><div class=\"wp-block-button is-style-outline is-style-outline--1\"><a class=\"wp-block-button__link wp-element-button\" href=\"https:\/\/szomszedbisztro.hu\/a-szomszed\/\" style=\"border-radius:0px\">Weiter<\/a><\/div><\/div><\/div><\/div>\n\n<p>Das Bistro und der Gemeinschaftsraum \u201eA Szomsz\u00e9d\u201c ist ein Ort, an dem man gut essen, trinken und sich unterhalten kann. Ein Ort, direkt nebenan, freundlich und vertraut empf\u00e4ngt und bietet gleichzeitig hochwertige Speisen, Getr\u00e4nke und erstklassigen Service f\u00fcr die G\u00e4ste.<\/p>\n\n<p>Das Bistro \u201eA Szomsz\u00e9d\u201c entstand als ein integriertes Konzept, in dem wir Platz f\u00fcr alles gefunden haben, was uns&nbsp; wirklich am Herzen liegt: hochwertige gastronomische Erlebnisse, Gastfreundschaft, Gemeinschaftsbildung und die Unterst\u00fctzung ungarischen Designs.<\/p>\n\n<figure class=\"wp-block-image size-large is-resized\"><img loading=\"lazy\" decoding=\"async\" width=\"700\" height=\"467\" src=\"https:\/\/szomszedbisztro.hu\/wp-content\/uploads\/2024\/09\/csoportkep9.5mb-1-700x467.jpg\" alt=\"\" class=\"wp-image-7487\" style=\"width:828px;height:auto\" srcset=\"https:\/\/szomszedbisztro.hu\/wp-content\/uploads\/2024\/09\/csoportkep9.5mb-1-700x467.jpg 700w, https:\/\/szomszedbisztro.hu\/wp-content\/uploads\/2024\/09\/csoportkep9.5mb-1-250x167.jpg 250w, https:\/\/szomszedbisztro.hu\/wp-content\/uploads\/2024\/09\/csoportkep9.5mb-1-768x512.jpg 768w, https:\/\/szomszedbisztro.hu\/wp-content\/uploads\/2024\/09\/csoportkep9.5mb-1-1536x1024.jpg 1536w, https:\/\/szomszedbisztro.hu\/wp-content\/uploads\/2024\/09\/csoportkep9.5mb-1-2048x1366.jpg 2048w, https:\/\/szomszedbisztro.hu\/wp-content\/uploads\/2024\/09\/csoportkep9.5mb-1-120x80.jpg 120w, https:\/\/szomszedbisztro.hu\/wp-content\/uploads\/2024\/09\/csoportkep9.5mb-1-247x165.jpg 247w, https:\/\/szomszedbisztro.hu\/wp-content\/uploads\/2024\/09\/csoportkep9.5mb-1-510x340.jpg 510w\" sizes=\"auto, (max-width: 700px) 100vw, 700px\" \/><\/figure>\n\n<div class=\"wp-block-columns is-layout-flex wp-container-core-columns-is-layout-2 wp-block-columns-is-layout-flex\"><div class=\"wp-block-column is-layout-flow wp-block-column-is-layout-flow\"><figure class=\"wp-block-image size-large\" data-aos=\"slide-right\" data-aos-duration=\"1000\" data-aos-once=\"true\"><img loading=\"lazy\" decoding=\"async\" width=\"700\" height=\"933\" src=\"https:\/\/szomszedbisztro.hu\/wp-content\/uploads\/2024\/04\/A_Szomszed_Bisztro_2024_03_26_3104-Edit-700x933.jpg\" alt=\"\" class=\"wp-image-6933\" srcset=\"https:\/\/szomszedbisztro.hu\/wp-content\/uploads\/2024\/04\/A_Szomszed_Bisztro_2024_03_26_3104-Edit-700x933.jpg 700w, https:\/\/szomszedbisztro.hu\/wp-content\/uploads\/2024\/04\/A_Szomszed_Bisztro_2024_03_26_3104-Edit-250x333.jpg 250w, https:\/\/szomszedbisztro.hu\/wp-content\/uploads\/2024\/04\/A_Szomszed_Bisztro_2024_03_26_3104-Edit-768x1024.jpg 768w, https:\/\/szomszedbisztro.hu\/wp-content\/uploads\/2024\/04\/A_Szomszed_Bisztro_2024_03_26_3104-Edit-1152x1536.jpg 1152w, https:\/\/szomszedbisztro.hu\/wp-content\/uploads\/2024\/04\/A_Szomszed_Bisztro_2024_03_26_3104-Edit-1536x2048.jpg 1536w, https:\/\/szomszedbisztro.hu\/wp-content\/uploads\/2024\/04\/A_Szomszed_Bisztro_2024_03_26_3104-Edit-120x160.jpg 120w, https:\/\/szomszedbisztro.hu\/wp-content\/uploads\/2024\/04\/A_Szomszed_Bisztro_2024_03_26_3104-Edit-247x329.jpg 247w, https:\/\/szomszedbisztro.hu\/wp-content\/uploads\/2024\/04\/A_Szomszed_Bisztro_2024_03_26_3104-Edit-510x680.jpg 510w, https:\/\/szomszedbisztro.hu\/wp-content\/uploads\/2024\/04\/A_Szomszed_Bisztro_2024_03_26_3104-Edit-scaled.jpg 1920w\" sizes=\"auto, (max-width: 700px) 100vw, 700px\" \/><\/figure><\/div>\n\n<div class=\"wp-block-column is-layout-flow wp-block-column-is-layout-flow\"><figure class=\"wp-block-image size-large\" data-aos=\"slide-left\" data-aos-delay=\"500\" data-aos-duration=\"1000\" data-aos-once=\"true\"><img loading=\"lazy\" decoding=\"async\" width=\"700\" height=\"933\" src=\"https:\/\/szomszedbisztro.hu\/wp-content\/uploads\/2024\/04\/A_Szomszed_Bisztro_2024_03_26_3163-Edit-700x933.jpg\" alt=\"\" class=\"wp-image-6925\" srcset=\"https:\/\/szomszedbisztro.hu\/wp-content\/uploads\/2024\/04\/A_Szomszed_Bisztro_2024_03_26_3163-Edit-700x933.jpg 700w, https:\/\/szomszedbisztro.hu\/wp-content\/uploads\/2024\/04\/A_Szomszed_Bisztro_2024_03_26_3163-Edit-250x333.jpg 250w, https:\/\/szomszedbisztro.hu\/wp-content\/uploads\/2024\/04\/A_Szomszed_Bisztro_2024_03_26_3163-Edit-768x1024.jpg 768w, https:\/\/szomszedbisztro.hu\/wp-content\/uploads\/2024\/04\/A_Szomszed_Bisztro_2024_03_26_3163-Edit-1152x1536.jpg 1152w, https:\/\/szomszedbisztro.hu\/wp-content\/uploads\/2024\/04\/A_Szomszed_Bisztro_2024_03_26_3163-Edit-1536x2048.jpg 1536w, https:\/\/szomszedbisztro.hu\/wp-content\/uploads\/2024\/04\/A_Szomszed_Bisztro_2024_03_26_3163-Edit-120x160.jpg 120w, https:\/\/szomszedbisztro.hu\/wp-content\/uploads\/2024\/04\/A_Szomszed_Bisztro_2024_03_26_3163-Edit-247x329.jpg 247w, https:\/\/szomszedbisztro.hu\/wp-content\/uploads\/2024\/04\/A_Szomszed_Bisztro_2024_03_26_3163-Edit-510x680.jpg 510w, https:\/\/szomszedbisztro.hu\/wp-content\/uploads\/2024\/04\/A_Szomszed_Bisztro_2024_03_26_3163-Edit-scaled.jpg 1920w\" sizes=\"auto, (max-width: 700px) 100vw, 700px\" \/><\/figure><\/div><\/div><\/div><\/div><div class=\"wp-block-cover is-light\"><span aria-hidden=\"true\" class=\"wp-block-cover__background has-background-dim-100 has-background-dim\" style=\"background-color:#f4f4f4\"><\/span><div class=\"wp-block-cover__inner-container is-layout-constrained wp-block-cover-is-layout-constrained\"><div class=\"wp-block-group is-layout-flow wp-block-group-is-layout-flow\" style=\"border-width:1px;margin-top:0;margin-bottom:0;padding-top:var(--wp--preset--spacing--30);padding-right:var(--wp--preset--spacing--30);padding-bottom:var(--wp--preset--spacing--30);padding-left:var(--wp--preset--spacing--30)\"><h2 class=\"wp-block-heading\" id=\"feliratkozas\">Newsletter<\/h2>\n\n<p>Abonniere unseren Newsletter um als Erster \u00fcber kommende Veranstaltungen und Gutscheinaktionen informiert zu werden!<\/p>\n\n                <div class=\"ml-embedded\" data-form=\"rvpOSN\"><\/div>\n            \n\n<hr class=\"wp-block-separator has-text-color has-black-color has-alpha-channel-opacity has-black-background-color has-background is-style-wide\"\/>\n\n<figure class=\"wp-block-image size-large\"><img decoding=\"async\" src=\"https:\/\/szomszedbisztro.hu\/wp-content\/uploads\/2021\/02\/szomszed-bisztro-debrecen-etel-kiszallitas-napolyi-kemences-pizza.jpg\" alt=\"\"\/><\/figure><\/div><\/div><\/div><div class=\"wp-block-cover is-light\"><span aria-hidden=\"true\" class=\"wp-block-cover__background has-white-background-color has-background-dim-100 has-background-dim\"><\/span><div class=\"wp-block-cover__inner-container is-layout-constrained wp-block-cover-is-layout-constrained\"><div class=\"wp-block-columns are-vertically-aligned-center is-layout-flex wp-container-core-columns-is-layout-3 wp-block-columns-is-layout-flex\"><div class=\"wp-block-column is-vertically-aligned-center is-layout-flow wp-block-column-is-layout-flow\" style=\"flex-basis:66.66%\"><h2 class=\"wp-block-heading\" style=\"text-transform:uppercase\">BISTRO \u201eSZOMSZ\u00c9D\u201c<\/h2><\/div>\n\n<div class=\"wp-block-column is-vertically-aligned-center is-layout-flow wp-block-column-is-layout-flow\" style=\"flex-basis:33.33%\"><div class=\"wp-block-buttons is-content-justification-right is-layout-flex wp-container-core-buttons-is-layout-2 wp-block-buttons-is-layout-flex\"><div class=\"wp-block-button is-style-outline is-style-outline--2\"><a class=\"wp-block-button__link wp-element-button\" href=\"https:\/\/szomszedbisztro.hu\/szomszed-bisztro\/\" style=\"border-radius:0px\">Weiter<\/a><\/div><\/div><\/div><\/div>\n\n<p><strong><em>Qualit\u00e4t ohne Kompromisse.<\/em><\/strong> Dieser Leitsatz f\u00fchrt uns im Alltag, und wir sind \u00fcberzeugt, dass nur dies zur uneingeschr\u00e4nkten Zufriedenheit unserer G\u00e4ste f\u00fchren kann. Wir w\u00e4hlen ausschlie\u00dflich Zutaten, von deren Frische und h\u00f6chster Qualit\u00e4t wir \u00fcberzeugt sind, arbeiten nur mit Kollegen zusammen, die unsere Leidenschaft f\u00fcr die Gastfreundschaft teilen, und kooperieren nur mit Partnern,&nbsp; die unsere Leidenschaft f\u00fcr die Suche nach Perfektion und deren Umsetzung teilen.<\/p>\n\n<p>So gelangen auf die Tische unserer G\u00e4ste hochwertige Speisen und Getr\u00e4nke, auf die wir alle stolz sein k\u00f6nnen und die ein echtes, harmonisches Geschmackserlebnis bieten.<\/p><\/div><\/div><div class=\"wp-block-cover is-light\"><span aria-hidden=\"true\" class=\"wp-block-cover__background has-white-background-color has-background-dim-100 has-background-dim\"><\/span><div class=\"wp-block-cover__inner-container is-layout-constrained wp-block-cover-is-layout-constrained\"><div class=\"wp-block-columns are-vertically-aligned-center is-layout-flex wp-container-core-columns-is-layout-4 wp-block-columns-is-layout-flex\"><div class=\"wp-block-column is-vertically-aligned-center is-layout-flow wp-block-column-is-layout-flow\" style=\"flex-basis:66.66%\"><h2 class=\"wp-block-heading\" style=\"text-transform:uppercase\">Gemeinschaftsplatz<\/h2><\/div>\n\n<div class=\"wp-block-column is-vertically-aligned-center is-layout-flow wp-block-column-is-layout-flow\" style=\"flex-basis:33.33%\"><div class=\"wp-block-buttons is-content-justification-right is-layout-flex wp-container-core-buttons-is-layout-3 wp-block-buttons-is-layout-flex\"><div class=\"wp-block-button is-style-outline is-style-outline--3\"><a class=\"wp-block-button__link wp-element-button\" href=\"https:\/\/szomszedbisztro.hu\/szomszed-kozossegi-ter\/\" style=\"border-radius:0px\">Waiter<\/a><\/div><\/div><\/div><\/div>\n\n<div class=\"wp-block-columns are-vertically-aligned-center is-layout-flex wp-container-core-columns-is-layout-5 wp-block-columns-is-layout-flex\"><div class=\"wp-block-column is-vertically-aligned-center is-layout-flow wp-block-column-is-layout-flow\" style=\"flex-basis:50%\"><p><strong><em>Von Anfang an hatten wir die Vorstellung, dass das Bistro \u201eA Szomsz\u00e9d\u201c ein lebendiger Ort der Gemeinschaft sein sollte,<\/em><\/strong> ein Ort, an dem jeder jederzeit vorbeikommen kann, sei es f\u00fcr einen schnellen Kafee oder ein ausf\u00fchrliches Gespr\u00e4ch bei einem k\u00f6stlichen Abendessen<\/p><\/div>\n\n<div class=\"wp-block-column is-vertically-aligned-center is-layout-flow wp-block-column-is-layout-flow\" style=\"flex-basis:50%\"><figure class=\"wp-block-image size-large\" data-aos=\"slide-left\" data-aos-duration=\"1000\" data-aos-once=\"true\"><img decoding=\"async\" src=\"https:\/\/szomszedbisztro.hu\/wp-content\/uploads\/2021\/07\/szomszed-bisztro-debrecen-etel-kiszallitas-szomszedxicons_1.jpg\" alt=\"\"\/><\/figure><\/div><\/div><\/div><\/div><div class=\"wp-block-cover is-light\"><span aria-hidden=\"true\" class=\"wp-block-cover__background has-background-dim-100 has-background-dim\" style=\"background-color:#f4f4f4\"><\/span><div class=\"wp-block-cover__inner-container is-layout-constrained wp-block-cover-is-layout-constrained\"><div class=\"wp-block-columns are-vertically-aligned-center is-layout-flex wp-container-core-columns-is-layout-6 wp-block-columns-is-layout-flex\"><div class=\"wp-block-column is-vertically-aligned-center kapcsolat-col is-layout-flow wp-block-column-is-layout-flow\" style=\"flex-basis:50%\"><h2 class=\"wp-block-heading\">Kontakt<\/h2>\n\n<p><strong>BISTRO UND GEMEINSCHAFTSRAUM \u201eA SZOMSZ\u00c9D\u201c<\/strong><br>4032 Debrecen, Akad\u00e9mia utca 96.<br><a href=\"mailto:rendezveny@szomszedbisztro.hu\" target=\"_blank\" rel=\"noreferrer noopener\">rendezveny@szomszedbisztro.hu<\/a><br><a href=\"mailto:info@szomszedbisztro.hu\"><u>info@szomszedbisztro.hu<\/u><\/a><\/p>\n\n<p><strong>+36 30 300 10 10<\/strong><\/p>\n\n\t<div class=\"social-icon-cont\">\n\t\t\t<a href=\"https:\/\/www.facebook.com\/szomszedbisztro\/\" title=\"Facebook profilunk\">\n\t\t\t<i class=\"lab la-facebook-f\"><\/i>\n\t\t<\/a>\n\t\t\t\t<a href=\"https:\/\/www.instagram.com\/szomszedbisztro\/\" title=\"Instagram profilunk\">\n\t\t\t<i class=\"lab la-instagram\"><\/i>\n\t\t<\/a>\n\t\t\t\t<a href=\"https:\/\/www.tiktok.com\/@szomszedbisztro\" title=\"TikTok profilunk\">\n\t\t\t<svg width=\"18\" height=\"18\" viewBox=\"0 0 24 24\" fill=\"none\" xmlns=\"http:\/\/www.w3.org\/2000\/svg\">\n\t\t\t\t\t<path d=\"M17.0725 0H13.0278V16.3478C13.0278 18.2957 11.4722 19.8957 9.53626 19.8957C7.60034 19.8957 6.04469 18.2957 6.04469 16.3478C6.04469 14.4348 7.56577 12.8695 9.43257 12.8V8.69567C5.31872 8.7652 2 12.1391 2 16.3478C2 20.5913 5.38786 24 9.57085 24C13.7538 24 17.1416 20.5565 17.1416 16.3478V7.9652C18.6627 9.07827 20.5295 9.73913 22.5 9.77393V5.66957C19.4579 5.56522 17.0725 3.06087 17.0725 0Z\" fill=\"white\"\/>\n\t\t\t<\/svg>                      \n\t\t<\/a>\n\t\t\t\t<a href=\"https:\/\/www.tripadvisor.com\/Restaurant_Review-g274890-d23405055-Reviews-Szomszed_Bisztro_Es_Kozossegi_Ter-Debrecen_Hajdu_Bihar_County_Northern_Great_Pla.html\" title=\"Tripadvisor\">\n\t\t<i class=\"lab la-tripadvisor\"><\/i>                    \n\t<\/a>\t\n\t\t<\/div>\n\t\n\n<p><strong>\u00d6ffnungszeiten<\/strong>:<\/p>\n\n<p>Montag: GESCHLOSSEN<br>Dienstag-Donnerstag: 11:00-21:30<br>Freitag: 11:00-22:00<br>Samstag: 11:00-22:00<br>Sonntag: GESCHLOSSEN<\/p>\n\n<p><strong>Bestellungen f\u00fcr Essen:<br>T\u00e4glich bis 21:00 Uhr<\/strong><\/p><\/div>\n\n<div class=\"wp-block-column is-vertically-aligned-center is-layout-flow wp-block-column-is-layout-flow\" style=\"flex-basis:50%\"><figure class=\"wp-block-image size-large\" data-aos=\"fade\" data-aos-delay=\"500\" data-aos-duration=\"1000\" data-aos-once=\"true\"><a href=\"https:\/\/www.google.com\/maps\/place\/Szomsz%C3%A9d+Bisztr%C3%B3\/@47.547631,21.59718,14z\/data=!4m5!3m4!1s0x0:0x545f3e76e92a54d5!8m2!3d47.5476314!4d21.5971801?hl=hu\" target=\"_blank\" rel=\"noreferrer noopener\"><img decoding=\"async\" src=\"https:\/\/szomszedbisztro.hu\/wp-content\/uploads\/2021\/03\/szomszed-bisztro-debrecen-etel-kiszallitas-terkep2.jpg\" alt=\"\"\/><\/a><\/figure><\/div><\/div><\/div><\/div>","protected":false},"excerpt":{"rendered":"","protected":false},"author":6,"featured_media":0,"parent":0,"menu_order":0,"comment_status":"closed","ping_status":"closed","template":"","meta":{"wp_popup_display_lightbox":0,"wp_popup_suppress":"","wp_popup_trigger":"","wp_popup_trigger_amount":0,"wp_popup_disable_on_mobile":false,"footnotes":""},"class_list":["post-7700","page","type-page","status-publish","hentry"],"_links":{"self":[{"href":"https:\/\/szomszedbisztro.hu\/de\/wp-json\/wp\/v2\/pages\/7700","targetHints":{"allow":["GET"]}}],"collection":[{"href":"https:\/\/szomszedbisztro.hu\/de\/wp-json\/wp\/v2\/pages"}],"about":[{"href":"https:\/\/szomszedbisztro.hu\/de\/wp-json\/wp\/v2\/types\/page"}],"author":[{"embeddable":true,"href":"https:\/\/szomszedbisztro.hu\/de\/wp-json\/wp\/v2\/users\/6"}],"replies":[{"embeddable":true,"href":"https:\/\/szomszedbisztro.hu\/de\/wp-json\/wp\/v2\/comments?post=7700"}],"version-history":[{"count":2,"href":"https:\/\/szomszedbisztro.hu\/de\/wp-json\/wp\/v2\/pages\/7700\/revisions"}],"predecessor-version":[{"id":7871,"href":"https:\/\/szomszedbisztro.hu\/de\/wp-json\/wp\/v2\/pages\/7700\/revisions\/7871"}],"wp:attachment":[{"href":"https:\/\/szomszedbisztro.hu\/de\/wp-json\/wp\/v2\/media?parent=7700"}],"curies":[{"name":"wp","href":"https:\/\/api.w.org\/{rel}","templated":true}]}}